{"id":17426,"date":"2013-10-09T15:51:04","date_gmt":"2013-10-09T13:51:04","guid":{"rendered":"https:\/\/www.kokora.cat\/?post_type=product&#038;p=17426"},"modified":"2025-12-29T18:42:34","modified_gmt":"2025-12-29T16:42:34","slug":"pendiente-alba","status":"publish","type":"product","link":"https:\/\/www.kokora.cat\/es\/producte\/pendiente-alba\/","title":{"rendered":"Pendiente Alba"},"content":{"rendered":"<p><em><strong>&#8216;Un pendiente que aporta calidez y estilo con naturalidad&#8217;<\/strong><\/em><\/p>\n<p>&nbsp;<\/p>\n<p><strong>Pieza \u00fanica<\/strong><\/p>\n<p>&nbsp;<\/p>\n<p><strong>Alba<\/strong> destaca por su sencillez sofisticada y un toque de color intenso que atrapa todas las miradas. Confeccionada con <strong>acero inoxidable dorado<\/strong> y <strong>piel sint\u00e9tica en un tono rojo elegante<\/strong>, juega con la forma redonda para crear armon\u00eda y luz en el rostro. Su tama\u00f1o c\u00f3modo permite llevarla f\u00e1cilmente con cualquier prenda, incluso con cuellos altos, haci\u00e9ndola perfecta para el d\u00eda a d\u00eda o para dar personalidad a un look m\u00e1s especial.<\/p>\n","protected":false},"excerpt":{"rendered":"<p>&#8216;Un pendiente que aporta calidez y estilo con naturalidad&#8217; &nbsp; Pieza \u00fanica &nbsp; Alba destaca por su sencillez sofisticada y un toque de color intenso que atrapa todas las miradas. Confeccionada con acero inoxidable dorado y piel sint\u00e9tica en un tono rojo elegante, juega con&hellip; <a class=\"continue\" href=\"https:\/\/www.kokora.cat\/es\/producte\/pendiente-alba\/\">CONTINUAR >><span> Pendiente Alba<\/span><\/a><\/p>\n","protected":false},"featured_media":15615,"template":"","meta":{"_joinchat":[]},"product_brand":[],"product_cat":[138],"product_tag":[],"class_list":{"0":"post-17426","1":"product","2":"type-product","3":"status-publish","4":"has-post-thumbnail","6":"product_cat-korajewelry","8":"first","9":"instock","10":"taxable","11":"shipping-taxable","12":"purchasable","13":"product-type-simple"},"_links":{"self":[{"href":"https:\/\/www.kokora.cat\/es\/wp-json\/wp\/v2\/product\/17426","targetHints":{"allow":["GET"]}}],"collection":[{"href":"https:\/\/www.kokora.cat\/es\/wp-json\/wp\/v2\/product"}],"about":[{"href":"https:\/\/www.kokora.cat\/es\/wp-json\/wp\/v2\/types\/product"}],"wp:featuredmedia":[{"embeddable":true,"href":"https:\/\/www.kokora.cat\/es\/wp-json\/wp\/v2\/media\/15615"}],"wp:attachment":[{"href":"https:\/\/www.kokora.cat\/es\/wp-json\/wp\/v2\/media?parent=17426"}],"wp:term":[{"taxonomy":"product_brand","embeddable":true,"href":"https:\/\/www.kokora.cat\/es\/wp-json\/wp\/v2\/product_brand?post=17426"},{"taxonomy":"product_cat","embeddable":true,"href":"https:\/\/www.kokora.cat\/es\/wp-json\/wp\/v2\/product_cat?post=17426"},{"taxonomy":"product_tag","embeddable":true,"href":"https:\/\/www.kokora.cat\/es\/wp-json\/wp\/v2\/product_tag?post=17426"}],"curies":[{"name":"wp","href":"https:\/\/api.w.org\/{rel}","templated":true}]}}