{"id":17425,"date":"2025-10-29T13:57:07","date_gmt":"2025-10-29T11:57:07","guid":{"rendered":"https:\/\/www.kokora.cat\/?post_type=product&#038;p=17425"},"modified":"2025-12-29T18:41:32","modified_gmt":"2025-12-29T16:41:32","slug":"pendiente-bruna","status":"publish","type":"product","link":"https:\/\/www.kokora.cat\/es\/producte\/pendiente-bruna\/","title":{"rendered":"Pendiente Bruna"},"content":{"rendered":"<p><em><strong>&#8216;Un pendiente que transmite autenticidad con elegancia&#8217;<\/strong><\/em><\/p>\n<p>&nbsp;<\/p>\n<p><strong>Pieza \u00fanica<\/strong><\/p>\n<p>&nbsp;<\/p>\n<p><strong>Bruna<\/strong> combina naturalidad y car\u00e1cter en una pieza \u00fanica. Con un <strong>cierre estilo africano\/catal\u00e1n<\/strong> de <strong>rodio<\/strong> y <strong>cristal<\/strong>. La parte m\u00e1s art\u00edstica est\u00e1 hecha con una <strong>base redonda de material reciclado<\/strong> en tonos tierra, verde y negro que destaca por su armon\u00eda y singularidad. El acabado en color oro le da calidez y luz, haci\u00e9ndola un pendiente especial y diferente. Ligera y muy c\u00f3moda de llevar, es ideal para dar un toque distintivo y personal a cualquier estilo.<\/p>\n","protected":false},"excerpt":{"rendered":"<p>&#8216;Un pendiente que transmite autenticidad con elegancia&#8217; &nbsp; Pieza \u00fanica &nbsp; Bruna combina naturalidad y car\u00e1cter en una pieza \u00fanica. Con un cierre estilo africano\/catal\u00e1n de rodio y cristal. La parte m\u00e1s art\u00edstica est\u00e1 hecha con una base redonda de material reciclado en tonos tierra,&hellip; <a class=\"continue\" href=\"https:\/\/www.kokora.cat\/es\/producte\/pendiente-bruna\/\">CONTINUAR >><span> Pendiente Bruna<\/span><\/a><\/p>\n","protected":false},"featured_media":15617,"template":"","meta":{"_joinchat":[]},"product_brand":[],"product_cat":[138],"product_tag":[],"class_list":{"0":"post-17425","1":"product","2":"type-product","3":"status-publish","4":"has-post-thumbnail","6":"product_cat-korajewelry","8":"first","9":"instock","10":"taxable","11":"shipping-taxable","12":"purchasable","13":"product-type-simple"},"_links":{"self":[{"href":"https:\/\/www.kokora.cat\/es\/wp-json\/wp\/v2\/product\/17425","targetHints":{"allow":["GET"]}}],"collection":[{"href":"https:\/\/www.kokora.cat\/es\/wp-json\/wp\/v2\/product"}],"about":[{"href":"https:\/\/www.kokora.cat\/es\/wp-json\/wp\/v2\/types\/product"}],"wp:featuredmedia":[{"embeddable":true,"href":"https:\/\/www.kokora.cat\/es\/wp-json\/wp\/v2\/media\/15617"}],"wp:attachment":[{"href":"https:\/\/www.kokora.cat\/es\/wp-json\/wp\/v2\/media?parent=17425"}],"wp:term":[{"taxonomy":"product_brand","embeddable":true,"href":"https:\/\/www.kokora.cat\/es\/wp-json\/wp\/v2\/product_brand?post=17425"},{"taxonomy":"product_cat","embeddable":true,"href":"https:\/\/www.kokora.cat\/es\/wp-json\/wp\/v2\/product_cat?post=17425"},{"taxonomy":"product_tag","embeddable":true,"href":"https:\/\/www.kokora.cat\/es\/wp-json\/wp\/v2\/product_tag?post=17425"}],"curies":[{"name":"wp","href":"https:\/\/api.w.org\/{rel}","templated":true}]}}