{"id":17423,"date":"2025-10-29T14:03:06","date_gmt":"2025-10-29T12:03:06","guid":{"rendered":"https:\/\/www.kokora.cat\/?post_type=product&#038;p=17423"},"modified":"2025-12-29T18:35:13","modified_gmt":"2025-12-29T16:35:13","slug":"pendiente-claudia","status":"publish","type":"product","link":"https:\/\/www.kokora.cat\/es\/producte\/pendiente-claudia\/","title":{"rendered":"Pendiente Claudia"},"content":{"rendered":"<p><em><strong>&#8216;Un pendiente que danza con la luz y capta todas las miradas&#8217;<\/strong><\/em><\/p>\n<p>&nbsp;<\/p>\n<p><strong>Pieza \u00fanica<\/strong><\/p>\n<p>&nbsp;<\/p>\n<p>El pendiente <strong>Claudia<\/strong> juega con el movimiento y la luz para crear una pieza con presencia y equilibrio. Elaborada con <strong>acero inoxidable<\/strong> y <strong>diversos c\u00edrculos colgantes en color plata<\/strong>, descansa sobre una base de <strong>piel sint\u00e9tica verde oliva<\/strong> con una <strong>pincelada plateada<\/strong> que le da un toque art\u00edstico y sofisticado.<\/p>\n<p>&nbsp;<\/p>\n<p>El <strong>cierre tipo gancho<\/strong> la hace f\u00e1cil y c\u00f3moda de llevar, convirti\u00e9ndola en un pendiente vers\u00e1til que combina sutileza y personalidad.<\/p>\n","protected":false},"excerpt":{"rendered":"<p>&#8216;Un pendiente que danza con la luz y capta todas las miradas&#8217; &nbsp; Pieza \u00fanica &nbsp; El pendiente Claudia juega con el movimiento y la luz para crear una pieza con presencia y equilibrio. Elaborada con acero inoxidable y diversos c\u00edrculos colgantes en color plata,&hellip; <a class=\"continue\" href=\"https:\/\/www.kokora.cat\/es\/producte\/pendiente-claudia\/\">CONTINUAR >><span> Pendiente Claudia<\/span><\/a><\/p>\n","protected":false},"featured_media":15624,"template":"","meta":{"_joinchat":[]},"product_brand":[],"product_cat":[138],"product_tag":[],"class_list":{"0":"post-17423","1":"product","2":"type-product","3":"status-publish","4":"has-post-thumbnail","6":"product_cat-korajewelry","8":"first","9":"instock","10":"taxable","11":"shipping-taxable","12":"purchasable","13":"product-type-simple"},"_links":{"self":[{"href":"https:\/\/www.kokora.cat\/es\/wp-json\/wp\/v2\/product\/17423","targetHints":{"allow":["GET"]}}],"collection":[{"href":"https:\/\/www.kokora.cat\/es\/wp-json\/wp\/v2\/product"}],"about":[{"href":"https:\/\/www.kokora.cat\/es\/wp-json\/wp\/v2\/types\/product"}],"wp:featuredmedia":[{"embeddable":true,"href":"https:\/\/www.kokora.cat\/es\/wp-json\/wp\/v2\/media\/15624"}],"wp:attachment":[{"href":"https:\/\/www.kokora.cat\/es\/wp-json\/wp\/v2\/media?parent=17423"}],"wp:term":[{"taxonomy":"product_brand","embeddable":true,"href":"https:\/\/www.kokora.cat\/es\/wp-json\/wp\/v2\/product_brand?post=17423"},{"taxonomy":"product_cat","embeddable":true,"href":"https:\/\/www.kokora.cat\/es\/wp-json\/wp\/v2\/product_cat?post=17423"},{"taxonomy":"product_tag","embeddable":true,"href":"https:\/\/www.kokora.cat\/es\/wp-json\/wp\/v2\/product_tag?post=17423"}],"curies":[{"name":"wp","href":"https:\/\/api.w.org\/{rel}","templated":true}]}}