{"id":17422,"date":"2025-10-29T14:10:34","date_gmt":"2025-10-29T12:10:34","guid":{"rendered":"https:\/\/www.kokora.cat\/?post_type=product&#038;p=17422"},"modified":"2025-12-29T18:34:17","modified_gmt":"2025-12-29T16:34:17","slug":"pendiente-cristina","status":"publish","type":"product","link":"https:\/\/www.kokora.cat\/es\/producte\/pendiente-cristina\/","title":{"rendered":"Pendiente Cristina"},"content":{"rendered":"<p><em><strong>&#8216;Una joya con personalidad propia, perfecta para destacar sin esfuerzo&#8217;<\/strong><\/em><\/p>\n<p>&nbsp;<\/p>\n<p><strong>Pieza \u00fanica<\/strong><\/p>\n<p>&nbsp;<\/p>\n<p>Inspirada en las formas suaves y org\u00e1nicas de los p\u00e9talos, la <strong>Duna<\/strong> fusiona delicadeza e identidad artesanal. Elaborada con <strong>acero inoxidable<\/strong> y <strong>piel sint\u00e9tica<\/strong> con <strong>impresi\u00f3n floral<\/strong>, ofrece una sutil y elegante presencia.<\/p>\n<p>&nbsp;<\/p>\n<p>Gracias a su ligereza y comodidad, es perfecta para darle un toque distintivo a cualquier conjunto.<\/p>\n","protected":false},"excerpt":{"rendered":"<p>&#8216;Una joya con personalidad propia, perfecta para destacar sin esfuerzo&#8217; &nbsp; Pieza \u00fanica &nbsp; Inspirada en las formas suaves y org\u00e1nicas de los p\u00e9talos, la Duna fusiona delicadeza e identidad artesanal. Elaborada con acero inoxidable y piel sint\u00e9tica con impresi\u00f3n floral, ofrece una sutil y&hellip; <a class=\"continue\" href=\"https:\/\/www.kokora.cat\/es\/producte\/pendiente-cristina\/\">CONTINUAR >><span> Pendiente Cristina<\/span><\/a><\/p>\n","protected":false},"featured_media":15628,"template":"","meta":{"_joinchat":[]},"product_brand":[],"product_cat":[138],"product_tag":[],"class_list":{"0":"post-17422","1":"product","2":"type-product","3":"status-publish","4":"has-post-thumbnail","6":"product_cat-korajewelry","8":"first","9":"instock","10":"taxable","11":"shipping-taxable","12":"purchasable","13":"product-type-simple"},"_links":{"self":[{"href":"https:\/\/www.kokora.cat\/es\/wp-json\/wp\/v2\/product\/17422","targetHints":{"allow":["GET"]}}],"collection":[{"href":"https:\/\/www.kokora.cat\/es\/wp-json\/wp\/v2\/product"}],"about":[{"href":"https:\/\/www.kokora.cat\/es\/wp-json\/wp\/v2\/types\/product"}],"wp:featuredmedia":[{"embeddable":true,"href":"https:\/\/www.kokora.cat\/es\/wp-json\/wp\/v2\/media\/15628"}],"wp:attachment":[{"href":"https:\/\/www.kokora.cat\/es\/wp-json\/wp\/v2\/media?parent=17422"}],"wp:term":[{"taxonomy":"product_brand","embeddable":true,"href":"https:\/\/www.kokora.cat\/es\/wp-json\/wp\/v2\/product_brand?post=17422"},{"taxonomy":"product_cat","embeddable":true,"href":"https:\/\/www.kokora.cat\/es\/wp-json\/wp\/v2\/product_cat?post=17422"},{"taxonomy":"product_tag","embeddable":true,"href":"https:\/\/www.kokora.cat\/es\/wp-json\/wp\/v2\/product_tag?post=17422"}],"curies":[{"name":"wp","href":"https:\/\/api.w.org\/{rel}","templated":true}]}}