{"id":17421,"date":"2025-10-30T14:01:29","date_gmt":"2025-10-30T12:01:29","guid":{"rendered":"https:\/\/www.kokora.cat\/?post_type=product&#038;p=17421"},"modified":"2025-12-29T18:32:50","modified_gmt":"2025-12-29T16:32:50","slug":"pendiente-duna","status":"publish","type":"product","link":"https:\/\/www.kokora.cat\/es\/producte\/pendiente-duna\/","title":{"rendered":"Pendiente Duna"},"content":{"rendered":"<p><em><strong>&#8216;Una pieza vers\u00e1til que celebra la belleza de los peque\u00f1os detalles&#8217;<\/strong><\/em><\/p>\n<p>&nbsp;<\/p>\n<p><strong>Pieza \u00fanica<\/strong><\/p>\n<p>&nbsp;<\/p>\n<p>inspirada en las formas suaves y org\u00e1nicas de los p\u00e9talos, la <strong>Duna<\/strong> fusiona delicadeza e identidad artesanal. Elaborada con <strong>acero inoxidable<\/strong> y <strong>piel sint\u00e9tica<\/strong> con <strong>impresi\u00f3n floral<\/strong>, ofrece una sutil y elegante presencia. Gracias a su ligereza y comodidad, es perfecta para darle un toque distintivo a cualquier conjunto.<\/p>\n","protected":false},"excerpt":{"rendered":"<p>&#8216;Una pieza vers\u00e1til que celebra la belleza de los peque\u00f1os detalles&#8217; &nbsp; Pieza \u00fanica &nbsp; inspirada en las formas suaves y org\u00e1nicas de los p\u00e9talos, la Duna fusiona delicadeza e identidad artesanal. Elaborada con acero inoxidable y piel sint\u00e9tica con impresi\u00f3n floral, ofrece una sutil&hellip; <a class=\"continue\" href=\"https:\/\/www.kokora.cat\/es\/producte\/pendiente-duna\/\">CONTINUAR >><span> Pendiente Duna<\/span><\/a><\/p>\n","protected":false},"featured_media":15632,"template":"","meta":{"_joinchat":[]},"product_brand":[],"product_cat":[138],"product_tag":[],"class_list":{"0":"post-17421","1":"product","2":"type-product","3":"status-publish","4":"has-post-thumbnail","6":"product_cat-korajewelry","8":"first","9":"instock","10":"taxable","11":"shipping-taxable","12":"purchasable","13":"product-type-simple"},"_links":{"self":[{"href":"https:\/\/www.kokora.cat\/es\/wp-json\/wp\/v2\/product\/17421","targetHints":{"allow":["GET"]}}],"collection":[{"href":"https:\/\/www.kokora.cat\/es\/wp-json\/wp\/v2\/product"}],"about":[{"href":"https:\/\/www.kokora.cat\/es\/wp-json\/wp\/v2\/types\/product"}],"wp:featuredmedia":[{"embeddable":true,"href":"https:\/\/www.kokora.cat\/es\/wp-json\/wp\/v2\/media\/15632"}],"wp:attachment":[{"href":"https:\/\/www.kokora.cat\/es\/wp-json\/wp\/v2\/media?parent=17421"}],"wp:term":[{"taxonomy":"product_brand","embeddable":true,"href":"https:\/\/www.kokora.cat\/es\/wp-json\/wp\/v2\/product_brand?post=17421"},{"taxonomy":"product_cat","embeddable":true,"href":"https:\/\/www.kokora.cat\/es\/wp-json\/wp\/v2\/product_cat?post=17421"},{"taxonomy":"product_tag","embeddable":true,"href":"https:\/\/www.kokora.cat\/es\/wp-json\/wp\/v2\/product_tag?post=17421"}],"curies":[{"name":"wp","href":"https:\/\/api.w.org\/{rel}","templated":true}]}}