{"id":17418,"date":"2025-10-30T16:35:52","date_gmt":"2025-10-30T14:35:52","guid":{"rendered":"https:\/\/www.kokora.cat\/?post_type=product&#038;p=17418"},"modified":"2025-12-29T18:29:03","modified_gmt":"2025-12-29T16:29:03","slug":"pendiente-lua","status":"publish","type":"product","link":"https:\/\/www.kokora.cat\/es\/producte\/pendiente-lua\/","title":{"rendered":"Pendiente L\u00faa"},"content":{"rendered":"<p><em><strong>&#8216;Un pendiente que respira armon\u00eda y personalidad&#8217;<\/strong><\/em><\/p>\n<p>&nbsp;<\/p>\n<p><strong>Pieza \u00fanica<\/strong><\/p>\n<p>&nbsp;<\/p>\n<p>El pendiente <strong>L\u00faa<\/strong> es una pieza delicada y elegante que juega con las formas org\u00e1nicas para crear equilibrio y movimiento. Presenta un <strong>cierre catal\u00e1n<\/strong> de <strong>radio y cristal<\/strong> y una <strong>base en forma de l\u00e1grima invertida<\/strong>, elaborada con piel sint\u00e9tica en dos tonos tierra \u2014marr\u00f3n y beige\u2014 que aportan calidez y sutileza.<\/p>\n<p>&nbsp;<\/p>\n<p>Su ligereza y comodidad la convierten en un pendiente vers\u00e1til y original, perfecto para dar un toque natural y refinado a cualquier estilo.<\/p>\n","protected":false},"excerpt":{"rendered":"<p>&#8216;Un pendiente que respira armon\u00eda y personalidad&#8217; &nbsp; Pieza \u00fanica &nbsp; El pendiente L\u00faa es una pieza delicada y elegante que juega con las formas org\u00e1nicas para crear equilibrio y movimiento. Presenta un cierre catal\u00e1n de radio y cristal y una base en forma de&hellip; <a class=\"continue\" href=\"https:\/\/www.kokora.cat\/es\/producte\/pendiente-lua\/\">CONTINUAR >><span> Pendiente L\u00faa<\/span><\/a><\/p>\n","protected":false},"featured_media":15643,"template":"","meta":{"_joinchat":[]},"product_brand":[],"product_cat":[138],"product_tag":[],"class_list":{"0":"post-17418","1":"product","2":"type-product","3":"status-publish","4":"has-post-thumbnail","6":"product_cat-korajewelry","8":"first","9":"instock","10":"taxable","11":"shipping-taxable","12":"purchasable","13":"product-type-simple"},"_links":{"self":[{"href":"https:\/\/www.kokora.cat\/es\/wp-json\/wp\/v2\/product\/17418","targetHints":{"allow":["GET"]}}],"collection":[{"href":"https:\/\/www.kokora.cat\/es\/wp-json\/wp\/v2\/product"}],"about":[{"href":"https:\/\/www.kokora.cat\/es\/wp-json\/wp\/v2\/types\/product"}],"wp:featuredmedia":[{"embeddable":true,"href":"https:\/\/www.kokora.cat\/es\/wp-json\/wp\/v2\/media\/15643"}],"wp:attachment":[{"href":"https:\/\/www.kokora.cat\/es\/wp-json\/wp\/v2\/media?parent=17418"}],"wp:term":[{"taxonomy":"product_brand","embeddable":true,"href":"https:\/\/www.kokora.cat\/es\/wp-json\/wp\/v2\/product_brand?post=17418"},{"taxonomy":"product_cat","embeddable":true,"href":"https:\/\/www.kokora.cat\/es\/wp-json\/wp\/v2\/product_cat?post=17418"},{"taxonomy":"product_tag","embeddable":true,"href":"https:\/\/www.kokora.cat\/es\/wp-json\/wp\/v2\/product_tag?post=17418"}],"curies":[{"name":"wp","href":"https:\/\/api.w.org\/{rel}","templated":true}]}}