{"id":17416,"date":"2025-10-30T16:42:26","date_gmt":"2025-10-30T14:42:26","guid":{"rendered":"https:\/\/www.kokora.cat\/?post_type=product&#038;p=17416"},"modified":"2025-12-29T18:26:32","modified_gmt":"2025-12-29T16:26:32","slug":"pendiente-mar","status":"publish","type":"product","link":"https:\/\/www.kokora.cat\/es\/producte\/pendiente-mar\/","title":{"rendered":"Pendiente Mar"},"content":{"rendered":"<p><em><strong>&#8216;Un pendiente que evoca la calma y la fuerza del mar&#8217;<\/strong><\/em><\/p>\n<p>&nbsp;<\/p>\n<p><strong>Pieza \u00fanica<\/strong><\/p>\n<p>&nbsp;<\/p>\n<p>El pendiente <strong>Mar<\/strong> se inspira en el movimiento suave y libre de las olas, convirti\u00e9ndolo en una pieza con car\u00e1cter propio. Confeccionada con <strong>acero inoxidable<\/strong> y <strong>dos piezas de piel sint\u00e9tica<\/strong> una de ellas con detalles en azul, transmite frescura y ligereza visual.<\/p>\n<p>&nbsp;<\/p>\n<p>El <strong>cierre tipo romana<\/strong> aporta comodidad y seguridad, haci\u00e9ndola ideal para acompa\u00f1arte tanto en el d\u00eda a d\u00eda como en momentos especiales.<\/p>\n","protected":false},"excerpt":{"rendered":"<p>&#8216;Un pendiente que evoca la calma y la fuerza del mar&#8217; &nbsp; Pieza \u00fanica &nbsp; El pendiente Mar se inspira en el movimiento suave y libre de las olas, convirti\u00e9ndolo en una pieza con car\u00e1cter propio. Confeccionada con acero inoxidable y dos piezas de piel&hellip; <a class=\"continue\" href=\"https:\/\/www.kokora.cat\/es\/producte\/pendiente-mar\/\">CONTINUAR >><span> Pendiente Mar<\/span><\/a><\/p>\n","protected":false},"featured_media":15646,"template":"","meta":{"_joinchat":[]},"product_brand":[],"product_cat":[138],"product_tag":[],"class_list":{"0":"post-17416","1":"product","2":"type-product","3":"status-publish","4":"has-post-thumbnail","6":"product_cat-korajewelry","8":"first","9":"instock","10":"taxable","11":"shipping-taxable","12":"purchasable","13":"product-type-simple"},"_links":{"self":[{"href":"https:\/\/www.kokora.cat\/es\/wp-json\/wp\/v2\/product\/17416","targetHints":{"allow":["GET"]}}],"collection":[{"href":"https:\/\/www.kokora.cat\/es\/wp-json\/wp\/v2\/product"}],"about":[{"href":"https:\/\/www.kokora.cat\/es\/wp-json\/wp\/v2\/types\/product"}],"wp:featuredmedia":[{"embeddable":true,"href":"https:\/\/www.kokora.cat\/es\/wp-json\/wp\/v2\/media\/15646"}],"wp:attachment":[{"href":"https:\/\/www.kokora.cat\/es\/wp-json\/wp\/v2\/media?parent=17416"}],"wp:term":[{"taxonomy":"product_brand","embeddable":true,"href":"https:\/\/www.kokora.cat\/es\/wp-json\/wp\/v2\/product_brand?post=17416"},{"taxonomy":"product_cat","embeddable":true,"href":"https:\/\/www.kokora.cat\/es\/wp-json\/wp\/v2\/product_cat?post=17416"},{"taxonomy":"product_tag","embeddable":true,"href":"https:\/\/www.kokora.cat\/es\/wp-json\/wp\/v2\/product_tag?post=17416"}],"curies":[{"name":"wp","href":"https:\/\/api.w.org\/{rel}","templated":true}]}}