{"id":17414,"date":"2025-10-30T18:01:04","date_gmt":"2025-10-30T16:01:04","guid":{"rendered":"https:\/\/www.kokora.cat\/?post_type=product&#038;p=17414"},"modified":"2025-12-29T18:24:37","modified_gmt":"2025-12-29T16:24:37","slug":"pendiente-nu","status":"publish","type":"product","link":"https:\/\/www.kokora.cat\/es\/producte\/pendiente-nu\/","title":{"rendered":"Pendiente N\u00fa"},"content":{"rendered":"<p><em><strong>&#8216;Un pendiente \u00fanico que fusiona naturaleza y estilo con elegancia&#8217;<\/strong><\/em><\/p>\n<p>&nbsp;<\/p>\n<p><strong>Pieza \u00fanica<\/strong><\/p>\n<p>&nbsp;<\/p>\n<p>La <strong>N\u00fa<\/strong> es una prenda con car\u00e1cter y profundidad, que juega con los contrastes naturales y la luz. Elaborada con <strong>acero inoxidable en color plata<\/strong> y una <strong>base de material reciclado<\/strong> en tonos marr\u00f3n, verde, negro y transparencias, ofrece una combinaci\u00f3n arm\u00f3nica y singular.<\/p>\n<p>&nbsp;<\/p>\n<p>El <strong>detalle en forma de c\u00edrculo negro de piel<\/strong> aporta bastante visual y equilibrio, mientras que el <strong>cierre tipo romana<\/strong> garantiza comodidad y ligereza.<\/p>\n","protected":false},"excerpt":{"rendered":"<p>&#8216;Un pendiente \u00fanico que fusiona naturaleza y estilo con elegancia&#8217; &nbsp; Pieza \u00fanica &nbsp; La N\u00fa es una prenda con car\u00e1cter y profundidad, que juega con los contrastes naturales y la luz. Elaborada con acero inoxidable en color plata y una base de material reciclado&hellip; <a class=\"continue\" href=\"https:\/\/www.kokora.cat\/es\/producte\/pendiente-nu\/\">CONTINUAR >><span> Pendiente N\u00fa<\/span><\/a><\/p>\n","protected":false},"featured_media":15655,"template":"","meta":{"_joinchat":[]},"product_brand":[],"product_cat":[138],"product_tag":[],"class_list":{"0":"post-17414","1":"product","2":"type-product","3":"status-publish","4":"has-post-thumbnail","6":"product_cat-korajewelry","8":"first","9":"instock","10":"taxable","11":"shipping-taxable","12":"purchasable","13":"product-type-simple"},"_links":{"self":[{"href":"https:\/\/www.kokora.cat\/es\/wp-json\/wp\/v2\/product\/17414","targetHints":{"allow":["GET"]}}],"collection":[{"href":"https:\/\/www.kokora.cat\/es\/wp-json\/wp\/v2\/product"}],"about":[{"href":"https:\/\/www.kokora.cat\/es\/wp-json\/wp\/v2\/types\/product"}],"wp:featuredmedia":[{"embeddable":true,"href":"https:\/\/www.kokora.cat\/es\/wp-json\/wp\/v2\/media\/15655"}],"wp:attachment":[{"href":"https:\/\/www.kokora.cat\/es\/wp-json\/wp\/v2\/media?parent=17414"}],"wp:term":[{"taxonomy":"product_brand","embeddable":true,"href":"https:\/\/www.kokora.cat\/es\/wp-json\/wp\/v2\/product_brand?post=17414"},{"taxonomy":"product_cat","embeddable":true,"href":"https:\/\/www.kokora.cat\/es\/wp-json\/wp\/v2\/product_cat?post=17414"},{"taxonomy":"product_tag","embeddable":true,"href":"https:\/\/www.kokora.cat\/es\/wp-json\/wp\/v2\/product_tag?post=17414"}],"curies":[{"name":"wp","href":"https:\/\/api.w.org\/{rel}","templated":true}]}}