{"id":17412,"date":"2025-11-05T11:05:05","date_gmt":"2025-11-05T09:05:05","guid":{"rendered":"https:\/\/www.kokora.cat\/?post_type=product&#038;p=17412"},"modified":"2025-12-29T17:03:30","modified_gmt":"2025-12-29T15:03:30","slug":"bolsa-de-pan-herramientas","status":"publish","type":"product","link":"https:\/\/www.kokora.cat\/es\/producte\/bolsa-de-pan-herramientas\/","title":{"rendered":"Bolsa de pan Herramientas"},"content":{"rendered":"<p><em><strong>&#8216;Una pieza \u00fanica para quienes aman la autenticidad incluso en la mesa&#8217;<\/strong><\/em><\/p>\n<p>&nbsp;<\/p>\n<p>El lino, por su transpirabilidad natural, ayuda a mantener el pan fresco y h\u00famedo durante m\u00e1s tiempo, evitando el moho y conservando su textura original. Una prenda funcional y est\u00e9tica, pensada para aportar calidez y autenticidad a tu cocina.<\/p>\n<p>&nbsp;<\/p>\n<p><strong>MEDIDAS<\/strong><br \/>\n30 \u00d7 60 cm<\/p>\n<p>&nbsp;<\/p>\n<p><strong>PROCESO ARTESANAL<\/strong><br \/>\nCada prenda est\u00e1 estampada a mano de manera totalmente artesanal con tintas ecol\u00f3gicas sobre tejidos org\u00e1nicos como el lino y el algod\u00f3n, haciendo que cada bolsa sea \u00fanica, viva y llena de car\u00e1cter.<\/p>\n<p>&nbsp;<\/p>\n<p><strong>NOTA IMPORTANTE<\/strong><br \/>\nLos colores, trazos y estampados pueden variar ligeramente respecto a las fotograf\u00edas de la web, ya que cada pieza se crea manualmente.<\/p>\n<p>&nbsp;<\/p>\n<p>Si lo deseas, puedes personalizar completamente tu bolso (medidas, colores y estampados). S\u00f3lo tienes que escribirnos a trav\u00e9s del formulario de contacto y te responderemos pronto.<\/p>\n<p>&nbsp;<\/p>\n<p><strong>CUIDADO Y LAVADO<\/strong><br \/>\nTemperatura m\u00e1xima: 40 \u00b0C.<br \/>\nCentrifugado corto.<br \/>\nPlanchado al rev\u00e9s con alta temperatura.<br \/>\nLos tejidos blancos permiten el uso de lej\u00eda, sin alterar la tinta.<\/p>\n","protected":false},"excerpt":{"rendered":"<p>&#8216;Una pieza \u00fanica para quienes aman la autenticidad incluso en la mesa&#8217; &nbsp; El lino, por su transpirabilidad natural, ayuda a mantener el pan fresco y h\u00famedo durante m\u00e1s tiempo, evitando el moho y conservando su textura original. Una prenda funcional y est\u00e9tica, pensada para&hellip; <a class=\"continue\" href=\"https:\/\/www.kokora.cat\/es\/producte\/bolsa-de-pan-herramientas\/\">CONTINUAR >><span> Bolsa de pan Herramientas<\/span><\/a><\/p>\n","protected":false},"featured_media":15714,"template":"","meta":{"_joinchat":[]},"product_brand":[],"product_cat":[137],"product_tag":[],"class_list":{"0":"post-17412","1":"product","2":"type-product","3":"status-publish","4":"has-post-thumbnail","6":"product_cat-korahome","8":"first","9":"instock","10":"taxable","11":"shipping-taxable","12":"purchasable","13":"product-type-simple"},"_links":{"self":[{"href":"https:\/\/www.kokora.cat\/es\/wp-json\/wp\/v2\/product\/17412","targetHints":{"allow":["GET"]}}],"collection":[{"href":"https:\/\/www.kokora.cat\/es\/wp-json\/wp\/v2\/product"}],"about":[{"href":"https:\/\/www.kokora.cat\/es\/wp-json\/wp\/v2\/types\/product"}],"wp:featuredmedia":[{"embeddable":true,"href":"https:\/\/www.kokora.cat\/es\/wp-json\/wp\/v2\/media\/15714"}],"wp:attachment":[{"href":"https:\/\/www.kokora.cat\/es\/wp-json\/wp\/v2\/media?parent=17412"}],"wp:term":[{"taxonomy":"product_brand","embeddable":true,"href":"https:\/\/www.kokora.cat\/es\/wp-json\/wp\/v2\/product_brand?post=17412"},{"taxonomy":"product_cat","embeddable":true,"href":"https:\/\/www.kokora.cat\/es\/wp-json\/wp\/v2\/product_cat?post=17412"},{"taxonomy":"product_tag","embeddable":true,"href":"https:\/\/www.kokora.cat\/es\/wp-json\/wp\/v2\/product_tag?post=17412"}],"curies":[{"name":"wp","href":"https:\/\/api.w.org\/{rel}","templated":true}]}}