{"id":17407,"date":"2025-11-05T12:27:09","date_gmt":"2025-11-05T10:27:09","guid":{"rendered":"https:\/\/www.kokora.cat\/?post_type=product&#038;p=17407"},"modified":"2025-12-29T17:00:36","modified_gmt":"2025-12-29T15:00:36","slug":"cojin-flor-damasco","status":"publish","type":"product","link":"https:\/\/www.kokora.cat\/es\/producte\/cojin-flor-damasco\/","title":{"rendered":"Coj\u00edn Flor Damasco"},"content":{"rendered":"<p><em><strong>&#8216;Una prenda textil hecha para vestir tu hogar con autenticidad y elegancia&#8217;<\/strong><\/em><\/p>\n<p>&nbsp;<\/p>\n<p>Almohada artesanal estampada a mano a dos colores -uno de ellos oro- a elegir si se quiere como segundo color el turquesa o negro, creando un contraste sofisticado que aporta personalidad y calidez a cualquier espacio. Una prenda con car\u00e1cter propio, hecha para dar vida a tu hogar.<\/p>\n<p>&nbsp;<\/p>\n<p><strong>MEDIDAS<\/strong><br \/>\n45 \u00d7 45 cm<\/p>\n<p>&nbsp;<\/p>\n<p><strong>HARCIDO (opcional)<\/strong><br \/>\nMedida: 45 \u00d7 45 cm<br \/>\nRelleno de fibra de poli\u00e9ster<\/p>\n<p>&nbsp;<\/p>\n<p><strong>PROCESO ARTESANAL<\/strong><br \/>\nCada prenda est\u00e1 estampada a mano de manera totalmente artesanal con tintas ecol\u00f3gicas sobre tejidos org\u00e1nicos como el lino y el algod\u00f3n, haciendo que cada bolsa sea \u00fanica, viva y llena de car\u00e1cter.<\/p>\n<p>&nbsp;<\/p>\n<p><strong>NOTA IMPORTANTE<\/strong><br \/>\nLos colores, trazos y estampados pueden variar ligeramente respecto a las fotograf\u00edas de la web, ya que cada pieza se crea manualmente.<\/p>\n<p>&nbsp;<\/p>\n<p>Si lo deseas, puedes personalizar completamente tu almohada (medidas, colores y estampados). Escr\u00edbenos a trav\u00e9s del formulario de contacto y te responderemos en breve.<\/p>\n<p>&nbsp;<\/p>\n<p><strong>CUIDADO Y LAVADO<\/strong><br \/>\nTemperatura m\u00e1xima: 40 \u00b0C.<br \/>\nCentrifugado corto.<br \/>\nPlanchado al rev\u00e9s con alta temperatura.<br \/>\nLos tejidos blancos permiten el uso de lej\u00eda, sin alterar la tinta.<\/p>\n","protected":false},"excerpt":{"rendered":"<p>&#8216;Una prenda textil hecha para vestir tu hogar con autenticidad y elegancia&#8217; &nbsp; Almohada artesanal estampada a mano a dos colores -uno de ellos oro- a elegir si se quiere como segundo color el turquesa o negro, creando un contraste sofisticado que aporta personalidad y&hellip; <a class=\"continue\" href=\"https:\/\/www.kokora.cat\/es\/producte\/cojin-flor-damasco\/\">CONTINUAR >><span> Coj\u00edn Flor Damasco<\/span><\/a><\/p>\n","protected":false},"featured_media":15753,"template":"","meta":{"_joinchat":[]},"product_brand":[],"product_cat":[137],"product_tag":[],"class_list":{"0":"post-17407","1":"product","2":"type-product","3":"status-publish","4":"has-post-thumbnail","6":"product_cat-korahome","8":"first","9":"instock","10":"taxable","11":"shipping-taxable","12":"purchasable","13":"product-type-variable"},"_links":{"self":[{"href":"https:\/\/www.kokora.cat\/es\/wp-json\/wp\/v2\/product\/17407","targetHints":{"allow":["GET"]}}],"collection":[{"href":"https:\/\/www.kokora.cat\/es\/wp-json\/wp\/v2\/product"}],"about":[{"href":"https:\/\/www.kokora.cat\/es\/wp-json\/wp\/v2\/types\/product"}],"wp:featuredmedia":[{"embeddable":true,"href":"https:\/\/www.kokora.cat\/es\/wp-json\/wp\/v2\/media\/15753"}],"wp:attachment":[{"href":"https:\/\/www.kokora.cat\/es\/wp-json\/wp\/v2\/media?parent=17407"}],"wp:term":[{"taxonomy":"product_brand","embeddable":true,"href":"https:\/\/www.kokora.cat\/es\/wp-json\/wp\/v2\/product_brand?post=17407"},{"taxonomy":"product_cat","embeddable":true,"href":"https:\/\/www.kokora.cat\/es\/wp-json\/wp\/v2\/product_cat?post=17407"},{"taxonomy":"product_tag","embeddable":true,"href":"https:\/\/www.kokora.cat\/es\/wp-json\/wp\/v2\/product_tag?post=17407"}],"curies":[{"name":"wp","href":"https:\/\/api.w.org\/{rel}","templated":true}]}}