{"id":17404,"date":"2025-11-05T13:05:35","date_gmt":"2025-11-05T11:05:35","guid":{"rendered":"https:\/\/www.kokora.cat\/?post_type=product&#038;p=17404"},"modified":"2025-12-29T16:58:38","modified_gmt":"2025-12-29T14:58:38","slug":"cojintestim","status":"publish","type":"product","link":"https:\/\/www.kokora.cat\/es\/producte\/cojintestim\/","title":{"rendered":"Coj\u00ednT&#8217;estim"},"content":{"rendered":"<p><em><strong>&#8216;Una declaraci\u00f3n de cari\u00f1o hecha arte, para vestir tu hogar con emoci\u00f3n y autenticidad&#8217;<\/strong><\/em><\/p>\n<p>&nbsp;<\/p>\n<p>Almohada artesanal con un coraz\u00f3n pintado en el centro y la palabra Te quiero trazada a mano alzada con pincel y tinta negro, con l\u00edneas definidas y delicadas. Una prenda \u00fanica que habla desde el coraz\u00f3n y a\u00f1ade un toque c\u00e1lido y personal a cualquier rinc\u00f3n del hogar.<\/p>\n<p>&nbsp;<\/p>\n<p>Tambi\u00e9n puedes escoger la palabra Te quiero en otros idiomas, u otros textos \u2014s\u00f3lo es necesario que nos escribas a trav\u00e9s del formulario de contacto y te responderemos pronto.<\/p>\n<p>&nbsp;<\/p>\n<p><strong>MEDIAS<\/strong><br \/>\n45 \u00d7 45 cm<\/p>\n<p>&nbsp;<\/p>\n<p><strong>HARCIDO<\/strong><br \/>\nMedida: 45 \u00d7 45 cm<br \/>\nRelleno de fibra de poli\u00e9ster (lavable)<\/p>\n<p>&nbsp;<\/p>\n<p><strong>PROCESO ARTESANAL<\/strong><br \/>\nCada almohada est\u00e1 estampado y pintado a mano con tintas ecol\u00f3gicas sobre tejidos naturales como el lino y el algod\u00f3n. La combinaci\u00f3n de t\u00e9cnicas artesanales y pinceladas manuales convierten a cada pieza en una creaci\u00f3n irrepetible y llena de alma.<\/p>\n<p>&nbsp;<\/p>\n<p><strong>NOTA IMPORTANTE<\/strong><br \/>\nLos colores, trazos y estampados pueden variar ligeramente respecto a las fotograf\u00edas de la web, ya que cada pieza se crea manualmente.<br \/>\nSi lo deseas, puedes personalizar completamente tu almohada (medidas, colores, estampados e idioma del texto). Escr\u00edbenos a trav\u00e9s del formulario de contacto y te responderemos en breve.<\/p>\n<p>&nbsp;<\/p>\n<p><strong>CUIDADO Y LAVADO<\/strong><br \/>\nTemperatura m\u00e1xima: 40 \u00b0C.<br \/>\nCentrifugado corto.<br \/>\nPlanchado al rev\u00e9s con alta temperatura.<br \/>\nLos tejidos blancos permiten el uso de lej\u00eda, sin alterar la tinta.<\/p>\n","protected":false},"excerpt":{"rendered":"<p>&#8216;Una declaraci\u00f3n de cari\u00f1o hecha arte, para vestir tu hogar con emoci\u00f3n y autenticidad&#8217; &nbsp; Almohada artesanal con un coraz\u00f3n pintado en el centro y la palabra Te quiero trazada a mano alzada con pincel y tinta negro, con l\u00edneas definidas y delicadas. Una prenda&hellip; <a class=\"continue\" href=\"https:\/\/www.kokora.cat\/es\/producte\/cojintestim\/\">CONTINUAR >><span> Coj\u00ednT&#8217;estim<\/span><\/a><\/p>\n","protected":false},"featured_media":15765,"template":"","meta":{"_joinchat":[]},"product_brand":[],"product_cat":[137],"product_tag":[],"class_list":{"0":"post-17404","1":"product","2":"type-product","3":"status-publish","4":"has-post-thumbnail","6":"product_cat-korahome","8":"first","9":"instock","10":"taxable","11":"shipping-taxable","12":"purchasable","13":"product-type-variable"},"_links":{"self":[{"href":"https:\/\/www.kokora.cat\/es\/wp-json\/wp\/v2\/product\/17404","targetHints":{"allow":["GET"]}}],"collection":[{"href":"https:\/\/www.kokora.cat\/es\/wp-json\/wp\/v2\/product"}],"about":[{"href":"https:\/\/www.kokora.cat\/es\/wp-json\/wp\/v2\/types\/product"}],"wp:featuredmedia":[{"embeddable":true,"href":"https:\/\/www.kokora.cat\/es\/wp-json\/wp\/v2\/media\/15765"}],"wp:attachment":[{"href":"https:\/\/www.kokora.cat\/es\/wp-json\/wp\/v2\/media?parent=17404"}],"wp:term":[{"taxonomy":"product_brand","embeddable":true,"href":"https:\/\/www.kokora.cat\/es\/wp-json\/wp\/v2\/product_brand?post=17404"},{"taxonomy":"product_cat","embeddable":true,"href":"https:\/\/www.kokora.cat\/es\/wp-json\/wp\/v2\/product_cat?post=17404"},{"taxonomy":"product_tag","embeddable":true,"href":"https:\/\/www.kokora.cat\/es\/wp-json\/wp\/v2\/product_tag?post=17404"}],"curies":[{"name":"wp","href":"https:\/\/api.w.org\/{rel}","templated":true}]}}