{"id":17401,"date":"2025-11-05T13:10:15","date_gmt":"2025-11-05T11:10:15","guid":{"rendered":"https:\/\/www.kokora.cat\/?post_type=product&#038;p=17401"},"modified":"2025-12-29T16:56:28","modified_gmt":"2025-12-29T14:56:28","slug":"cojin-kokoro","status":"publish","type":"product","link":"https:\/\/www.kokora.cat\/es\/producte\/cojin-kokoro\/","title":{"rendered":"Coj\u00edn Kokoro"},"content":{"rendered":"<p><em><strong>&#8216;Una pieza que late con emoci\u00f3n y llena el hogar de ternura y autenticidad&#8217;<\/strong><\/em><\/p>\n<p>&nbsp;<\/p>\n<p>El KOKORO es una almohada artesanal que habla desde el coraz\u00f3n. En su centro, un coraz\u00f3n de estilo realista se llena de vida con detalles florales y vegetales pintados a mano alzada, creando una composici\u00f3n llena de sensibilidad y armon\u00eda. Una prenda que transmite emoci\u00f3n y belleza natural, perfecta para dar calidez a cualquier espacio.<\/p>\n<p>&nbsp;<\/p>\n<p><strong>MEDIDAS<\/strong><br \/>\n45 \u00d7 45 cm<\/p>\n<p>&nbsp;<\/p>\n<p><strong>HARCIDO<\/strong><br \/>\nMedida: 45 \u00d7 45 cm<br \/>\nRelleno de fibra de poli\u00e9ster (lavable)<\/p>\n<p>&nbsp;<\/p>\n<p><strong>PROCESO ARTESANAL<\/strong><br \/>\nCada almohada est\u00e1 estampado y pintado a mano con tintas ecol\u00f3gicas sobre tejidos org\u00e1nicos como el lino y el algod\u00f3n. Mediante la t\u00e9cnica del Block Carving y el trabajo con pincel, cada KOKORO se convierte en una obra \u00fanica, viva y llena de alma. Nos gusta llamarlo estampado org\u00e1nico.<\/p>\n<p>&nbsp;<\/p>\n<p><strong>NOTA IMPORTANTE<\/strong><br \/>\nLos colores, trazos y estampados pueden variar ligeramente respecto a las fotograf\u00edas de la web, ya que cada pieza se crea manualmente.<\/p>\n<p>&nbsp;<\/p>\n<p>Si lo deseas, puedes personalizar completamente tu almohada (medidas, colores y estampados). Escr\u00edbenos a trav\u00e9s del formulario de contacto y te responderemos en breve.<\/p>\n<p>&nbsp;<\/p>\n<p><strong>CUIDADO Y LAVADO<\/strong><br \/>\nTemperatura m\u00e1xima: 40 \u00b0C.<br \/>\nCentrifugado corto.<br \/>\nPlanchado al rev\u00e9s con alta temperatura.<br \/>\nLos tejidos blancos permiten el uso de lej\u00eda, sin alterar la tinta.<\/p>\n","protected":false},"excerpt":{"rendered":"<p>&#8216;Una pieza que late con emoci\u00f3n y llena el hogar de ternura y autenticidad&#8217; &nbsp; El KOKORO es una almohada artesanal que habla desde el coraz\u00f3n. En su centro, un coraz\u00f3n de estilo realista se llena de vida con detalles florales y vegetales pintados a&hellip; <a class=\"continue\" href=\"https:\/\/www.kokora.cat\/es\/producte\/cojin-kokoro\/\">CONTINUAR >><span> Coj\u00edn Kokoro<\/span><\/a><\/p>\n","protected":false},"featured_media":0,"template":"","meta":{"_joinchat":[]},"product_brand":[],"product_cat":[137],"product_tag":[],"class_list":{"0":"post-17401","1":"product","2":"type-product","3":"status-publish","5":"product_cat-korahome","7":"first","8":"instock","9":"taxable","10":"shipping-taxable","11":"purchasable","12":"product-type-variable"},"_links":{"self":[{"href":"https:\/\/www.kokora.cat\/es\/wp-json\/wp\/v2\/product\/17401","targetHints":{"allow":["GET"]}}],"collection":[{"href":"https:\/\/www.kokora.cat\/es\/wp-json\/wp\/v2\/product"}],"about":[{"href":"https:\/\/www.kokora.cat\/es\/wp-json\/wp\/v2\/types\/product"}],"wp:attachment":[{"href":"https:\/\/www.kokora.cat\/es\/wp-json\/wp\/v2\/media?parent=17401"}],"wp:term":[{"taxonomy":"product_brand","embeddable":true,"href":"https:\/\/www.kokora.cat\/es\/wp-json\/wp\/v2\/product_brand?post=17401"},{"taxonomy":"product_cat","embeddable":true,"href":"https:\/\/www.kokora.cat\/es\/wp-json\/wp\/v2\/product_cat?post=17401"},{"taxonomy":"product_tag","embeddable":true,"href":"https:\/\/www.kokora.cat\/es\/wp-json\/wp\/v2\/product_tag?post=17401"}],"curies":[{"name":"wp","href":"https:\/\/api.w.org\/{rel}","templated":true}]}}