{"id":17398,"date":"2025-11-05T13:14:01","date_gmt":"2025-11-05T11:14:01","guid":{"rendered":"https:\/\/www.kokora.cat\/?post_type=product&#038;p=17398"},"modified":"2025-12-29T16:54:47","modified_gmt":"2025-12-29T14:54:47","slug":"cojin-flor-kora","status":"publish","type":"product","link":"https:\/\/www.kokora.cat\/es\/producte\/cojin-flor-kora\/","title":{"rendered":"Coj\u00edn Flor Kora"},"content":{"rendered":"<p><em><strong>&#8216;Una prenda que florece con la luz y viste tu hogar con natural elegancia&#8217;<\/strong><\/em><\/p>\n<p>&nbsp;<\/p>\n<p>El Flor KORA es una almohada artesanal estampada a mano que combina la delicadeza de las formas florales con la serenidad de los tejidos naturales. Ideal para dar un toque de armon\u00eda y color a tus espacios, es una prenda que respira calma y belleza org\u00e1nica.<\/p>\n<p>&nbsp;<\/p>\n<p><strong>MEDIDAS<\/strong><br \/>\n45 \u00d7 45 cm<\/p>\n<p>&nbsp;<\/p>\n<p><strong>HARCIDO<\/strong><br \/>\nMedida: 45 \u00d7 45 cm<br \/>\nRelleno de fibra de poli\u00e9ster (lavable)<\/p>\n<p>&nbsp;<\/p>\n<p><strong>PROCESO ARTESANAL<\/strong><br \/>\nCada almohada est\u00e1 estampado a mano con tintas ecol\u00f3gicas sobre tejidos org\u00e1nicos como el lino y el algod\u00f3n, utilizando la t\u00e9cnica del Block Carving. Esta t\u00e9cnica hace evolucionar ligeramente cada molde en cada impresi\u00f3n, haciendo que cada Flor KORA sea \u00fanico, vivo y lleno de personalidad. Nos gusta llamarlo estampado org\u00e1nico.<\/p>\n<p>&nbsp;<\/p>\n<p><strong>NOTA IMPORTANTE<\/strong><br \/>\nLos colores, trazos y estampados pueden variar ligeramente respecto a las fotograf\u00edas de la web, ya que cada pieza se crea manualmente.<br \/>\nSi lo deseas, puedes personalizar completamente tu almohada (medidas, colores y estampados). Escr\u00edbenos a trav\u00e9s del formulario de contacto y te responderemos en breve.<\/p>\n<p>&nbsp;<\/p>\n<p><strong>CUIDADO Y LAVADO<\/strong><br \/>\nTemperatura m\u00e1xima: 40 \u00b0C.<br \/>\nCentrifugado corto.<br \/>\nPlanchado al rev\u00e9s con alta temperatura.<br \/>\nLos tejidos blancos permiten el uso de lej\u00eda, sin alterar la tinta.<\/p>\n","protected":false},"excerpt":{"rendered":"<p>&#8216;Una prenda que florece con la luz y viste tu hogar con natural elegancia&#8217; &nbsp; El Flor KORA es una almohada artesanal estampada a mano que combina la delicadeza de las formas florales con la serenidad de los tejidos naturales. Ideal para dar un toque&hellip; <a class=\"continue\" href=\"https:\/\/www.kokora.cat\/es\/producte\/cojin-flor-kora\/\">CONTINUAR >><span> Coj\u00edn Flor Kora<\/span><\/a><\/p>\n","protected":false},"featured_media":0,"template":"","meta":{"_joinchat":[]},"product_brand":[],"product_cat":[137],"product_tag":[],"class_list":{"0":"post-17398","1":"product","2":"type-product","3":"status-publish","5":"product_cat-korahome","7":"first","8":"instock","9":"taxable","10":"shipping-taxable","11":"purchasable","12":"product-type-variable"},"_links":{"self":[{"href":"https:\/\/www.kokora.cat\/es\/wp-json\/wp\/v2\/product\/17398","targetHints":{"allow":["GET"]}}],"collection":[{"href":"https:\/\/www.kokora.cat\/es\/wp-json\/wp\/v2\/product"}],"about":[{"href":"https:\/\/www.kokora.cat\/es\/wp-json\/wp\/v2\/types\/product"}],"wp:attachment":[{"href":"https:\/\/www.kokora.cat\/es\/wp-json\/wp\/v2\/media?parent=17398"}],"wp:term":[{"taxonomy":"product_brand","embeddable":true,"href":"https:\/\/www.kokora.cat\/es\/wp-json\/wp\/v2\/product_brand?post=17398"},{"taxonomy":"product_cat","embeddable":true,"href":"https:\/\/www.kokora.cat\/es\/wp-json\/wp\/v2\/product_cat?post=17398"},{"taxonomy":"product_tag","embeddable":true,"href":"https:\/\/www.kokora.cat\/es\/wp-json\/wp\/v2\/product_tag?post=17398"}],"curies":[{"name":"wp","href":"https:\/\/api.w.org\/{rel}","templated":true}]}}