{"id":17397,"date":"2025-11-05T13:15:56","date_gmt":"2025-11-05T11:15:56","guid":{"rendered":"https:\/\/www.kokora.cat\/?post_type=product&#038;p=17397"},"modified":"2025-12-29T16:53:06","modified_gmt":"2025-12-29T14:53:06","slug":"camino-de-mesa-2-servilletas-coeur","status":"publish","type":"product","link":"https:\/\/www.kokora.cat\/es\/producte\/camino-de-mesa-2-servilletas-coeur\/","title":{"rendered":"Camino de mesa + 2 servilletas Coeur"},"content":{"rendered":"<p><em><strong>&#8216;Una pieza que transforma cada comida en un gesto de cari\u00f1o y belleza cotidiana&#8217;<\/strong><\/em><\/p>\n<p>&nbsp;<\/p>\n<p>El Coeur es un camino de mesa artesanal lleno de sensibilidad y car\u00e1cter. Ideal para utilizar como mantel, centro de mesa o cubremesa para proteger y embellecer cualquier superficie. Su presencia aporta calidez, elegancia y una sutil pincelada de arte en tu espacio cotidiano.<\/p>\n<p>&nbsp;<\/p>\n<p><strong>MEDIAS<\/strong><br \/>\nCamino (1 unidad): 135 \u00d7 50 cm<br \/>\nServilletas (2 unidades): 45 \u00d7 45 cm<br \/>\n(Los tama\u00f1os se pueden personalizar)<\/p>\n<p>&nbsp;<\/p>\n<p><strong>PROCESO ARTESANAL<\/strong><br \/>\nCada prenda est\u00e1 estampada y pintada a mano con tintas ecol\u00f3gicas sobre tejidos naturales como el lino y el algod\u00f3n. La combinaci\u00f3n de estampaci\u00f3n artesanal y pinceladas \u00fanicas hace que cada Coeur sea irrepetible, con una belleza org\u00e1nica que transmite autenticidad y emoci\u00f3n.<\/p>\n<p>&nbsp;<\/p>\n<p><strong>NOTA IMPORTANTE<\/strong><br \/>\nLos colores, trazos y estampados pueden variar ligeramente respecto a las fotograf\u00edas de la web, ya que cada pieza se crea manualmente.<br \/>\nSi lo deseas, puedes personalizar completamente tu camino de mesa (medidas, colores y estampados). Escr\u00edbenos a trav\u00e9s del formulario de contacto y te responderemos en breve.<\/p>\n<p>&nbsp;<\/p>\n<p><strong>CUIDADO Y LAVADO<\/strong><br \/>\nTemperatura m\u00e1xima: 40 \u00b0C.<br \/>\nCentrifugado corto.<br \/>\nPlanchado al rev\u00e9s con alta temperatura.<br \/>\nLos tejidos blancos permiten el uso de lej\u00eda, sin alterar la tinta.<\/p>\n","protected":false},"excerpt":{"rendered":"<p>&#8216;Una pieza que transforma cada comida en un gesto de cari\u00f1o y belleza cotidiana&#8217; &nbsp; El Coeur es un camino de mesa artesanal lleno de sensibilidad y car\u00e1cter. Ideal para utilizar como mantel, centro de mesa o cubremesa para proteger y embellecer cualquier superficie. Su&hellip; <a class=\"continue\" href=\"https:\/\/www.kokora.cat\/es\/producte\/camino-de-mesa-2-servilletas-coeur\/\">CONTINUAR >><span> Camino de mesa + 2 servilletas Coeur<\/span><\/a><\/p>\n","protected":false},"featured_media":15782,"template":"","meta":{"_joinchat":[]},"product_brand":[],"product_cat":[137],"product_tag":[],"class_list":{"0":"post-17397","1":"product","2":"type-product","3":"status-publish","4":"has-post-thumbnail","6":"product_cat-korahome","8":"first","9":"instock","10":"taxable","11":"shipping-taxable","12":"purchasable","13":"product-type-simple"},"_links":{"self":[{"href":"https:\/\/www.kokora.cat\/es\/wp-json\/wp\/v2\/product\/17397","targetHints":{"allow":["GET"]}}],"collection":[{"href":"https:\/\/www.kokora.cat\/es\/wp-json\/wp\/v2\/product"}],"about":[{"href":"https:\/\/www.kokora.cat\/es\/wp-json\/wp\/v2\/types\/product"}],"wp:featuredmedia":[{"embeddable":true,"href":"https:\/\/www.kokora.cat\/es\/wp-json\/wp\/v2\/media\/15782"}],"wp:attachment":[{"href":"https:\/\/www.kokora.cat\/es\/wp-json\/wp\/v2\/media?parent=17397"}],"wp:term":[{"taxonomy":"product_brand","embeddable":true,"href":"https:\/\/www.kokora.cat\/es\/wp-json\/wp\/v2\/product_brand?post=17397"},{"taxonomy":"product_cat","embeddable":true,"href":"https:\/\/www.kokora.cat\/es\/wp-json\/wp\/v2\/product_cat?post=17397"},{"taxonomy":"product_tag","embeddable":true,"href":"https:\/\/www.kokora.cat\/es\/wp-json\/wp\/v2\/product_tag?post=17397"}],"curies":[{"name":"wp","href":"https:\/\/api.w.org\/{rel}","templated":true}]}}