{"id":17396,"date":"2025-11-05T13:27:27","date_gmt":"2025-11-05T11:27:27","guid":{"rendered":"https:\/\/www.kokora.cat\/?post_type=product&#038;p=17396"},"modified":"2025-12-29T16:52:12","modified_gmt":"2025-12-29T14:52:12","slug":"camino-de-mesa-2-servilletas-flor-kora","status":"publish","type":"product","link":"https:\/\/www.kokora.cat\/es\/producte\/camino-de-mesa-2-servilletas-flor-kora\/","title":{"rendered":"Camino de mesa + 2 servilletas Flor Kora"},"content":{"rendered":"<p><em><strong>&#8216;Una prenda textil que transforma la cotidianidad en un gesto de arte y calidez&#8217;<\/strong><\/em><\/p>\n<p>&nbsp;<\/p>\n<p>El Flor KORA es un camino de mesa artesanal que combina la sencillez natural de los tejidos con la delicadeza de la estampaci\u00f3n floral. Ideal para utilizar como mantel, centro de mesa o cubremesa, es una pieza que aporta luz, calidez y un toque de armon\u00eda a tus espacios.<\/p>\n<p>&nbsp;<\/p>\n<p><strong>MEDIAS<\/strong><br \/>\nCamino (1 unidad): 135 \u00d7 50 cm<br \/>\nServilletas (2 unidades): 45 \u00d7 45 cm<br \/>\n(Los tama\u00f1os se pueden personalizar)<\/p>\n<p>&nbsp;<\/p>\n<p><strong>PROCESO ARTESANAL<\/strong><br \/>\nCada prenda est\u00e1 estampada a mano con tintas ecol\u00f3gicas sobre tejidos org\u00e1nicos como el lino y el algod\u00f3n, utilizando la t\u00e9cnica del Block Carving. Este proceso artesanal evoluciona en cada impresi\u00f3n, haciendo que cada Flor KORA sea \u00fanico, vivo y lleno de personalidad. Nos gusta llamarlo estampado org\u00e1nico.<\/p>\n<p>&nbsp;<\/p>\n<p><strong>NOTA IMPORTANTE<\/strong><br \/>\nLos colores, trazos y estampados pueden variar ligeramente respecto a las fotograf\u00edas de la web, ya que cada pieza se crea manualmente.<br \/>\nSi lo deseas, puedes personalizar completamente tu camino de mesa (medidas, colores y estampados). Escr\u00edbenos a trav\u00e9s del formulario de contacto y te responderemos en breve.<\/p>\n<p>&nbsp;<\/p>\n<p><strong>CUIDADO Y LAVADO<\/strong><br \/>\nTemperatura m\u00e1xima: 40 \u00b0C.<br \/>\nCentrifugado corto.<br \/>\nPlanchado al rev\u00e9s con alta temperatura.<br \/>\nLos tejidos blancos permiten el uso de lej\u00eda, sin alterar la tinta.<\/p>\n","protected":false},"excerpt":{"rendered":"<p>&#8216;Una prenda textil que transforma la cotidianidad en un gesto de arte y calidez&#8217; &nbsp; El Flor KORA es un camino de mesa artesanal que combina la sencillez natural de los tejidos con la delicadeza de la estampaci\u00f3n floral. Ideal para utilizar como mantel, centro&hellip; <a class=\"continue\" href=\"https:\/\/www.kokora.cat\/es\/producte\/camino-de-mesa-2-servilletas-flor-kora\/\">CONTINUAR >><span> Camino de mesa + 2 servilletas Flor Kora<\/span><\/a><\/p>\n","protected":false},"featured_media":15791,"template":"","meta":{"_joinchat":[]},"product_brand":[],"product_cat":[137],"product_tag":[],"class_list":{"0":"post-17396","1":"product","2":"type-product","3":"status-publish","4":"has-post-thumbnail","6":"product_cat-korahome","8":"first","9":"instock","10":"taxable","11":"shipping-taxable","12":"purchasable","13":"product-type-simple"},"_links":{"self":[{"href":"https:\/\/www.kokora.cat\/es\/wp-json\/wp\/v2\/product\/17396","targetHints":{"allow":["GET"]}}],"collection":[{"href":"https:\/\/www.kokora.cat\/es\/wp-json\/wp\/v2\/product"}],"about":[{"href":"https:\/\/www.kokora.cat\/es\/wp-json\/wp\/v2\/types\/product"}],"wp:featuredmedia":[{"embeddable":true,"href":"https:\/\/www.kokora.cat\/es\/wp-json\/wp\/v2\/media\/15791"}],"wp:attachment":[{"href":"https:\/\/www.kokora.cat\/es\/wp-json\/wp\/v2\/media?parent=17396"}],"wp:term":[{"taxonomy":"product_brand","embeddable":true,"href":"https:\/\/www.kokora.cat\/es\/wp-json\/wp\/v2\/product_brand?post=17396"},{"taxonomy":"product_cat","embeddable":true,"href":"https:\/\/www.kokora.cat\/es\/wp-json\/wp\/v2\/product_cat?post=17396"},{"taxonomy":"product_tag","embeddable":true,"href":"https:\/\/www.kokora.cat\/es\/wp-json\/wp\/v2\/product_tag?post=17396"}],"curies":[{"name":"wp","href":"https:\/\/api.w.org\/{rel}","templated":true}]}}