{"id":17395,"date":"2025-11-05T14:09:29","date_gmt":"2025-11-05T12:09:29","guid":{"rendered":"https:\/\/www.kokora.cat\/?post_type=product&#038;p=17395"},"modified":"2025-12-29T16:50:35","modified_gmt":"2025-12-29T14:50:35","slug":"panuelo-de-seda-sumi-e-menta","status":"publish","type":"product","link":"https:\/\/www.kokora.cat\/es\/producte\/panuelo-de-seda-sumi-e-menta\/","title":{"rendered":"Pa\u00f1uelo de seda Sumi-e\/MENTA"},"content":{"rendered":"<p><em><strong>&#8216;D\u00e9jate envolver por su elegancia natural y la frescura de su car\u00e1cter&#8217;<\/strong><\/em><\/p>\n<p>&nbsp;<\/p>\n<p><strong>Pieza \u00fanica<\/strong><\/p>\n<p>&nbsp;<\/p>\n<p>Un pa\u00f1uelo que respira calma y vitalidad, inspirado en el movimiento del agua y en la serenidad de los paisajes verdes. Sus tonos verdosos y turquesa se entrelazan en una danza suave y luminosa que evoca frescura, equilibrio y belleza natural.<\/p>\n<p>&nbsp;<\/p>\n<p>Confeccionado en seda natural Ponge 6, un tejido ligero, transl\u00facido y de tacto sedoso que acaricia la piel con una suavidad inconfundible.<\/p>\n<p>&nbsp;<\/p>\n<p><strong>PROCESO ARTESANAL<\/strong><br \/>\nCada pieza est\u00e1 pintada a mano con trazo libre y espont\u00e1neo, dejando que la tinta fluya sobre la seda como el agua sobre la piedra. El resultado es un efecto org\u00e1nico, vivo y lleno de sutilezas crom\u00e1ticas.<\/p>\n<p>&nbsp;<\/p>\n<p>Una prenda para esp\u00edritus sensibles que buscan armon\u00eda y luz en cada detalle.<\/p>\n<p>&nbsp;<\/p>\n<p><strong>MIDA<\/strong><br \/>\n90 \u00d7 90 cm<\/p>\n<p>&nbsp;<\/p>\n<p><strong>TEJIDO Y ACABADOS<\/strong><br \/>\nSeda natural 100% Ponge 6.<\/p>\n<p>&nbsp;<\/p>\n<p>Los bordes est\u00e1n cosidos a mano con un borde enrollado, s\u00edmbolo del trabajo esmerado y del respeto por el detalle artesanal.<\/p>\n<p>&nbsp;<\/p>\n<p><strong>PROPIEDADES Y CUIDADO<\/strong><br \/>\nLa seda natural tiene propiedades antibacterianas y antimicrobianas, es termorreguladora -fresca en verano y c\u00e1lida en invierno- y biodegradable.<br \/>\nSe recomienda lavar a mano, nunca en remojo, con agua tibia y jab\u00f3n neutro. No utilizar lej\u00eda.<br \/>\nAclarar y escurrir sin torcer, dejando secar sobre una toalla.<br \/>\nPlanchar por el env\u00e9s y todav\u00eda ligeramente h\u00fameda para mantener su brillo natural.<br \/>\nTambi\u00e9n admite limpieza en seco para manchas dif\u00edciles.<\/p>\n","protected":false},"excerpt":{"rendered":"<p>&#8216;D\u00e9jate envolver por su elegancia natural y la frescura de su car\u00e1cter&#8217; &nbsp; Pieza \u00fanica &nbsp; Un pa\u00f1uelo que respira calma y vitalidad, inspirado en el movimiento del agua y en la serenidad de los paisajes verdes. Sus tonos verdosos y turquesa se entrelazan en&hellip; <a class=\"continue\" href=\"https:\/\/www.kokora.cat\/es\/producte\/panuelo-de-seda-sumi-e-menta\/\">CONTINUAR >><span> Pa\u00f1uelo de seda Sumi-e\/MENTA<\/span><\/a><\/p>\n","protected":false},"featured_media":15810,"template":"","meta":{"_joinchat":[]},"product_brand":[],"product_cat":[141],"product_tag":[],"class_list":{"0":"post-17395","1":"product","2":"type-product","3":"status-publish","4":"has-post-thumbnail","6":"product_cat-korasilk","8":"first","9":"instock","10":"taxable","11":"shipping-taxable","12":"purchasable","13":"product-type-simple"},"_links":{"self":[{"href":"https:\/\/www.kokora.cat\/es\/wp-json\/wp\/v2\/product\/17395","targetHints":{"allow":["GET"]}}],"collection":[{"href":"https:\/\/www.kokora.cat\/es\/wp-json\/wp\/v2\/product"}],"about":[{"href":"https:\/\/www.kokora.cat\/es\/wp-json\/wp\/v2\/types\/product"}],"wp:featuredmedia":[{"embeddable":true,"href":"https:\/\/www.kokora.cat\/es\/wp-json\/wp\/v2\/media\/15810"}],"wp:attachment":[{"href":"https:\/\/www.kokora.cat\/es\/wp-json\/wp\/v2\/media?parent=17395"}],"wp:term":[{"taxonomy":"product_brand","embeddable":true,"href":"https:\/\/www.kokora.cat\/es\/wp-json\/wp\/v2\/product_brand?post=17395"},{"taxonomy":"product_cat","embeddable":true,"href":"https:\/\/www.kokora.cat\/es\/wp-json\/wp\/v2\/product_cat?post=17395"},{"taxonomy":"product_tag","embeddable":true,"href":"https:\/\/www.kokora.cat\/es\/wp-json\/wp\/v2\/product_tag?post=17395"}],"curies":[{"name":"wp","href":"https:\/\/api.w.org\/{rel}","templated":true}]}}