{"id":17394,"date":"2025-11-06T11:22:30","date_gmt":"2025-11-06T09:22:30","guid":{"rendered":"https:\/\/www.kokora.cat\/?post_type=product&#038;p=17394"},"modified":"2025-12-29T16:49:37","modified_gmt":"2025-12-29T14:49:37","slug":"panuelo-de-seda-sumi-e-aura","status":"publish","type":"product","link":"https:\/\/www.kokora.cat\/es\/producte\/panuelo-de-seda-sumi-e-aura\/","title":{"rendered":"Pa\u00f1uelo de seda Sumi-e\/AURA"},"content":{"rendered":"<p><em><strong>&#8216;D\u00e9jate envolver por su ligereza y elegancia natural&#8217;<\/strong><\/em><\/p>\n<p>&nbsp;<\/p>\n<p><strong>Pieza \u00fanica<\/strong><\/p>\n<p>&nbsp;<\/p>\n<p>Un pa\u00f1uelo que desprende luz y serenidad, inspirado en el movimiento sutil del aire y en la danza de los colores que se funden con suavidad. Sus tonos lilas, amarillo y turquesa se mezclan en c\u00edrculos difuminados que evocan armon\u00eda, sensibilidad y un toque et\u00e9reo de feminidad.<\/p>\n<p>&nbsp;<\/p>\n<p>Confeccionado en seda natural Cr\u00eape Georgette 8, un tejido con aspecto de gasa, ligero pero con cuerpo, transparente, mate y con una elegante ca\u00edda. Una seda que envuelve con delicadeza y respira elegancia en cada movimiento.<\/p>\n<p>&nbsp;<\/p>\n<p><strong>PROCESO ARTESANAL<\/strong><br \/>\nCada pieza est\u00e1 pintada a mano con trazo libre y espont\u00e1neo, dejando que los pigmentos se extiendan con naturalidad sobre la seda para crear un efecto vivo y org\u00e1nico.<\/p>\n<p>&nbsp;<\/p>\n<p>El resultado es una pieza \u00fanica, equilibrada y llena de luz.<\/p>\n<p>&nbsp;<\/p>\n<p>Una creaci\u00f3n para esp\u00edritus sensibles que buscan belleza y calma en detalles.<\/p>\n<p>&nbsp;<\/p>\n<p><strong>MIDA<\/strong><br \/>\n90 \u00d7 90 cm<\/p>\n<p>&nbsp;<\/p>\n<p><strong>TEJIDO Y ACABADOS<\/strong><br \/>\nSeda natural 100% Cr\u00eape Georgette 8.<\/p>\n<p>&nbsp;<\/p>\n<p>Los bordes est\u00e1n cosidos a mano con un borde enrollado, s\u00edmbolo del trabajo esmerado y del respeto por el detalle artesanal.<\/p>\n<p>&nbsp;<\/p>\n<p><strong>PROPIEDADES Y CUIDADO<\/strong><br \/>\nLa seda natural tiene propiedades antibacterianas y antimicrobianas, es termorreguladora -fresca en verano y c\u00e1lida en invierno- y biodegradable.<br \/>\nSe recomienda lavarla a mano, nunca en remojo, con agua tibia y jab\u00f3n neutro. No utilizar lej\u00eda.<br \/>\nAclarar y escurrir sin torcer, dejando secar sobre una toalla.<br \/>\nPlanchar por el env\u00e9s y todav\u00eda ligeramente h\u00fameda para mantener su brillo natural.<br \/>\nTambi\u00e9n admite limpieza en seco para manchas dif\u00edciles.<\/p>\n","protected":false},"excerpt":{"rendered":"<p>&#8216;D\u00e9jate envolver por su ligereza y elegancia natural&#8217; &nbsp; Pieza \u00fanica &nbsp; Un pa\u00f1uelo que desprende luz y serenidad, inspirado en el movimiento sutil del aire y en la danza de los colores que se funden con suavidad. Sus tonos lilas, amarillo y turquesa se&hellip; <a class=\"continue\" href=\"https:\/\/www.kokora.cat\/es\/producte\/panuelo-de-seda-sumi-e-aura\/\">CONTINUAR >><span> Pa\u00f1uelo de seda Sumi-e\/AURA<\/span><\/a><\/p>\n","protected":false},"featured_media":15832,"template":"","meta":{"_joinchat":[]},"product_brand":[],"product_cat":[141],"product_tag":[],"class_list":{"0":"post-17394","1":"product","2":"type-product","3":"status-publish","4":"has-post-thumbnail","6":"product_cat-korasilk","8":"first","9":"instock","10":"taxable","11":"shipping-taxable","12":"purchasable","13":"product-type-simple"},"_links":{"self":[{"href":"https:\/\/www.kokora.cat\/es\/wp-json\/wp\/v2\/product\/17394","targetHints":{"allow":["GET"]}}],"collection":[{"href":"https:\/\/www.kokora.cat\/es\/wp-json\/wp\/v2\/product"}],"about":[{"href":"https:\/\/www.kokora.cat\/es\/wp-json\/wp\/v2\/types\/product"}],"wp:featuredmedia":[{"embeddable":true,"href":"https:\/\/www.kokora.cat\/es\/wp-json\/wp\/v2\/media\/15832"}],"wp:attachment":[{"href":"https:\/\/www.kokora.cat\/es\/wp-json\/wp\/v2\/media?parent=17394"}],"wp:term":[{"taxonomy":"product_brand","embeddable":true,"href":"https:\/\/www.kokora.cat\/es\/wp-json\/wp\/v2\/product_brand?post=17394"},{"taxonomy":"product_cat","embeddable":true,"href":"https:\/\/www.kokora.cat\/es\/wp-json\/wp\/v2\/product_cat?post=17394"},{"taxonomy":"product_tag","embeddable":true,"href":"https:\/\/www.kokora.cat\/es\/wp-json\/wp\/v2\/product_tag?post=17394"}],"curies":[{"name":"wp","href":"https:\/\/api.w.org\/{rel}","templated":true}]}}