{"id":17389,"date":"2025-11-14T16:41:16","date_gmt":"2025-11-14T14:41:16","guid":{"rendered":"https:\/\/www.kokora.cat\/?post_type=product&#038;p=17389"},"modified":"2025-12-29T16:41:34","modified_gmt":"2025-12-29T14:41:34","slug":"bolso-pequeno-indira-rojo-negro-2","status":"publish","type":"product","link":"https:\/\/www.kokora.cat\/es\/producte\/bolso-pequeno-indira-rojo-negro-2\/","title":{"rendered":"Bolso peque\u00f1o Indira Rojo-Negro"},"content":{"rendered":"<p><em><strong>&#8216;Una pieza con alma, para quien sabe que el color puede ser tambi\u00e9n una forma de decir qui\u00e9n eres&#8217;<\/strong><\/em><\/p>\n<p>&nbsp;<\/p>\n<p>El modelo INDIRA es la flor insignia de KOKORA, s\u00edmbolo de creatividad y expresi\u00f3n libre. En esta versi\u00f3, su silueta negra destaca sobre el rojo intenso de la piel, creando un vibrante contraste que irradia car\u00e1cter y pasi\u00f3n.<\/p>\n<p>&nbsp;<\/p>\n<p>Confeccionada en piel girada gruesa y resistente, mantiene una estructura firme y un tacto suave que resalta su calidad natural. La cinta regulable permite quitarla cruzada o en el hombro, combinando comodidad y elegancia en una sola pieza.<\/p>\n<p>&nbsp;<\/p>\n<p><strong>MIDA<\/strong><br \/>\n20 \u00d7 16 \u00d7 3 cm<\/p>\n<p>&nbsp;<\/p>\n<p><strong>MATERIALES<\/strong><br \/>\nPiel girada natural de alta calidad, suave, duradera y con acabados a mano.<\/p>\n<p>&nbsp;<\/p>\n<p><strong>PROCESO ARTESANAL<\/strong><br \/>\nCada bolsa est\u00e1 pintada a mano con trazo libre y espont\u00e1neo, haciendo que cada pieza sea \u00fanica y llena de expresividad. Nadie da igual, todas cuentan una historia.<br \/>\nUna prenda con alma, para quien sabe que el color puede ser tambi\u00e9n una forma de decir qui\u00e9n eras.<\/p>\n","protected":false},"excerpt":{"rendered":"<p>&#8216;Una pieza con alma, para quien sabe que el color puede ser tambi\u00e9n una forma de decir qui\u00e9n eres&#8217; &nbsp; El modelo INDIRA es la flor insignia de KOKORA, s\u00edmbolo de creatividad y expresi\u00f3n libre. En esta versi\u00f3, su silueta negra destaca sobre el rojo&hellip; <a class=\"continue\" href=\"https:\/\/www.kokora.cat\/es\/producte\/bolso-pequeno-indira-rojo-negro-2\/\">CONTINUAR >><span> Bolso peque\u00f1o Indira Rojo-Negro<\/span><\/a><\/p>\n","protected":false},"featured_media":16421,"template":"","meta":{"_joinchat":[]},"product_brand":[],"product_cat":[135],"product_tag":[],"class_list":{"0":"post-17389","1":"product","2":"type-product","3":"status-publish","4":"has-post-thumbnail","6":"product_cat-korabags","8":"first","9":"instock","10":"taxable","11":"shipping-taxable","12":"purchasable","13":"product-type-simple"},"_links":{"self":[{"href":"https:\/\/www.kokora.cat\/es\/wp-json\/wp\/v2\/product\/17389","targetHints":{"allow":["GET"]}}],"collection":[{"href":"https:\/\/www.kokora.cat\/es\/wp-json\/wp\/v2\/product"}],"about":[{"href":"https:\/\/www.kokora.cat\/es\/wp-json\/wp\/v2\/types\/product"}],"wp:featuredmedia":[{"embeddable":true,"href":"https:\/\/www.kokora.cat\/es\/wp-json\/wp\/v2\/media\/16421"}],"wp:attachment":[{"href":"https:\/\/www.kokora.cat\/es\/wp-json\/wp\/v2\/media?parent=17389"}],"wp:term":[{"taxonomy":"product_brand","embeddable":true,"href":"https:\/\/www.kokora.cat\/es\/wp-json\/wp\/v2\/product_brand?post=17389"},{"taxonomy":"product_cat","embeddable":true,"href":"https:\/\/www.kokora.cat\/es\/wp-json\/wp\/v2\/product_cat?post=17389"},{"taxonomy":"product_tag","embeddable":true,"href":"https:\/\/www.kokora.cat\/es\/wp-json\/wp\/v2\/product_tag?post=17389"}],"curies":[{"name":"wp","href":"https:\/\/api.w.org\/{rel}","templated":true}]}}