{"id":17386,"date":"2025-11-06T12:40:49","date_gmt":"2025-11-06T10:40:49","guid":{"rendered":"https:\/\/www.kokora.cat\/?post_type=product&#038;p=17386"},"modified":"2025-12-29T16:37:40","modified_gmt":"2025-12-29T14:37:40","slug":"almohada-ginkgo","status":"publish","type":"product","link":"https:\/\/www.kokora.cat\/es\/producte\/almohada-ginkgo\/","title":{"rendered":"Almohada Ginkgo"},"content":{"rendered":"<p><em><strong>&#8216;Una pieza que respira equilibrio, con la luz dorada que acaricia la calma de tu casa&#8217;<\/strong><\/em><\/p>\n<p>&nbsp;<\/p>\n<p>El GINKGO es un almohada inspirado en la serenidad y la elegancia de la naturaleza. Su dise\u00f1o presenta una l\u00ednea dorada que atraviesa el centro como un rayo de luz, evocando la armon\u00eda y la fuerza del follaje del \u00e1rbol Ginkgo. Una prenda que invita a la calma ya la contemplaci\u00f3n, ideal para dar un toque sofisticado y natural a la llar.<\/p>\n<p>&nbsp;<\/p>\n<p><strong>MEDIDAS<\/strong><br \/>\n45 \u00d7 45 cm<\/p>\n<p>&nbsp;<\/p>\n<p><strong>HARCIDO (opcional)<\/strong><br \/>\nMedida: 45 \u00d7 45 cm<br \/>\nRelleno de fibra de poli\u00e9ster (lavable)<\/p>\n<p>&nbsp;<\/p>\n<p><strong>PROCESO ARTESANAL<\/strong><br \/>\nCada almohada est\u00e1 estampado a mando con tintas ecol\u00f3gicas sobre tejidos org\u00e1nicos como el lino y el algod\u00f3n. La combinaci\u00f3n de t\u00e9cnicas artesanales y pinceladas manuales convierten a cada pieza en una creaci\u00f3n irrepetible y llena de alma. Haciendo que cada Flor KORA sea \u00fanica, viva y llena de personalidad.<\/p>\n<p>&nbsp;<\/p>\n<p><strong>NOTA IMPORTANTE<\/strong><br \/>\nLos colores, trazos y estampados pueden variar ligeramente con respecto a las fotograf\u00edas de la web, ya que cada pieza se crea manualmente.<\/p>\n<p>&nbsp;<\/p>\n<p>Si lo deseas, puedes personalizar completamente tu almohada (medidas, colores y estampados). Escr\u00edbenos a trav\u00e9s del formulario de contacto y te responderemos en breve.<\/p>\n<p>&nbsp;<\/p>\n<p><strong>CUIDADO Y LAVADO<\/strong><br \/>\nTemperatura m\u00e1xima: 40 \u00b0C.<br \/>\nCentrifugado corto.<br \/>\nPlanchado al rev\u00e9s con alta temperatura.<br \/>\nLos tejidos blancos permiten el uso de lej\u00eda, sin alterar la tinta.<\/p>\n","protected":false},"excerpt":{"rendered":"<p>&#8216;Una pieza que respira equilibrio, con la luz dorada que acaricia la calma de tu casa&#8217; &nbsp; El GINKGO es un almohada inspirado en la serenidad y la elegancia de la naturaleza. Su dise\u00f1o presenta una l\u00ednea dorada que atraviesa el centro como un rayo&hellip; <a class=\"continue\" href=\"https:\/\/www.kokora.cat\/es\/producte\/almohada-ginkgo\/\">CONTINUAR >><span> Almohada Ginkgo<\/span><\/a><\/p>\n","protected":false},"featured_media":0,"template":"","meta":{"_joinchat":[]},"product_brand":[],"product_cat":[137],"product_tag":[],"class_list":{"0":"post-17386","1":"product","2":"type-product","3":"status-publish","5":"product_cat-korahome","7":"first","8":"instock","9":"taxable","10":"shipping-taxable","11":"purchasable","12":"product-type-variable"},"_links":{"self":[{"href":"https:\/\/www.kokora.cat\/es\/wp-json\/wp\/v2\/product\/17386","targetHints":{"allow":["GET"]}}],"collection":[{"href":"https:\/\/www.kokora.cat\/es\/wp-json\/wp\/v2\/product"}],"about":[{"href":"https:\/\/www.kokora.cat\/es\/wp-json\/wp\/v2\/types\/product"}],"wp:attachment":[{"href":"https:\/\/www.kokora.cat\/es\/wp-json\/wp\/v2\/media?parent=17386"}],"wp:term":[{"taxonomy":"product_brand","embeddable":true,"href":"https:\/\/www.kokora.cat\/es\/wp-json\/wp\/v2\/product_brand?post=17386"},{"taxonomy":"product_cat","embeddable":true,"href":"https:\/\/www.kokora.cat\/es\/wp-json\/wp\/v2\/product_cat?post=17386"},{"taxonomy":"product_tag","embeddable":true,"href":"https:\/\/www.kokora.cat\/es\/wp-json\/wp\/v2\/product_tag?post=17386"}],"curies":[{"name":"wp","href":"https:\/\/api.w.org\/{rel}","templated":true}]}}