{"id":17373,"date":"2025-11-14T10:07:05","date_gmt":"2025-11-14T08:07:05","guid":{"rendered":"https:\/\/www.kokora.cat\/?post_type=product&#038;p=17373"},"modified":"2025-12-29T16:14:07","modified_gmt":"2025-12-29T14:14:07","slug":"foulard-indira-azul-gris-oro","status":"publish","type":"product","link":"https:\/\/www.kokora.cat\/es\/producte\/foulard-indira-azul-gris-oro\/","title":{"rendered":"Foulard INDIRA Azul Gris-Oro"},"content":{"rendered":"<p><em><strong>&#8216;La esencia de la calidez hecha arte&#8217;<\/strong><\/em><\/p>\n<p>&nbsp;<\/p>\n<p>El foulard INDIRA es una pieza de lana con acabado imitaci\u00f3n de cachemira, conocida por su tacto suave y c\u00e1lido que invita a refugiarse en ella. De doble cara, juega con dos tonos principales -azul y gris-, creando un equilibrio entre contraste y armon\u00eda.<\/p>\n<p>&nbsp;<\/p>\n<p>En una de sus caras hay trazos pintados a mano alzada, ejecutados con pintura especial para lana en tonos dorados. Cada pincelada deja su huella \u00fanica, definiendo formas simples y elegantes que reflejan el estilo inconfundible de KOKORA.<\/p>\n<p>&nbsp;<\/p>\n<p>Regalar un foulard como \u00e9ste es regalar calidez, sensibilidad y autenticidad. Quienes le reciben suelen sorprenderse por su tacto extraordinario y por la sensaci\u00f3n de confort que transmite.<\/p>\n<p>&nbsp;<\/p>\n<p><strong>CUIDADOS Y RECOMENDACIONES<\/strong><br \/>\nPara preservar su belleza y suavidad, recomendamos lavarlo a mano con agua fr\u00eda, utilizando jab\u00f3n neutro, sin rozamientos. Dejar secar en plano y evitar la exposici\u00f3n directa al sol.<br \/>\nUna pieza para o\u00edr, para abrigarse y recordar.<\/p>\n","protected":false},"excerpt":{"rendered":"<p>&#8216;La esencia de la calidez hecha arte&#8217; &nbsp; El foulard INDIRA es una pieza de lana con acabado imitaci\u00f3n de cachemira, conocida por su tacto suave y c\u00e1lido que invita a refugiarse en ella. De doble cara, juega con dos tonos principales -azul y gris-,&hellip; <a class=\"continue\" href=\"https:\/\/www.kokora.cat\/es\/producte\/foulard-indira-azul-gris-oro\/\">CONTINUAR >><span> Foulard INDIRA Azul Gris-Oro<\/span><\/a><\/p>\n","protected":false},"featured_media":16183,"template":"","meta":{"_joinchat":[]},"product_brand":[],"product_cat":[136],"product_tag":[],"class_list":{"0":"post-17373","1":"product","2":"type-product","3":"status-publish","4":"has-post-thumbnail","6":"product_cat-koracomplements","8":"first","9":"instock","10":"taxable","11":"shipping-taxable","12":"purchasable","13":"product-type-simple"},"_links":{"self":[{"href":"https:\/\/www.kokora.cat\/es\/wp-json\/wp\/v2\/product\/17373","targetHints":{"allow":["GET"]}}],"collection":[{"href":"https:\/\/www.kokora.cat\/es\/wp-json\/wp\/v2\/product"}],"about":[{"href":"https:\/\/www.kokora.cat\/es\/wp-json\/wp\/v2\/types\/product"}],"wp:featuredmedia":[{"embeddable":true,"href":"https:\/\/www.kokora.cat\/es\/wp-json\/wp\/v2\/media\/16183"}],"wp:attachment":[{"href":"https:\/\/www.kokora.cat\/es\/wp-json\/wp\/v2\/media?parent=17373"}],"wp:term":[{"taxonomy":"product_brand","embeddable":true,"href":"https:\/\/www.kokora.cat\/es\/wp-json\/wp\/v2\/product_brand?post=17373"},{"taxonomy":"product_cat","embeddable":true,"href":"https:\/\/www.kokora.cat\/es\/wp-json\/wp\/v2\/product_cat?post=17373"},{"taxonomy":"product_tag","embeddable":true,"href":"https:\/\/www.kokora.cat\/es\/wp-json\/wp\/v2\/product_tag?post=17373"}],"curies":[{"name":"wp","href":"https:\/\/api.w.org\/{rel}","templated":true}]}}