{"id":17372,"date":"2025-11-14T10:14:26","date_gmt":"2025-11-14T08:14:26","guid":{"rendered":"https:\/\/www.kokora.cat\/?post_type=product&#038;p=17372"},"modified":"2025-12-29T16:13:06","modified_gmt":"2025-12-29T14:13:06","slug":"panuelo-hojas-beig","status":"publish","type":"product","link":"https:\/\/www.kokora.cat\/es\/producte\/panuelo-hojas-beig\/","title":{"rendered":"Pa\u00f1uelo Hojas beig"},"content":{"rendered":"<p>Pa\u00f1uelo ligero y suave, ideal tanto para proteger el cuello en d\u00edas fr\u00edos como para cubrir los hombros en las noches de verano. Pintado y\/o estampado a mano con tintas ecol\u00f3gicas sobre algod\u00f3n y viscosa, cada prenda es \u00fanica y llena de car\u00e1cter.<\/p>\n<p>&nbsp;<\/p>\n<p><strong>Medida:<\/strong> 185 \u00d7 90 cm (aprox.)<\/p>\n<p><strong>Composici\u00f3n:<\/strong> 75% algod\u00f3n, 25% viscosa<\/p>\n<p>&nbsp;<\/p>\n<p>Se puede lavar a mano o m\u00e1quina (programa suave, m\u00e1x. 40 \u00b0C). Planchar del rev\u00e9s a baja temperatura.<\/p>\n<p>&nbsp;<\/p>\n<p>Una prenda artesanal que combina calidez, suavidad y autenticidad.<\/p>\n","protected":false},"excerpt":{"rendered":"<p>Pa\u00f1uelo ligero y suave, ideal tanto para proteger el cuello en d\u00edas fr\u00edos como para cubrir los hombros en las noches de verano. Pintado y\/o estampado a mano con tintas ecol\u00f3gicas sobre algod\u00f3n y viscosa, cada prenda es \u00fanica y llena de car\u00e1cter. &nbsp; Medida:&hellip; <a class=\"continue\" href=\"https:\/\/www.kokora.cat\/es\/producte\/panuelo-hojas-beig\/\">CONTINUAR >><span> Pa\u00f1uelo Hojas beig<\/span><\/a><\/p>\n","protected":false},"featured_media":16198,"template":"","meta":{"_joinchat":[]},"product_brand":[],"product_cat":[136],"product_tag":[],"class_list":{"0":"post-17372","1":"product","2":"type-product","3":"status-publish","4":"has-post-thumbnail","6":"product_cat-koracomplements","8":"first","9":"instock","10":"taxable","11":"shipping-taxable","12":"purchasable","13":"product-type-simple"},"_links":{"self":[{"href":"https:\/\/www.kokora.cat\/es\/wp-json\/wp\/v2\/product\/17372","targetHints":{"allow":["GET"]}}],"collection":[{"href":"https:\/\/www.kokora.cat\/es\/wp-json\/wp\/v2\/product"}],"about":[{"href":"https:\/\/www.kokora.cat\/es\/wp-json\/wp\/v2\/types\/product"}],"wp:featuredmedia":[{"embeddable":true,"href":"https:\/\/www.kokora.cat\/es\/wp-json\/wp\/v2\/media\/16198"}],"wp:attachment":[{"href":"https:\/\/www.kokora.cat\/es\/wp-json\/wp\/v2\/media?parent=17372"}],"wp:term":[{"taxonomy":"product_brand","embeddable":true,"href":"https:\/\/www.kokora.cat\/es\/wp-json\/wp\/v2\/product_brand?post=17372"},{"taxonomy":"product_cat","embeddable":true,"href":"https:\/\/www.kokora.cat\/es\/wp-json\/wp\/v2\/product_cat?post=17372"},{"taxonomy":"product_tag","embeddable":true,"href":"https:\/\/www.kokora.cat\/es\/wp-json\/wp\/v2\/product_tag?post=17372"}],"curies":[{"name":"wp","href":"https:\/\/api.w.org\/{rel}","templated":true}]}}