{"id":17368,"date":"2025-11-14T10:34:40","date_gmt":"2025-11-14T08:34:40","guid":{"rendered":"https:\/\/www.kokora.cat\/?post_type=product&#038;p=17368"},"modified":"2025-12-29T16:09:13","modified_gmt":"2025-12-29T14:09:13","slug":"guante-topos-azul-petroleo","status":"publish","type":"product","link":"https:\/\/www.kokora.cat\/es\/producte\/guante-topos-azul-petroleo\/","title":{"rendered":"Guante Topos &#8211; Azul Petr\u00f3leo"},"content":{"rendered":"<p><em><strong>&#8216;Un toque de arte discreto y luminoso para iluminar los d\u00edas m\u00e1s fr\u00edos&#8217;<\/strong><\/em><\/p>\n<p>&nbsp;<\/p>\n<p>El modelo Topos es una explosi\u00f3n de simplicidad elegante: peque\u00f1os toques pintados a mano en tonos azul plateado que resaltan sobre el fondo azul petr\u00f3leo como reflejos de luz sobre la superficie del agua. Un juego sutil y moderno que combina arte y versatilidad con la calidez propia de KOKORA.<\/p>\n<p>&nbsp;<\/p>\n<p>Cada guante es \u00fanico y pintado a mano, con una t\u00e9cnica que aporta textura y profundidad, haciendo que cada punto parezca casi en movimiento.<\/p>\n<p>&nbsp;<\/p>\n<p>Confeccionados en viscosa con un 5% de elastano, se adaptan c\u00f3modamente a la mano, ofreciendo una sensaci\u00f3n c\u00e1lida y suave al tacto.<\/p>\n<p>&nbsp;<\/p>\n<p><strong>MIDA<\/strong><br \/>\n24 \u00d7 9 cm (talla \u00fanica)<\/p>\n<p>&nbsp;<\/p>\n<p><strong>PROCESO ARTESANAL<\/strong><br \/>\nCada guante est\u00e1 pintado a mano con pigmentos textiles resistentes. Las variaciones sutiles de color y trazo hacen que cada prenda sea \u00fanica, llena de vida y autenticidad.<\/p>\n<p>&nbsp;<\/p>\n<p><strong>CUIDADO Y LAVADO<\/strong><br \/>\nLavar a mano con agua fr\u00eda y jab\u00f3n neutro.<br \/>\nNo frotar ni torcer.<br \/>\nSecar en plano, lejos de fuentes directas de calor.<\/p>\n<p>&nbsp;<\/p>\n<p><strong>Pieza \u00fanica<\/strong><\/p>\n","protected":false},"excerpt":{"rendered":"<p>&#8216;Un toque de arte discreto y luminoso para iluminar los d\u00edas m\u00e1s fr\u00edos&#8217; &nbsp; El modelo Topos es una explosi\u00f3n de simplicidad elegante: peque\u00f1os toques pintados a mano en tonos azul plateado que resaltan sobre el fondo azul petr\u00f3leo como reflejos de luz sobre la&hellip; <a class=\"continue\" href=\"https:\/\/www.kokora.cat\/es\/producte\/guante-topos-azul-petroleo\/\">CONTINUAR >><span> Guante Topos &#8211; Azul Petr\u00f3leo<\/span><\/a><\/p>\n","protected":false},"featured_media":16234,"template":"","meta":{"_joinchat":[]},"product_brand":[],"product_cat":[136],"product_tag":[],"class_list":{"0":"post-17368","1":"product","2":"type-product","3":"status-publish","4":"has-post-thumbnail","6":"product_cat-koracomplements","8":"first","9":"instock","10":"taxable","11":"shipping-taxable","12":"purchasable","13":"product-type-simple"},"_links":{"self":[{"href":"https:\/\/www.kokora.cat\/es\/wp-json\/wp\/v2\/product\/17368","targetHints":{"allow":["GET"]}}],"collection":[{"href":"https:\/\/www.kokora.cat\/es\/wp-json\/wp\/v2\/product"}],"about":[{"href":"https:\/\/www.kokora.cat\/es\/wp-json\/wp\/v2\/types\/product"}],"wp:featuredmedia":[{"embeddable":true,"href":"https:\/\/www.kokora.cat\/es\/wp-json\/wp\/v2\/media\/16234"}],"wp:attachment":[{"href":"https:\/\/www.kokora.cat\/es\/wp-json\/wp\/v2\/media?parent=17368"}],"wp:term":[{"taxonomy":"product_brand","embeddable":true,"href":"https:\/\/www.kokora.cat\/es\/wp-json\/wp\/v2\/product_brand?post=17368"},{"taxonomy":"product_cat","embeddable":true,"href":"https:\/\/www.kokora.cat\/es\/wp-json\/wp\/v2\/product_cat?post=17368"},{"taxonomy":"product_tag","embeddable":true,"href":"https:\/\/www.kokora.cat\/es\/wp-json\/wp\/v2\/product_tag?post=17368"}],"curies":[{"name":"wp","href":"https:\/\/api.w.org\/{rel}","templated":true}]}}