{"id":17366,"date":"2025-11-14T10:48:21","date_gmt":"2025-11-14T08:48:21","guid":{"rendered":"https:\/\/www.kokora.cat\/?post_type=product&#038;p=17366"},"modified":"2025-12-29T16:07:01","modified_gmt":"2025-12-29T14:07:01","slug":"guante-ona-camel-animal-print-oro","status":"publish","type":"product","link":"https:\/\/www.kokora.cat\/es\/producte\/guante-ona-camel-animal-print-oro\/","title":{"rendered":"Guante Ona Camel &#8211; Animal print &#8211; oro"},"content":{"rendered":"<p><em><strong>&#8216;Una prenda que late con calma y estilo \u2014como una onda suave que deja huella donde pasa&#8217;<\/strong><\/em><\/p>\n<p>&nbsp;<\/p>\n<p>El modelo Ona captura el movimiento suave y constante de las olas, transform\u00e1ndolo en un trazo fluido y elegante que se despliega en delicadas espirales doradas sobre el c\u00e1lido fondo camel. Un dise\u00f1o que evoca armon\u00eda, equilibrio y una belleza org\u00e1nica llena de luz.<\/p>\n<p>&nbsp;<\/p>\n<p>Cada par est\u00e1 pintado a mano, convirti\u00e9ndose en una pieza \u00fanica que refleja el gesto espont\u00e1neo y art\u00edstico propio de KOKORA. El contraste entre el dorado y el camel aporta sofisticaci\u00f3n y un toque atemporal que combina con cualquier estilo de invierno.<\/p>\n<p>&nbsp;<\/p>\n<p>En la parte de la mu\u00f1eca tiene una parte de pelo imitaci\u00f3n animal print.<\/p>\n<p>&nbsp;<\/p>\n<p>Confeccionados en viscosa con un 5% de elastano, se adaptan c\u00f3modamente a la mano, ofreciendo una sensaci\u00f3n c\u00e1lida y suave al tacto.<\/p>\n<p>&nbsp;<\/p>\n<p><strong>MIDA<\/strong><br \/>\n24 \u00d7 9 cm (talla \u00fanica)<\/p>\n<p>&nbsp;<\/p>\n<p><strong>PROCESO ARTESANAL<\/strong><br \/>\nCada guante est\u00e1 pintado a mano con pigmentos textiles resistentes. Las variaciones sutiles de color y trazo hacen que cada prenda sea \u00fanica, llena de vida y autenticidad.<\/p>\n<p>&nbsp;<\/p>\n<p><strong>CUIDADO Y LAVADO<\/strong><br \/>\nLavar a mano con agua fr\u00eda y jab\u00f3n neutro.<br \/>\nNo frotar ni torcer.<br \/>\nSecar en plano, lejos de fuentes directas de calor.<\/p>\n<p>&nbsp;<\/p>\n<p><strong>Pieza \u00fanica<\/strong><\/p>\n","protected":false},"excerpt":{"rendered":"<p>&#8216;Una prenda que late con calma y estilo \u2014como una onda suave que deja huella donde pasa&#8217; &nbsp; El modelo Ona captura el movimiento suave y constante de las olas, transform\u00e1ndolo en un trazo fluido y elegante que se despliega en delicadas espirales doradas sobre&hellip; <a class=\"continue\" href=\"https:\/\/www.kokora.cat\/es\/producte\/guante-ona-camel-animal-print-oro\/\">CONTINUAR >><span> Guante Ona Camel &#8211; Animal print &#8211; oro<\/span><\/a><\/p>\n","protected":false},"featured_media":16253,"template":"","meta":{"_joinchat":[]},"product_brand":[],"product_cat":[136],"product_tag":[],"class_list":{"0":"post-17366","1":"product","2":"type-product","3":"status-publish","4":"has-post-thumbnail","6":"product_cat-koracomplements","8":"first","9":"instock","10":"taxable","11":"shipping-taxable","12":"purchasable","13":"product-type-simple"},"_links":{"self":[{"href":"https:\/\/www.kokora.cat\/es\/wp-json\/wp\/v2\/product\/17366","targetHints":{"allow":["GET"]}}],"collection":[{"href":"https:\/\/www.kokora.cat\/es\/wp-json\/wp\/v2\/product"}],"about":[{"href":"https:\/\/www.kokora.cat\/es\/wp-json\/wp\/v2\/types\/product"}],"wp:featuredmedia":[{"embeddable":true,"href":"https:\/\/www.kokora.cat\/es\/wp-json\/wp\/v2\/media\/16253"}],"wp:attachment":[{"href":"https:\/\/www.kokora.cat\/es\/wp-json\/wp\/v2\/media?parent=17366"}],"wp:term":[{"taxonomy":"product_brand","embeddable":true,"href":"https:\/\/www.kokora.cat\/es\/wp-json\/wp\/v2\/product_brand?post=17366"},{"taxonomy":"product_cat","embeddable":true,"href":"https:\/\/www.kokora.cat\/es\/wp-json\/wp\/v2\/product_cat?post=17366"},{"taxonomy":"product_tag","embeddable":true,"href":"https:\/\/www.kokora.cat\/es\/wp-json\/wp\/v2\/product_tag?post=17366"}],"curies":[{"name":"wp","href":"https:\/\/api.w.org\/{rel}","templated":true}]}}