{"id":17365,"date":"2025-11-14T10:53:05","date_gmt":"2025-11-14T08:53:05","guid":{"rendered":"https:\/\/www.kokora.cat\/?post_type=product&#038;p=17365"},"modified":"2025-12-29T16:05:51","modified_gmt":"2025-12-29T14:05:51","slug":"guante-ona-beig-naranja-y-lila","status":"publish","type":"product","link":"https:\/\/www.kokora.cat\/es\/producte\/guante-ona-beig-naranja-y-lila\/","title":{"rendered":"Guante Ona Beig &#8211; Naranja y lila"},"content":{"rendered":"<p><em><strong>&#8216;Colores que bailan como la espuma del mar al atardecer: suaves, vivos y llenos de encanto&#8217;<\/strong><\/em><\/p>\n<p>&nbsp;<\/p>\n<p>El modelo Ona captura la esencia del movimiento y la luz con una armon\u00eda de trazos naranjas y lilas que bailan sobre un fondo beige suave. Sus formas de olas terminadas en peque\u00f1as espirales evocan la brisa marina y la calma de los atardeceres de verano, con un toque de vitalidad y color.<\/p>\n<p>&nbsp;<\/p>\n<p>Cada par est\u00e1 pintado a mano, con trazo libre y gesto espont\u00e1neo, haciendo de cada pieza una creaci\u00f3n \u00fanica de KOKORA, llena de personalidad y elegancia artesanal.<\/p>\n<p>&nbsp;<\/p>\n<p>En la parte de la mu\u00f1eca tiene una parte de piel pelo imitaci\u00f3n.<\/p>\n<p>&nbsp;<\/p>\n<p>Confeccionados en viscosa con un 5% de elastano, se adaptan c\u00f3modamente a la mano, ofreciendo una sensaci\u00f3n c\u00e1lida y suave al tacto.<\/p>\n<p>&nbsp;<\/p>\n<p><strong>MIDA<\/strong><br \/>\n24 \u00d7 9 cm (talla \u00fanica)<\/p>\n<p>&nbsp;<\/p>\n<p><strong>PROCESO ARTESANAL<\/strong><br \/>\nCada guante est\u00e1 pintado a mano con pigmentos textiles resistentes. Las variaciones sutiles de color y trazo hacen que cada prenda sea \u00fanica, llena de vida y autenticidad.<\/p>\n<p>&nbsp;<\/p>\n<p><strong>CUIDADO Y LAVADO<\/strong><br \/>\nLavar a mano con agua fr\u00eda y jab\u00f3n neutro.<br \/>\nNo frotar ni torcer.<br \/>\nSecar en plano, lejos de fuentes directas de calor.<\/p>\n<p>&nbsp;<\/p>\n<p><strong>Pieza \u00fanica<\/strong><\/p>\n","protected":false},"excerpt":{"rendered":"<p>&#8216;Colores que bailan como la espuma del mar al atardecer: suaves, vivos y llenos de encanto&#8217; &nbsp; El modelo Ona captura la esencia del movimiento y la luz con una armon\u00eda de trazos naranjas y lilas que bailan sobre un fondo beige suave. Sus formas&hellip; <a class=\"continue\" href=\"https:\/\/www.kokora.cat\/es\/producte\/guante-ona-beig-naranja-y-lila\/\">CONTINUAR >><span> Guante Ona Beig &#8211; Naranja y lila<\/span><\/a><\/p>\n","protected":false},"featured_media":16262,"template":"","meta":{"_joinchat":[]},"product_brand":[],"product_cat":[136],"product_tag":[],"class_list":{"0":"post-17365","1":"product","2":"type-product","3":"status-publish","4":"has-post-thumbnail","6":"product_cat-koracomplements","8":"first","9":"instock","10":"taxable","11":"shipping-taxable","12":"purchasable","13":"product-type-simple"},"_links":{"self":[{"href":"https:\/\/www.kokora.cat\/es\/wp-json\/wp\/v2\/product\/17365","targetHints":{"allow":["GET"]}}],"collection":[{"href":"https:\/\/www.kokora.cat\/es\/wp-json\/wp\/v2\/product"}],"about":[{"href":"https:\/\/www.kokora.cat\/es\/wp-json\/wp\/v2\/types\/product"}],"wp:featuredmedia":[{"embeddable":true,"href":"https:\/\/www.kokora.cat\/es\/wp-json\/wp\/v2\/media\/16262"}],"wp:attachment":[{"href":"https:\/\/www.kokora.cat\/es\/wp-json\/wp\/v2\/media?parent=17365"}],"wp:term":[{"taxonomy":"product_brand","embeddable":true,"href":"https:\/\/www.kokora.cat\/es\/wp-json\/wp\/v2\/product_brand?post=17365"},{"taxonomy":"product_cat","embeddable":true,"href":"https:\/\/www.kokora.cat\/es\/wp-json\/wp\/v2\/product_cat?post=17365"},{"taxonomy":"product_tag","embeddable":true,"href":"https:\/\/www.kokora.cat\/es\/wp-json\/wp\/v2\/product_tag?post=17365"}],"curies":[{"name":"wp","href":"https:\/\/api.w.org\/{rel}","templated":true}]}}