{"id":17364,"date":"2025-11-14T12:13:41","date_gmt":"2025-11-14T10:13:41","guid":{"rendered":"https:\/\/www.kokora.cat\/?post_type=product&#038;p=17364"},"modified":"2025-12-29T16:04:50","modified_gmt":"2025-12-29T14:04:50","slug":"guante-ona-blau-petroleo-turquesa","status":"publish","type":"product","link":"https:\/\/www.kokora.cat\/es\/producte\/guante-ona-blau-petroleo-turquesa\/","title":{"rendered":"Guante Ona Blau Petr\u00f3leo &#8211; Turquesa"},"content":{"rendered":"<p><em><strong>&#8216;Una pieza que respira mar y movimiento, llena de luz y serenidad&#8217;<\/strong><\/em><\/p>\n<p>&nbsp;<\/p>\n<p>El modelo Ona se inspira en el movimiento hipn\u00f3tico del agua y su danza de reflejos. Sobre el profundo azul petr\u00f3leo, las pinceladas turquesa dibujan oleadas que terminan en peque\u00f1as espirales, creando un juego de luz y fluidez que evoca el mar en calma.<\/p>\n<p>&nbsp;<\/p>\n<p>Cada pieza est\u00e1 pintada a mano, un ejercicio de gesto libre y espont\u00e1neo que convierte cada par en una creaci\u00f3n \u00fanica de KOKORA, llena de sutileza y armon\u00eda.<\/p>\n<p>&nbsp;<\/p>\n<p>Confeccionados en viscosa con un 5% de elastano, se adaptan c\u00f3modamente a la mano, ofreciendo una sensaci\u00f3n c\u00e1lida y suave al tacto.<\/p>\n<p>&nbsp;<\/p>\n<p><strong>MIDA<\/strong><br \/>\n24 \u00d7 9 cm (talla \u00fanica)<\/p>\n<p>&nbsp;<\/p>\n<p><strong>PROCESO ARTESANAL<\/strong><br \/>\nCada guante est\u00e1 pintado a mano con pigmentos textiles resistentes. Las variaciones sutiles de color y trazo hacen que cada prenda sea \u00fanica, llena de vida y autenticidad.<\/p>\n<p>&nbsp;<\/p>\n<p><strong>CUIDADO Y LAVADO<\/strong><br \/>\nLavar a mano con agua fr\u00eda y jab\u00f3n neutro.<br \/>\nNo frotar ni torcer.<br \/>\nSecar en plano, lejos de fuentes directas de calor.<\/p>\n<p>&nbsp;<\/p>\n<p><strong>Pieza \u00fanica<\/strong><\/p>\n","protected":false},"excerpt":{"rendered":"<p>&#8216;Una pieza que respira mar y movimiento, llena de luz y serenidad&#8217; &nbsp; El modelo Ona se inspira en el movimiento hipn\u00f3tico del agua y su danza de reflejos. Sobre el profundo azul petr\u00f3leo, las pinceladas turquesa dibujan oleadas que terminan en peque\u00f1as espirales, creando&hellip; <a class=\"continue\" href=\"https:\/\/www.kokora.cat\/es\/producte\/guante-ona-blau-petroleo-turquesa\/\">CONTINUAR >><span> Guante Ona Blau Petr\u00f3leo &#8211; Turquesa<\/span><\/a><\/p>\n","protected":false},"featured_media":16271,"template":"","meta":{"_joinchat":[]},"product_brand":[],"product_cat":[136],"product_tag":[],"class_list":{"0":"post-17364","1":"product","2":"type-product","3":"status-publish","4":"has-post-thumbnail","6":"product_cat-koracomplements","8":"first","9":"instock","10":"taxable","11":"shipping-taxable","12":"purchasable","13":"product-type-simple"},"_links":{"self":[{"href":"https:\/\/www.kokora.cat\/es\/wp-json\/wp\/v2\/product\/17364","targetHints":{"allow":["GET"]}}],"collection":[{"href":"https:\/\/www.kokora.cat\/es\/wp-json\/wp\/v2\/product"}],"about":[{"href":"https:\/\/www.kokora.cat\/es\/wp-json\/wp\/v2\/types\/product"}],"wp:featuredmedia":[{"embeddable":true,"href":"https:\/\/www.kokora.cat\/es\/wp-json\/wp\/v2\/media\/16271"}],"wp:attachment":[{"href":"https:\/\/www.kokora.cat\/es\/wp-json\/wp\/v2\/media?parent=17364"}],"wp:term":[{"taxonomy":"product_brand","embeddable":true,"href":"https:\/\/www.kokora.cat\/es\/wp-json\/wp\/v2\/product_brand?post=17364"},{"taxonomy":"product_cat","embeddable":true,"href":"https:\/\/www.kokora.cat\/es\/wp-json\/wp\/v2\/product_cat?post=17364"},{"taxonomy":"product_tag","embeddable":true,"href":"https:\/\/www.kokora.cat\/es\/wp-json\/wp\/v2\/product_tag?post=17364"}],"curies":[{"name":"wp","href":"https:\/\/api.w.org\/{rel}","templated":true}]}}