{"id":17363,"date":"2025-11-14T12:18:57","date_gmt":"2025-11-14T10:18:57","guid":{"rendered":"https:\/\/www.kokora.cat\/?post_type=product&#038;p=17363"},"modified":"2025-12-29T16:03:50","modified_gmt":"2025-12-29T14:03:50","slug":"guante-ona-negro-oro","status":"publish","type":"product","link":"https:\/\/www.kokora.cat\/es\/producte\/guante-ona-negro-oro\/","title":{"rendered":"Guante Ona Negro-Oro"},"content":{"rendered":"<p><em><strong>&#8216;Un toque de oro sobre fondo negro: elegante, profundo y con alma marina&#8217;<\/strong><\/em><\/p>\n<p>&nbsp;<\/p>\n<p>El modelo Ona nace de la inspiraci\u00f3n del movimiento suave y constante de las olas. Sobre el fondo negro profundo, las pinceladas doradas se entrelazan en formas de olas y peque\u00f1as espirales que recuerdan a la luz del sol reflejada en la superficie del mar.<\/p>\n<p>&nbsp;<\/p>\n<p>Cada par est\u00e1 pintado a mano, un trabajo esmerado y expresivo que convierte cada pieza en una obra \u00fanica de KOKORA, llena de elegancia y car\u00e1cter artesanal.<\/p>\n<p>&nbsp;<\/p>\n<p>Confeccionados en viscosa con un 5% de elastano, se adaptan c\u00f3modamente a la mano, ofreciendo una sensaci\u00f3n c\u00e1lida y suave al tacto.<\/p>\n<p>&nbsp;<\/p>\n<p><strong>MIDA<\/strong><br \/>\n24 \u00d7 9 cm (talla \u00fanica)<\/p>\n<p>&nbsp;<\/p>\n<p><strong>PROCESO ARTESANAL<\/strong><br \/>\nCada guante est\u00e1 pintado a mano con pigmentos textiles resistentes. Las variaciones sutiles de color y trazo hacen que cada prenda sea \u00fanica, llena de vida y autenticidad.<\/p>\n<p>&nbsp;<\/p>\n<p><strong>CUIDADO Y LAVADO<\/strong><br \/>\nLavar a mano con agua fr\u00eda y jab\u00f3n neutro.<br \/>\nNo frotar ni torcer.<br \/>\nSecar en plano, lejos de fuentes directas de calor.<\/p>\n<p>&nbsp;<\/p>\n<p><strong>Pieza \u00fanica<\/strong><\/p>\n","protected":false},"excerpt":{"rendered":"<p>&#8216;Un toque de oro sobre fondo negro: elegante, profundo y con alma marina&#8217; &nbsp; El modelo Ona nace de la inspiraci\u00f3n del movimiento suave y constante de las olas. Sobre el fondo negro profundo, las pinceladas doradas se entrelazan en formas de olas y peque\u00f1as&hellip; <a class=\"continue\" href=\"https:\/\/www.kokora.cat\/es\/producte\/guante-ona-negro-oro\/\">CONTINUAR >><span> Guante Ona Negro-Oro<\/span><\/a><\/p>\n","protected":false},"featured_media":16281,"template":"","meta":{"_joinchat":[]},"product_brand":[],"product_cat":[136],"product_tag":[],"class_list":{"0":"post-17363","1":"product","2":"type-product","3":"status-publish","4":"has-post-thumbnail","6":"product_cat-koracomplements","8":"first","9":"instock","10":"taxable","11":"shipping-taxable","12":"purchasable","13":"product-type-simple"},"_links":{"self":[{"href":"https:\/\/www.kokora.cat\/es\/wp-json\/wp\/v2\/product\/17363","targetHints":{"allow":["GET"]}}],"collection":[{"href":"https:\/\/www.kokora.cat\/es\/wp-json\/wp\/v2\/product"}],"about":[{"href":"https:\/\/www.kokora.cat\/es\/wp-json\/wp\/v2\/types\/product"}],"wp:featuredmedia":[{"embeddable":true,"href":"https:\/\/www.kokora.cat\/es\/wp-json\/wp\/v2\/media\/16281"}],"wp:attachment":[{"href":"https:\/\/www.kokora.cat\/es\/wp-json\/wp\/v2\/media?parent=17363"}],"wp:term":[{"taxonomy":"product_brand","embeddable":true,"href":"https:\/\/www.kokora.cat\/es\/wp-json\/wp\/v2\/product_brand?post=17363"},{"taxonomy":"product_cat","embeddable":true,"href":"https:\/\/www.kokora.cat\/es\/wp-json\/wp\/v2\/product_cat?post=17363"},{"taxonomy":"product_tag","embeddable":true,"href":"https:\/\/www.kokora.cat\/es\/wp-json\/wp\/v2\/product_tag?post=17363"}],"curies":[{"name":"wp","href":"https:\/\/api.w.org\/{rel}","templated":true}]}}