{"id":17362,"date":"2025-11-14T12:23:39","date_gmt":"2025-11-14T10:23:39","guid":{"rendered":"https:\/\/www.kokora.cat\/?post_type=product&#038;p=17362"},"modified":"2025-12-29T16:02:40","modified_gmt":"2025-12-29T14:02:40","slug":"guante-indira-negro-lila","status":"publish","type":"product","link":"https:\/\/www.kokora.cat\/es\/producte\/guante-indira-negro-lila\/","title":{"rendered":"Guante Indira Negro-Lila"},"content":{"rendered":"<p><em><strong>&#8216;Una pieza que habla con la voz de KOKORA: elegante, viva y profundamente personal&#8217;<\/strong><\/em><\/p>\n<p>&nbsp;<\/p>\n<p>Inspirado en la flor emblema de KOKORA, el modelo Indira captura la esencia de la marca: feminidad, fuerza y \u200b\u200belegancia natural. Sobre un fondo negro intenso, las pinceladas lilas se despliegan con delicadeza, formando un motivo floral de aire org\u00e1nico que parece latir sobre el tejido.<\/p>\n<p>&nbsp;<\/p>\n<p>Cada trazo es \u00fanico, pintado a mano con sensibilidad y precisi\u00f3n, convirtiendo a estos guantes en una expresi\u00f3n sutil de arte port\u00e1til.<\/p>\n<p>&nbsp;<\/p>\n<p>Confeccionados en viscosa con un 5% de elastano, se adaptan c\u00f3modamente a la mano, ofreciendo una sensaci\u00f3n c\u00e1lida y suave al tacto.<\/p>\n<p>&nbsp;<\/p>\n<p><strong>MIDA<\/strong><br \/>\n24 \u00d7 9 cm (talla \u00fanica)<\/p>\n<p>&nbsp;<\/p>\n<p><strong>PROCESO ARTESANAL<\/strong><br \/>\nCada guante est\u00e1 pintado a mano con pigmentos textiles resistentes. Las variaciones sutiles de color y trazo hacen que cada prenda sea \u00fanica, llena de vida y autenticidad.<\/p>\n<p>&nbsp;<\/p>\n<p><strong>CUIDADO Y LAVADO<\/strong><br \/>\nLavar a mano con agua fr\u00eda y jab\u00f3n neutro.<br \/>\nNo frotar ni torcer.<br \/>\nSecar en plano, lejos de fuentes directas de calor.<\/p>\n<p>&nbsp;<\/p>\n<p><strong>Pieza \u00fanica<\/strong><\/p>\n","protected":false},"excerpt":{"rendered":"<p>&#8216;Una pieza que habla con la voz de KOKORA: elegante, viva y profundamente personal&#8217; &nbsp; Inspirado en la flor emblema de KOKORA, el modelo Indira captura la esencia de la marca: feminidad, fuerza y \u200b\u200belegancia natural. Sobre un fondo negro intenso, las pinceladas lilas se&hellip; <a class=\"continue\" href=\"https:\/\/www.kokora.cat\/es\/producte\/guante-indira-negro-lila\/\">CONTINUAR >><span> Guante Indira Negro-Lila<\/span><\/a><\/p>\n","protected":false},"featured_media":16290,"template":"","meta":{"_joinchat":[]},"product_brand":[],"product_cat":[136],"product_tag":[],"class_list":{"0":"post-17362","1":"product","2":"type-product","3":"status-publish","4":"has-post-thumbnail","6":"product_cat-koracomplements","8":"first","9":"instock","10":"taxable","11":"shipping-taxable","12":"purchasable","13":"product-type-simple"},"_links":{"self":[{"href":"https:\/\/www.kokora.cat\/es\/wp-json\/wp\/v2\/product\/17362","targetHints":{"allow":["GET"]}}],"collection":[{"href":"https:\/\/www.kokora.cat\/es\/wp-json\/wp\/v2\/product"}],"about":[{"href":"https:\/\/www.kokora.cat\/es\/wp-json\/wp\/v2\/types\/product"}],"wp:featuredmedia":[{"embeddable":true,"href":"https:\/\/www.kokora.cat\/es\/wp-json\/wp\/v2\/media\/16290"}],"wp:attachment":[{"href":"https:\/\/www.kokora.cat\/es\/wp-json\/wp\/v2\/media?parent=17362"}],"wp:term":[{"taxonomy":"product_brand","embeddable":true,"href":"https:\/\/www.kokora.cat\/es\/wp-json\/wp\/v2\/product_brand?post=17362"},{"taxonomy":"product_cat","embeddable":true,"href":"https:\/\/www.kokora.cat\/es\/wp-json\/wp\/v2\/product_cat?post=17362"},{"taxonomy":"product_tag","embeddable":true,"href":"https:\/\/www.kokora.cat\/es\/wp-json\/wp\/v2\/product_tag?post=17362"}],"curies":[{"name":"wp","href":"https:\/\/api.w.org\/{rel}","templated":true}]}}