{"id":17361,"date":"2025-11-14T12:28:55","date_gmt":"2025-11-14T10:28:55","guid":{"rendered":"https:\/\/www.kokora.cat\/?post_type=product&#038;p=17361"},"modified":"2025-12-29T16:01:41","modified_gmt":"2025-12-29T14:01:41","slug":"guante-indira-lila-negro","status":"publish","type":"product","link":"https:\/\/www.kokora.cat\/es\/producte\/guante-indira-lila-negro\/","title":{"rendered":"Guante Indira Lila-Negro"},"content":{"rendered":"<p><em><strong>&#8216;Un dise\u00f1o que une delicadeza y car\u00e1cter \u2014la esencia de KOKORA en cada gesto&#8217;<\/strong><\/em><\/p>\n<p>&nbsp;<\/p>\n<p>El modelo Indira reinterpreta la flor m\u00e1s emblem\u00e1tica de KOKORA con una nueva y vibrante armon\u00eda. Sobre un fondo lila suave, las pinceladas negras bailan con fuerza y \u200b\u200belegancia, creando un contraste lleno de car\u00e1cter que evoca autenticidad y estilo.<\/p>\n<p>&nbsp;<\/p>\n<p>Cada detalle est\u00e1 pintado a mano, con un trazo libre que respira naturalidad y convierte a cada par en una peque\u00f1a obra de arte. Perfectas para dar un toque \u00fanico y art\u00edstico a los d\u00edas de invierno.<\/p>\n<p>&nbsp;<\/p>\n<p>Confeccionados en viscosa con un 5% de elastano, se adaptan c\u00f3modamente a la mano, ofreciendo una sensaci\u00f3n c\u00e1lida y suave al tacto.<\/p>\n<p>&nbsp;<\/p>\n<p><strong>MIDA<\/strong><br \/>\n24 \u00d7 9 cm (talla \u00fanica)<\/p>\n<p>&nbsp;<\/p>\n<p><strong>PROCESO ARTESANAL<\/strong><br \/>\nCada guante est\u00e1 pintado a mano con pigmentos textiles resistentes. Las variaciones sutiles de color y trazo hacen que cada prenda sea \u00fanica, llena de vida y autenticidad.<\/p>\n<p>&nbsp;<\/p>\n<p><strong>CUIDADO Y LAVADO<\/strong><br \/>\nLavar a mano con agua fr\u00eda y jab\u00f3n neutro.<br \/>\nNo frotar ni torcer.<br \/>\nSecar en plano, lejos de fuentes directas de calor.<\/p>\n<p>&nbsp;<\/p>\n<p><strong>Pieza \u00fanica<\/strong><\/p>\n","protected":false},"excerpt":{"rendered":"<p>&#8216;Un dise\u00f1o que une delicadeza y car\u00e1cter \u2014la esencia de KOKORA en cada gesto&#8217; &nbsp; El modelo Indira reinterpreta la flor m\u00e1s emblem\u00e1tica de KOKORA con una nueva y vibrante armon\u00eda. Sobre un fondo lila suave, las pinceladas negras bailan con fuerza y \u200b\u200belegancia, creando&hellip; <a class=\"continue\" href=\"https:\/\/www.kokora.cat\/es\/producte\/guante-indira-lila-negro\/\">CONTINUAR >><span> Guante Indira Lila-Negro<\/span><\/a><\/p>\n","protected":false},"featured_media":16299,"template":"","meta":{"_joinchat":[]},"product_brand":[],"product_cat":[136],"product_tag":[],"class_list":{"0":"post-17361","1":"product","2":"type-product","3":"status-publish","4":"has-post-thumbnail","6":"product_cat-koracomplements","8":"first","9":"instock","10":"taxable","11":"shipping-taxable","12":"purchasable","13":"product-type-simple"},"_links":{"self":[{"href":"https:\/\/www.kokora.cat\/es\/wp-json\/wp\/v2\/product\/17361","targetHints":{"allow":["GET"]}}],"collection":[{"href":"https:\/\/www.kokora.cat\/es\/wp-json\/wp\/v2\/product"}],"about":[{"href":"https:\/\/www.kokora.cat\/es\/wp-json\/wp\/v2\/types\/product"}],"wp:featuredmedia":[{"embeddable":true,"href":"https:\/\/www.kokora.cat\/es\/wp-json\/wp\/v2\/media\/16299"}],"wp:attachment":[{"href":"https:\/\/www.kokora.cat\/es\/wp-json\/wp\/v2\/media?parent=17361"}],"wp:term":[{"taxonomy":"product_brand","embeddable":true,"href":"https:\/\/www.kokora.cat\/es\/wp-json\/wp\/v2\/product_brand?post=17361"},{"taxonomy":"product_cat","embeddable":true,"href":"https:\/\/www.kokora.cat\/es\/wp-json\/wp\/v2\/product_cat?post=17361"},{"taxonomy":"product_tag","embeddable":true,"href":"https:\/\/www.kokora.cat\/es\/wp-json\/wp\/v2\/product_tag?post=17361"}],"curies":[{"name":"wp","href":"https:\/\/api.w.org\/{rel}","templated":true}]}}