{"id":17360,"date":"2025-11-14T12:32:31","date_gmt":"2025-11-14T10:32:31","guid":{"rendered":"https:\/\/www.kokora.cat\/?post_type=product&#038;p=17360"},"modified":"2025-12-29T16:00:45","modified_gmt":"2025-12-29T14:00:45","slug":"guante-indira-verd-oliva-or","status":"publish","type":"product","link":"https:\/\/www.kokora.cat\/es\/producte\/guante-indira-verd-oliva-or\/","title":{"rendered":"Guante Indira Verd Oliva-Or"},"content":{"rendered":"<p><em><strong>&#8216;Una pieza que captura la esencia de la naturaleza y la luz&#8217;<\/strong><\/em><\/p>\n<p>&nbsp;<\/p>\n<p>El modelo Indira se viste de nuevas tonalidades para brillar con una elegancia serena. Sobre un fondo verde oliva, las pinceladas doradas emergen con luz propia, recordando los reflejos del sol sobre la naturaleza y aportando un aire c\u00e1lido, sofisticado y lleno de armon\u00eda.<\/p>\n<p>&nbsp;<\/p>\n<p>Cada prenda est\u00e1 pintada a mano, con un trazo org\u00e1nico y vivo que convierte cada guante en una creaci\u00f3n \u00fanica, fiel al esp\u00edritu artesanal y po\u00e9tico de KOKORA.<\/p>\n<p>&nbsp;<\/p>\n<p>Confeccionados en viscosa con un 5% de elastano, se adaptan c\u00f3modamente a la mano, ofreciendo una sensaci\u00f3n c\u00e1lida y suave al tacto.<\/p>\n<p>&nbsp;<\/p>\n<p><strong>MIDA<\/strong><br \/>\n24 \u00d7 9 cm (talla \u00fanica)<\/p>\n<p>&nbsp;<\/p>\n<p><strong>PROCESO ARTESANAL<\/strong><br \/>\nCada guante est\u00e1 pintado a mano con pigmentos textiles resistentes. Las variaciones sutiles de color y trazo hacen que cada prenda sea \u00fanica, llena de vida y autenticidad.<\/p>\n<p>&nbsp;<\/p>\n<p><strong>CUIDADO Y LAVADO<\/strong><br \/>\nLavar a mano con agua fr\u00eda y jab\u00f3n neutro.<br \/>\nNo frotar ni torcer.<br \/>\nSecar en plano, lejos de fuentes directas de calor.<\/p>\n<p>&nbsp;<\/p>\n<p><strong>Pieza \u00fanica<\/strong><\/p>\n","protected":false},"excerpt":{"rendered":"<p>&#8216;Una pieza que captura la esencia de la naturaleza y la luz&#8217; &nbsp; El modelo Indira se viste de nuevas tonalidades para brillar con una elegancia serena. Sobre un fondo verde oliva, las pinceladas doradas emergen con luz propia, recordando los reflejos del sol sobre&hellip; <a class=\"continue\" href=\"https:\/\/www.kokora.cat\/es\/producte\/guante-indira-verd-oliva-or\/\">CONTINUAR >><span> Guante Indira Verd Oliva-Or<\/span><\/a><\/p>\n","protected":false},"featured_media":16308,"template":"","meta":{"_joinchat":[]},"product_brand":[],"product_cat":[136],"product_tag":[],"class_list":{"0":"post-17360","1":"product","2":"type-product","3":"status-publish","4":"has-post-thumbnail","6":"product_cat-koracomplements","8":"first","9":"instock","10":"taxable","11":"shipping-taxable","12":"purchasable","13":"product-type-simple"},"_links":{"self":[{"href":"https:\/\/www.kokora.cat\/es\/wp-json\/wp\/v2\/product\/17360","targetHints":{"allow":["GET"]}}],"collection":[{"href":"https:\/\/www.kokora.cat\/es\/wp-json\/wp\/v2\/product"}],"about":[{"href":"https:\/\/www.kokora.cat\/es\/wp-json\/wp\/v2\/types\/product"}],"wp:featuredmedia":[{"embeddable":true,"href":"https:\/\/www.kokora.cat\/es\/wp-json\/wp\/v2\/media\/16308"}],"wp:attachment":[{"href":"https:\/\/www.kokora.cat\/es\/wp-json\/wp\/v2\/media?parent=17360"}],"wp:term":[{"taxonomy":"product_brand","embeddable":true,"href":"https:\/\/www.kokora.cat\/es\/wp-json\/wp\/v2\/product_brand?post=17360"},{"taxonomy":"product_cat","embeddable":true,"href":"https:\/\/www.kokora.cat\/es\/wp-json\/wp\/v2\/product_cat?post=17360"},{"taxonomy":"product_tag","embeddable":true,"href":"https:\/\/www.kokora.cat\/es\/wp-json\/wp\/v2\/product_tag?post=17360"}],"curies":[{"name":"wp","href":"https:\/\/api.w.org\/{rel}","templated":true}]}}