{"id":17357,"date":"2025-11-14T12:41:26","date_gmt":"2025-11-14T10:41:26","guid":{"rendered":"https:\/\/www.kokora.cat\/?post_type=product&#038;p=17357"},"modified":"2025-12-29T15:58:27","modified_gmt":"2025-12-29T13:58:27","slug":"guante-indira-camel-lila","status":"publish","type":"product","link":"https:\/\/www.kokora.cat\/es\/producte\/guante-indira-camel-lila\/","title":{"rendered":"Guante Indira Camel-Lila"},"content":{"rendered":"<p><em><strong>&#8216;Una prenda que fusiona calidez y delicadeza con el estilo inconfundible de KOKORA&#8217;<\/strong><\/em><\/p>\n<p>&nbsp;<\/p>\n<p>El modelo Indira se renueva con una combinaci\u00f3n delicada y envolvente: el tono camel, c\u00e1lido y atemporal, se ilumina con pinceladas lilas que aportan un toque de originalidad y sensibilidad art\u00edstica. Un contraste suave que refleja la belleza natural y la calma que inspira a la marca KOKORA.<\/p>\n<p>&nbsp;<\/p>\n<p>Cada guante est\u00e1 pintado a mano, siguiendo el trazo org\u00e1nico y expresivo caracter\u00edstico de la flor Indira \u2014un s\u00edmbolo de feminidad, armon\u00eda y fuerza interior.<\/p>\n<p>&nbsp;<\/p>\n<p>Confeccionados en viscosa con un 5% de elastano, se adaptan c\u00f3modamente a la mano, ofreciendo una sensaci\u00f3n c\u00e1lida y suave al tacto.<\/p>\n<p>&nbsp;<\/p>\n<p><strong>MIDA<\/strong><br \/>\n24 \u00d7 9 cm (talla \u00fanica)<\/p>\n<p>&nbsp;<\/p>\n<p><strong>PROCESO ARTESANAL<\/strong><br \/>\nCada guante est\u00e1 pintado a mano con pigmentos textiles resistentes. Las variaciones sutiles de color y trazo hacen que cada prenda sea \u00fanica, llena de vida y autenticidad.<\/p>\n<p>&nbsp;<\/p>\n<p><strong>CUIDADO Y LAVADO<\/strong><br \/>\nLavar a mano con agua fr\u00eda y jab\u00f3n neutro.<br \/>\nNo frotar ni torcer.<br \/>\nSecar en plano, lejos de fuentes directas de calor.<\/p>\n<p>&nbsp;<\/p>\n<p><strong>Pieza \u00fanica<\/strong><\/p>\n","protected":false},"excerpt":{"rendered":"<p>&#8216;Una prenda que fusiona calidez y delicadeza con el estilo inconfundible de KOKORA&#8217; &nbsp; El modelo Indira se renueva con una combinaci\u00f3n delicada y envolvente: el tono camel, c\u00e1lido y atemporal, se ilumina con pinceladas lilas que aportan un toque de originalidad y sensibilidad art\u00edstica.&hellip; <a class=\"continue\" href=\"https:\/\/www.kokora.cat\/es\/producte\/guante-indira-camel-lila\/\">CONTINUAR >><span> Guante Indira Camel-Lila<\/span><\/a><\/p>\n","protected":false},"featured_media":16326,"template":"","meta":{"_joinchat":[]},"product_brand":[],"product_cat":[136],"product_tag":[],"class_list":{"0":"post-17357","1":"product","2":"type-product","3":"status-publish","4":"has-post-thumbnail","6":"product_cat-koracomplements","8":"first","9":"instock","10":"taxable","11":"shipping-taxable","12":"purchasable","13":"product-type-simple"},"_links":{"self":[{"href":"https:\/\/www.kokora.cat\/es\/wp-json\/wp\/v2\/product\/17357","targetHints":{"allow":["GET"]}}],"collection":[{"href":"https:\/\/www.kokora.cat\/es\/wp-json\/wp\/v2\/product"}],"about":[{"href":"https:\/\/www.kokora.cat\/es\/wp-json\/wp\/v2\/types\/product"}],"wp:featuredmedia":[{"embeddable":true,"href":"https:\/\/www.kokora.cat\/es\/wp-json\/wp\/v2\/media\/16326"}],"wp:attachment":[{"href":"https:\/\/www.kokora.cat\/es\/wp-json\/wp\/v2\/media?parent=17357"}],"wp:term":[{"taxonomy":"product_brand","embeddable":true,"href":"https:\/\/www.kokora.cat\/es\/wp-json\/wp\/v2\/product_brand?post=17357"},{"taxonomy":"product_cat","embeddable":true,"href":"https:\/\/www.kokora.cat\/es\/wp-json\/wp\/v2\/product_cat?post=17357"},{"taxonomy":"product_tag","embeddable":true,"href":"https:\/\/www.kokora.cat\/es\/wp-json\/wp\/v2\/product_tag?post=17357"}],"curies":[{"name":"wp","href":"https:\/\/api.w.org\/{rel}","templated":true}]}}