{"id":17356,"date":"2025-11-14T13:11:42","date_gmt":"2025-11-14T11:11:42","guid":{"rendered":"https:\/\/www.kokora.cat\/?post_type=product&#038;p=17356"},"modified":"2025-12-29T15:57:26","modified_gmt":"2025-12-29T13:57:26","slug":"guante-trebad-negro-rosa","status":"publish","type":"product","link":"https:\/\/www.kokora.cat\/es\/producte\/guante-trebad-negro-rosa\/","title":{"rendered":"Guante Trebad Negro &#8211; Rosa"},"content":{"rendered":"<p><em><strong>&#8216;Un toque de arte y delicadeza para tus manos&#8217;<\/strong><\/em><\/p>\n<p>&nbsp;<\/p>\n<p>Un contraste lleno de elegancia y car\u00e1cter. Los guantes Trebal en color negro cobran vida con pinceladas en tonos rosados, trazos delicados y llenos de movimiento que evocan la frescura de un jard\u00edn al atardecer. Cada par est\u00e1 pintado a mano, haciendo de cada pieza una expresi\u00f3n \u00fanica y viva del gesto artesanal.<\/p>\n<p>&nbsp;<\/p>\n<p>Confeccionados en viscosa con un 5% de elastano, se adaptan c\u00f3modamente a la mano, ofreciendo una sensaci\u00f3n c\u00e1lida y suave al tacto.<\/p>\n<p>&nbsp;<\/p>\n<p><strong>MIDA<\/strong><br \/>\n24 \u00d7 9 cm (talla \u00fanica)<\/p>\n<p>&nbsp;<\/p>\n<p><strong>PROCESO ARTESANAL<\/strong><br \/>\nCada guante est\u00e1 pintado a mano con pigmentos textiles resistentes. Las variaciones sutiles de color y trazo hacen que cada prenda sea \u00fanica, llena de vida y autenticidad.<\/p>\n<p>&nbsp;<\/p>\n<p><strong>CUIDADO Y LAVADO<\/strong><br \/>\nLavar a mano con agua fr\u00eda y jab\u00f3n neutro.<br \/>\nNo frotar ni torcer.<br \/>\nSecar en plano, lejos de fuentes directas de calor.<\/p>\n<p>&nbsp;<\/p>\n<p><strong>Pieza \u00fanica<\/strong><\/p>\n","protected":false},"excerpt":{"rendered":"<p>&#8216;Un toque de arte y delicadeza para tus manos&#8217; &nbsp; Un contraste lleno de elegancia y car\u00e1cter. Los guantes Trebal en color negro cobran vida con pinceladas en tonos rosados, trazos delicados y llenos de movimiento que evocan la frescura de un jard\u00edn al atardecer.&hellip; <a class=\"continue\" href=\"https:\/\/www.kokora.cat\/es\/producte\/guante-trebad-negro-rosa\/\">CONTINUAR >><span> Guante Trebad Negro &#8211; Rosa<\/span><\/a><\/p>\n","protected":false},"featured_media":16335,"template":"","meta":{"_joinchat":[]},"product_brand":[],"product_cat":[136],"product_tag":[],"class_list":{"0":"post-17356","1":"product","2":"type-product","3":"status-publish","4":"has-post-thumbnail","6":"product_cat-koracomplements","8":"first","9":"instock","10":"taxable","11":"shipping-taxable","12":"purchasable","13":"product-type-simple"},"_links":{"self":[{"href":"https:\/\/www.kokora.cat\/es\/wp-json\/wp\/v2\/product\/17356","targetHints":{"allow":["GET"]}}],"collection":[{"href":"https:\/\/www.kokora.cat\/es\/wp-json\/wp\/v2\/product"}],"about":[{"href":"https:\/\/www.kokora.cat\/es\/wp-json\/wp\/v2\/types\/product"}],"wp:featuredmedia":[{"embeddable":true,"href":"https:\/\/www.kokora.cat\/es\/wp-json\/wp\/v2\/media\/16335"}],"wp:attachment":[{"href":"https:\/\/www.kokora.cat\/es\/wp-json\/wp\/v2\/media?parent=17356"}],"wp:term":[{"taxonomy":"product_brand","embeddable":true,"href":"https:\/\/www.kokora.cat\/es\/wp-json\/wp\/v2\/product_brand?post=17356"},{"taxonomy":"product_cat","embeddable":true,"href":"https:\/\/www.kokora.cat\/es\/wp-json\/wp\/v2\/product_cat?post=17356"},{"taxonomy":"product_tag","embeddable":true,"href":"https:\/\/www.kokora.cat\/es\/wp-json\/wp\/v2\/product_tag?post=17356"}],"curies":[{"name":"wp","href":"https:\/\/api.w.org\/{rel}","templated":true}]}}