{"id":17354,"date":"2025-11-14T14:15:49","date_gmt":"2025-11-14T12:15:49","guid":{"rendered":"https:\/\/www.kokora.cat\/?post_type=product&#038;p=17354"},"modified":"2025-12-29T15:55:21","modified_gmt":"2025-12-29T13:55:21","slug":"guante-trebad-cru-ocres","status":"publish","type":"product","link":"https:\/\/www.kokora.cat\/es\/producte\/guante-trebad-cru-ocres\/","title":{"rendered":"Guante Trebad Cru-Ocres"},"content":{"rendered":"<p><em><strong>&#8216;Un toque de arte para acompa\u00f1arte en los d\u00edas m\u00e1s fr\u00edos&#8217;<\/strong><\/em><\/p>\n<p>&nbsp;<\/p>\n<p>Inspirados en la naturaleza de invierno, los guantes Trebal muestran un dibujo sutil de hojas pintadas a mano sobre un fondo crudo suave. Las pinceladas en tonos ocres evocan la luz c\u00e1lida del oto\u00f1o y aportan una armon\u00eda serena a la prenda.<\/p>\n<p>&nbsp;<\/p>\n<p>El tejido de viscosa con un toque de elastano (5%) garantiza un ajuste c\u00f3modo y flexible, mientras que su textura ligeramente afelpada mantiene las manos c\u00e1lidas sin perder ligereza.<\/p>\n<p>&nbsp;<\/p>\n<p><strong>MIDA<\/strong><br \/>\n24 \u00d7 9 cm (talla \u00fanica)<\/p>\n<p>&nbsp;<\/p>\n<p><strong>PROCESO ARTESANAL<\/strong><br \/>\nCada par es pintado a mano con pigmentos textiles resistentes, creando una prenda irrepetible y viva. Las peque\u00f1as variaciones de trazo son parte de su encanto y evidencian su naturaleza artesanal.<\/p>\n<p>&nbsp;<\/p>\n<p><strong>CUIDADO Y LAVADO<\/strong><br \/>\nLavar a mano con agua fr\u00eda y jab\u00f3n neutro.<br \/>\nNo frotar ni torcer.<br \/>\nSecar en plano, lejos de fuentes directas de calor.<\/p>\n<p>&nbsp;<\/p>\n<p><strong>Pieza \u00fanica<\/strong><\/p>\n","protected":false},"excerpt":{"rendered":"<p>&#8216;Un toque de arte para acompa\u00f1arte en los d\u00edas m\u00e1s fr\u00edos&#8217; &nbsp; Inspirados en la naturaleza de invierno, los guantes Trebal muestran un dibujo sutil de hojas pintadas a mano sobre un fondo crudo suave. Las pinceladas en tonos ocres evocan la luz c\u00e1lida del&hellip; <a class=\"continue\" href=\"https:\/\/www.kokora.cat\/es\/producte\/guante-trebad-cru-ocres\/\">CONTINUAR >><span> Guante Trebad Cru-Ocres<\/span><\/a><\/p>\n","protected":false},"featured_media":16353,"template":"","meta":{"_joinchat":[]},"product_brand":[],"product_cat":[136],"product_tag":[],"class_list":{"0":"post-17354","1":"product","2":"type-product","3":"status-publish","4":"has-post-thumbnail","6":"product_cat-koracomplements","8":"first","9":"instock","10":"taxable","11":"shipping-taxable","12":"purchasable","13":"product-type-simple"},"_links":{"self":[{"href":"https:\/\/www.kokora.cat\/es\/wp-json\/wp\/v2\/product\/17354","targetHints":{"allow":["GET"]}}],"collection":[{"href":"https:\/\/www.kokora.cat\/es\/wp-json\/wp\/v2\/product"}],"about":[{"href":"https:\/\/www.kokora.cat\/es\/wp-json\/wp\/v2\/types\/product"}],"wp:featuredmedia":[{"embeddable":true,"href":"https:\/\/www.kokora.cat\/es\/wp-json\/wp\/v2\/media\/16353"}],"wp:attachment":[{"href":"https:\/\/www.kokora.cat\/es\/wp-json\/wp\/v2\/media?parent=17354"}],"wp:term":[{"taxonomy":"product_brand","embeddable":true,"href":"https:\/\/www.kokora.cat\/es\/wp-json\/wp\/v2\/product_brand?post=17354"},{"taxonomy":"product_cat","embeddable":true,"href":"https:\/\/www.kokora.cat\/es\/wp-json\/wp\/v2\/product_cat?post=17354"},{"taxonomy":"product_tag","embeddable":true,"href":"https:\/\/www.kokora.cat\/es\/wp-json\/wp\/v2\/product_tag?post=17354"}],"curies":[{"name":"wp","href":"https:\/\/api.w.org\/{rel}","templated":true}]}}