{"id":17353,"date":"2025-11-14T15:00:31","date_gmt":"2025-11-14T13:00:31","guid":{"rendered":"https:\/\/www.kokora.cat\/?post_type=product&#038;p=17353"},"modified":"2025-12-29T15:15:50","modified_gmt":"2025-12-29T13:15:50","slug":"bolso-pequeno-indira-ocre-negro","status":"publish","type":"product","link":"https:\/\/www.kokora.cat\/es\/producte\/bolso-pequeno-indira-ocre-negro\/","title":{"rendered":"Bolso peque\u00f1o Indira Ocre-Negro"},"content":{"rendered":"<p><em><strong>&#8216;Una pieza con alma, pensada para quien cree que la elegancia nace de la sencillez y del detalle.&#8217;<\/strong><\/em><\/p>\n<p>&nbsp;<\/p>\n<p>El modelo INDIRA representa la esencia de KOKORA: una flor libre y viva, s\u00edmbolo del movimiento y de la belleza org\u00e1nica. Pintada a mano alzada con un trazo negro sobre la piel ocre, esta prenda combina fuerza y \u200b\u200bdelicadeza en un equilibrio perfecto.<\/p>\n<p>&nbsp;<\/p>\n<p>Confeccionada en piel girada gruesa y resistente, mantiene una s\u00f3lida estructura con un tacto c\u00e1lido y natural. La cinta regulable permite llevarla cruzada o al hombro, adapt\u00e1ndose a cada momento con elegancia y comodidad.<\/p>\n<p>&nbsp;<\/p>\n<p><strong>MIDA<\/strong><br \/>\n20 \u00d7 16 \u00d7 3 cm<\/p>\n<p>&nbsp;<\/p>\n<p><strong>MATERIALES<\/strong><br \/>\nPiel girada natural de alta calidad, suave, duradera y con acabados artesanales.<\/p>\n<p>&nbsp;<\/p>\n<p><strong>PROCESO ARTESANAL<\/strong><br \/>\nCada bolsa es pintada a mano con gesto libre y espont\u00e1neo, haciendo que ninguna prenda sea exactamente igual a otra. El arte y el oficio se unen para dar vida a una \u00fanica creaci\u00f3n.<\/p>\n","protected":false},"excerpt":{"rendered":"<p>&#8216;Una pieza con alma, pensada para quien cree que la elegancia nace de la sencillez y del detalle.&#8217; &nbsp; El modelo INDIRA representa la esencia de KOKORA: una flor libre y viva, s\u00edmbolo del movimiento y de la belleza org\u00e1nica. Pintada a mano alzada con&hellip; <a class=\"continue\" href=\"https:\/\/www.kokora.cat\/es\/producte\/bolso-pequeno-indira-ocre-negro\/\">CONTINUAR >><span> Bolso peque\u00f1o Indira Ocre-Negro<\/span><\/a><\/p>\n","protected":false},"featured_media":16394,"template":"","meta":{"_joinchat":[]},"product_brand":[],"product_cat":[135],"product_tag":[],"class_list":{"0":"post-17353","1":"product","2":"type-product","3":"status-publish","4":"has-post-thumbnail","6":"product_cat-korabags","8":"first","9":"instock","10":"taxable","11":"shipping-taxable","12":"purchasable","13":"product-type-simple"},"_links":{"self":[{"href":"https:\/\/www.kokora.cat\/es\/wp-json\/wp\/v2\/product\/17353","targetHints":{"allow":["GET"]}}],"collection":[{"href":"https:\/\/www.kokora.cat\/es\/wp-json\/wp\/v2\/product"}],"about":[{"href":"https:\/\/www.kokora.cat\/es\/wp-json\/wp\/v2\/types\/product"}],"wp:featuredmedia":[{"embeddable":true,"href":"https:\/\/www.kokora.cat\/es\/wp-json\/wp\/v2\/media\/16394"}],"wp:attachment":[{"href":"https:\/\/www.kokora.cat\/es\/wp-json\/wp\/v2\/media?parent=17353"}],"wp:term":[{"taxonomy":"product_brand","embeddable":true,"href":"https:\/\/www.kokora.cat\/es\/wp-json\/wp\/v2\/product_brand?post=17353"},{"taxonomy":"product_cat","embeddable":true,"href":"https:\/\/www.kokora.cat\/es\/wp-json\/wp\/v2\/product_cat?post=17353"},{"taxonomy":"product_tag","embeddable":true,"href":"https:\/\/www.kokora.cat\/es\/wp-json\/wp\/v2\/product_tag?post=17353"}],"curies":[{"name":"wp","href":"https:\/\/api.w.org\/{rel}","templated":true}]}}