{"id":17352,"date":"2025-11-14T14:31:57","date_gmt":"2025-11-14T12:31:57","guid":{"rendered":"https:\/\/www.kokora.cat\/?post_type=product&#038;p=17352"},"modified":"2025-12-29T15:13:21","modified_gmt":"2025-12-29T13:13:21","slug":"bolsa-de-pan-peter","status":"publish","type":"product","link":"https:\/\/www.kokora.cat\/es\/producte\/bolsa-de-pan-peter\/","title":{"rendered":"Bolsa de pan Peter"},"content":{"rendered":"<p><em><strong>&#8216;Un bolso con coraz\u00f3n, car\u00e1cter y esencia&#8217;<\/strong><\/em><\/p>\n<p>&nbsp;<\/p>\n<p>Kokoro es el alma de la casa \u2014y tambi\u00e9n la m\u00eda. De ojos azules intensos y mirada de artista, es tan encantador como rabiut, tan dulce como celoso. Un abuelo con car\u00e1cter, de aquellos que siempre encuentran el rinc\u00f3n m\u00e1s c\u00e1lido o tu regazo para pedir una buena sesi\u00f3n de mimos. Y, claro, siempre ronronea.<\/p>\n<p>&nbsp;<\/p>\n<p>Esta bolsa de pan est\u00e1 pintada a mano con trazos suaves y detalles dorados que capturan su esencia: noble, tierna y con mucha personalidad.<\/p>\n<p>&nbsp;<\/p>\n<p>El lino, por su transpirabilidad natural, ayuda a mantener el pan fresco y h\u00famedo durante m\u00e1s tiempo, evitando el moho y conservando su textura original. Un bolso funcional y est\u00e9tico, pensado para aportar un toque de arte y calidez a tu d\u00eda a d\u00eda.<\/p>\n<p>&nbsp;<\/p>\n<p><strong>MEDIDAS<\/strong><br \/>\n30 \u00d7 60 cm<\/p>\n<p>&nbsp;<\/p>\n<p><strong>PROCESO ARTESANAL<\/strong><br \/>\nCada prenda est\u00e1 pintada a mano con tintas ecol\u00f3gicas sobre tejidos org\u00e1nicos como el lino y el algod\u00f3n, haciendo que cada bolsa sea \u00fanica, viva y llena de alma \u2014como el Kokoro.<\/p>\n<p>&nbsp;<\/p>\n<p><strong>NOTA IMPORTANTE<\/strong><br \/>\nLos colores, trazos y estampados pueden variar ligeramente respecto a las fotograf\u00edas de la web, ya que cada pieza se crea manualmente.<br \/>\nSi lo deseas, puedes personalizar completamente tu bolso (medidas, colores y estampados). S\u00f3lo tienes que escribirnos a trav\u00e9s del formulario de contacto y te responderemos pronto.<\/p>\n<p>&nbsp;<\/p>\n<p><strong>CUIDADO Y LAVADO<\/strong><br \/>\nTemperatura m\u00e1xima: 40 \u00b0C<br \/>\nCentrifugado corto<br \/>\nPlanchado al rev\u00e9s con alta temperatura<br \/>\nLos tejidos blancos permiten el uso de lej\u00eda, sin alterar la tinta<\/p>\n","protected":false},"excerpt":{"rendered":"<p>&#8216;Un bolso con coraz\u00f3n, car\u00e1cter y esencia&#8217; &nbsp; Kokoro es el alma de la casa \u2014y tambi\u00e9n la m\u00eda. De ojos azules intensos y mirada de artista, es tan encantador como rabiut, tan dulce como celoso. Un abuelo con car\u00e1cter, de aquellos que siempre encuentran&hellip; <a class=\"continue\" href=\"https:\/\/www.kokora.cat\/es\/producte\/bolsa-de-pan-peter\/\">CONTINUAR >><span> Bolsa de pan Peter<\/span><\/a><\/p>\n","protected":false},"featured_media":16362,"template":"","meta":{"_joinchat":[]},"product_brand":[],"product_cat":[139],"product_tag":[],"class_list":{"0":"post-17352","1":"product","2":"type-product","3":"status-publish","4":"has-post-thumbnail","6":"product_cat-korakats","8":"first","9":"instock","10":"taxable","11":"shipping-taxable","12":"purchasable","13":"product-type-simple"},"_links":{"self":[{"href":"https:\/\/www.kokora.cat\/es\/wp-json\/wp\/v2\/product\/17352","targetHints":{"allow":["GET"]}}],"collection":[{"href":"https:\/\/www.kokora.cat\/es\/wp-json\/wp\/v2\/product"}],"about":[{"href":"https:\/\/www.kokora.cat\/es\/wp-json\/wp\/v2\/types\/product"}],"wp:featuredmedia":[{"embeddable":true,"href":"https:\/\/www.kokora.cat\/es\/wp-json\/wp\/v2\/media\/16362"}],"wp:attachment":[{"href":"https:\/\/www.kokora.cat\/es\/wp-json\/wp\/v2\/media?parent=17352"}],"wp:term":[{"taxonomy":"product_brand","embeddable":true,"href":"https:\/\/www.kokora.cat\/es\/wp-json\/wp\/v2\/product_brand?post=17352"},{"taxonomy":"product_cat","embeddable":true,"href":"https:\/\/www.kokora.cat\/es\/wp-json\/wp\/v2\/product_cat?post=17352"},{"taxonomy":"product_tag","embeddable":true,"href":"https:\/\/www.kokora.cat\/es\/wp-json\/wp\/v2\/product_tag?post=17352"}],"curies":[{"name":"wp","href":"https:\/\/api.w.org\/{rel}","templated":true}]}}