{"id":17351,"date":"2025-11-14T14:44:00","date_gmt":"2025-11-14T12:44:00","guid":{"rendered":"https:\/\/www.kokora.cat\/?post_type=product&#038;p=17351"},"modified":"2025-12-29T15:11:47","modified_gmt":"2025-12-29T13:11:47","slug":"bolso-pequeno-lineas-rojo-colores","status":"publish","type":"product","link":"https:\/\/www.kokora.cat\/es\/producte\/bolso-pequeno-lineas-rojo-colores\/","title":{"rendered":"Bolso peque\u00f1o L\u00edneas Rojo-Colores"},"content":{"rendered":"<p><em><strong>&#8216;Una pieza que habla con el lenguaje del movimiento y la esencia de la imperfecci\u00f3n bella.&#8217;<\/strong><\/em><\/p>\n<p>&nbsp;<\/p>\n<p>Modelo L\u00cdNEAS celebra la belleza del movimiento espont\u00e1neo y la simplicidad del trazo. Pintada a mano alzada sobre piel girada gruesa y resistente, cada l\u00ednea fluye libremente, creando un juego org\u00e1nico de formas que convierte la pieza en una peque\u00f1a obra de arte port\u00e1til.<\/p>\n<p>&nbsp;<\/p>\n<p>Con una cinta regulable para llevarla cruzada o al hombro, es un complemento pr\u00e1ctico y expresivo, ideal para el d\u00eda a d\u00eda o para dar un toque de estilo \u00fanico a tus looks m\u00e1s especiales.<\/p>\n<p>&nbsp;<\/p>\n<p><strong>MIDA<\/strong><br \/>\n20 \u00d7 16 \u00d7 3 cm<\/p>\n<p>&nbsp;<\/p>\n<p><strong>MATERIALES<\/strong><br \/>\nPiel girada natural gruesa, de gran resistencia y tacto suave.<\/p>\n<p>&nbsp;<\/p>\n<p><strong>PROCESO ARTESANAL<\/strong><br \/>\nCada trazo es \u00fanico e irrepetible, realizado con pincel y tinta ecol\u00f3gica sobre la piel, siguiendo la filosof\u00eda artesanal de KOKORA: belleza org\u00e1nica y autenticidad en cada detalle.<\/p>\n","protected":false},"excerpt":{"rendered":"<p>&#8216;Una pieza que habla con el lenguaje del movimiento y la esencia de la imperfecci\u00f3n bella.&#8217; &nbsp; Modelo L\u00cdNEAS celebra la belleza del movimiento espont\u00e1neo y la simplicidad del trazo. Pintada a mano alzada sobre piel girada gruesa y resistente, cada l\u00ednea fluye libremente, creando&hellip; <a class=\"continue\" href=\"https:\/\/www.kokora.cat\/es\/producte\/bolso-pequeno-lineas-rojo-colores\/\">CONTINUAR >><span> Bolso peque\u00f1o L\u00edneas Rojo-Colores<\/span><\/a><\/p>\n","protected":false},"featured_media":16379,"template":"","meta":{"_joinchat":[]},"product_brand":[],"product_cat":[135],"product_tag":[],"class_list":{"0":"post-17351","1":"product","2":"type-product","3":"status-publish","4":"has-post-thumbnail","6":"product_cat-korabags","8":"first","9":"instock","10":"taxable","11":"shipping-taxable","12":"purchasable","13":"product-type-simple"},"_links":{"self":[{"href":"https:\/\/www.kokora.cat\/es\/wp-json\/wp\/v2\/product\/17351","targetHints":{"allow":["GET"]}}],"collection":[{"href":"https:\/\/www.kokora.cat\/es\/wp-json\/wp\/v2\/product"}],"about":[{"href":"https:\/\/www.kokora.cat\/es\/wp-json\/wp\/v2\/types\/product"}],"wp:featuredmedia":[{"embeddable":true,"href":"https:\/\/www.kokora.cat\/es\/wp-json\/wp\/v2\/media\/16379"}],"wp:attachment":[{"href":"https:\/\/www.kokora.cat\/es\/wp-json\/wp\/v2\/media?parent=17351"}],"wp:term":[{"taxonomy":"product_brand","embeddable":true,"href":"https:\/\/www.kokora.cat\/es\/wp-json\/wp\/v2\/product_brand?post=17351"},{"taxonomy":"product_cat","embeddable":true,"href":"https:\/\/www.kokora.cat\/es\/wp-json\/wp\/v2\/product_cat?post=17351"},{"taxonomy":"product_tag","embeddable":true,"href":"https:\/\/www.kokora.cat\/es\/wp-json\/wp\/v2\/product_tag?post=17351"}],"curies":[{"name":"wp","href":"https:\/\/api.w.org\/{rel}","templated":true}]}}