{"id":17349,"date":"2025-11-14T16:27:34","date_gmt":"2025-11-14T14:27:34","guid":{"rendered":"https:\/\/www.kokora.cat\/?post_type=product&#038;p=17349"},"modified":"2025-12-29T15:06:07","modified_gmt":"2025-12-29T13:06:07","slug":"bolso-pequeno-treblad-marro-lila","status":"publish","type":"product","link":"https:\/\/www.kokora.cat\/es\/producte\/bolso-pequeno-treblad-marro-lila\/","title":{"rendered":"Bolso peque\u00f1o Treblad Marr\u00f3-Lila"},"content":{"rendered":"<p><em><strong>&#8216;Una pieza que respira naturaleza y personalidad, creada para almas que aprecian la belleza del detalle&#8217;<\/strong><\/em><\/p>\n<p>&nbsp;<\/p>\n<p>El modelo TREBLAD se inspira en la belleza org\u00e1nica de la naturaleza, con unas hojas pintadas a mano que bailan sobre la piel marr\u00f3n claro, creando un juego sutil de movimiento y luz. Los tonos lilas aportan un toque de elegancia y serenidad que equilibra la fuerza del material.<\/p>\n<p>&nbsp;<\/p>\n<p>Confeccionada en piel girada gruesa y resistente, esta bolsa mantiene su estructura con un cayente suave y natural. La cinta regulable permite llevarla cruzada o al hombro, con comodidad y estilo atemporal.<\/p>\n<p>&nbsp;<\/p>\n<p><strong>MIDA<\/strong><br \/>\n20 \u00d7 16 \u00d7 3 cm<\/p>\n<p>&nbsp;<\/p>\n<p><strong>MATERIALES<\/strong><br \/>\nPiel girada natural de gran calidad, suave al tacto y de alta durabilidad.<\/p>\n<p>&nbsp;<\/p>\n<p><strong>PROCESO ARTESANAL<\/strong><br \/>\nCada pieza est\u00e1 pintada a mano con gesto espont\u00e1neo y trazos \u00fanicos, haciendo de cada bolsa una peque\u00f1a obra de arte. Las diferencias sutiles entre una y otra son parte de su encanto y autenticidad.<\/p>\n","protected":false},"excerpt":{"rendered":"<p>&#8216;Una pieza que respira naturaleza y personalidad, creada para almas que aprecian la belleza del detalle&#8217; &nbsp; El modelo TREBLAD se inspira en la belleza org\u00e1nica de la naturaleza, con unas hojas pintadas a mano que bailan sobre la piel marr\u00f3n claro, creando un juego&hellip; <a class=\"continue\" href=\"https:\/\/www.kokora.cat\/es\/producte\/bolso-pequeno-treblad-marro-lila\/\">CONTINUAR >><span> Bolso peque\u00f1o Treblad Marr\u00f3-Lila<\/span><\/a><\/p>\n","protected":false},"featured_media":16403,"template":"","meta":{"_joinchat":[]},"product_brand":[],"product_cat":[135],"product_tag":[],"class_list":{"0":"post-17349","1":"product","2":"type-product","3":"status-publish","4":"has-post-thumbnail","6":"product_cat-korabags","8":"first","9":"instock","10":"taxable","11":"shipping-taxable","12":"purchasable","13":"product-type-simple"},"_links":{"self":[{"href":"https:\/\/www.kokora.cat\/es\/wp-json\/wp\/v2\/product\/17349","targetHints":{"allow":["GET"]}}],"collection":[{"href":"https:\/\/www.kokora.cat\/es\/wp-json\/wp\/v2\/product"}],"about":[{"href":"https:\/\/www.kokora.cat\/es\/wp-json\/wp\/v2\/types\/product"}],"wp:featuredmedia":[{"embeddable":true,"href":"https:\/\/www.kokora.cat\/es\/wp-json\/wp\/v2\/media\/16403"}],"wp:attachment":[{"href":"https:\/\/www.kokora.cat\/es\/wp-json\/wp\/v2\/media?parent=17349"}],"wp:term":[{"taxonomy":"product_brand","embeddable":true,"href":"https:\/\/www.kokora.cat\/es\/wp-json\/wp\/v2\/product_brand?post=17349"},{"taxonomy":"product_cat","embeddable":true,"href":"https:\/\/www.kokora.cat\/es\/wp-json\/wp\/v2\/product_cat?post=17349"},{"taxonomy":"product_tag","embeddable":true,"href":"https:\/\/www.kokora.cat\/es\/wp-json\/wp\/v2\/product_tag?post=17349"}],"curies":[{"name":"wp","href":"https:\/\/api.w.org\/{rel}","templated":true}]}}