{"id":17348,"date":"2025-11-14T16:31:04","date_gmt":"2025-11-14T14:31:04","guid":{"rendered":"https:\/\/www.kokora.cat\/?post_type=product&#038;p=17348"},"modified":"2025-12-29T15:05:07","modified_gmt":"2025-12-29T13:05:07","slug":"bolso-pequeno-treblad-ocre-gris-oscuro-plateado","status":"publish","type":"product","link":"https:\/\/www.kokora.cat\/es\/producte\/bolso-pequeno-treblad-ocre-gris-oscuro-plateado\/","title":{"rendered":"Bolso peque\u00f1o Treblad Ocre-Gris oscuro plateado"},"content":{"rendered":"<p><em><strong>&#8216;Un bolso que respira naturaleza, elegancia y calma \u2014 fiel reflejo de la esencia KOKORA&#8217;<\/strong><\/em><\/p>\n<p>&nbsp;<\/p>\n<p>El modelo TREBLAD celebra la belleza org\u00e1nica de la naturaleza con un dise\u00f1o de hojas pintadas a mano en tonos gris oscuro plateado, que parecen bailar sobre el fondo c\u00e1lido ocre de la piel. Una prenda que combina sutileza y fuerza, con la elegancia propia de la sencillez bien hecha.<\/p>\n<p>&nbsp;<\/p>\n<p>Confeccionada en piel girada gruesa y resistente, conserva una textura suave y una estructura s\u00f3lida, pensada para acompa\u00f1arte con estilo y autenticidad en el d\u00eda a d\u00eda. La cinta regulable permite llevarla cruzada o al hombro, adapt\u00e1ndose a tu ritmo con naturalidad.<\/p>\n<p>&nbsp;<\/p>\n<p><strong>MIDA<\/strong><br \/>\n20 \u00d7 16 \u00d7 3 cm<\/p>\n<p>&nbsp;<\/p>\n<p><strong>MATERIALES<\/strong><br \/>\nPiel girada natural de alta calidad, de tacto c\u00e1lido y acabados artesanales.<\/p>\n<p>&nbsp;<\/p>\n<p><strong>PROCESO ARTESANAL<\/strong><br \/>\nCada bolsa est\u00e1 pintada a mano, con trazos libres y matices \u00fanicos que convierten cada pieza en una peque\u00f1a obra de arte.<\/p>\n","protected":false},"excerpt":{"rendered":"<p>&#8216;Un bolso que respira naturaleza, elegancia y calma \u2014 fiel reflejo de la esencia KOKORA&#8217; &nbsp; El modelo TREBLAD celebra la belleza org\u00e1nica de la naturaleza con un dise\u00f1o de hojas pintadas a mano en tonos gris oscuro plateado, que parecen bailar sobre el fondo&hellip; <a class=\"continue\" href=\"https:\/\/www.kokora.cat\/es\/producte\/bolso-pequeno-treblad-ocre-gris-oscuro-plateado\/\">CONTINUAR >><span> Bolso peque\u00f1o Treblad Ocre-Gris oscuro plateado<\/span><\/a><\/p>\n","protected":false},"featured_media":16412,"template":"","meta":{"_joinchat":[]},"product_brand":[],"product_cat":[135],"product_tag":[],"class_list":{"0":"post-17348","1":"product","2":"type-product","3":"status-publish","4":"has-post-thumbnail","6":"product_cat-korabags","8":"first","9":"instock","10":"taxable","11":"shipping-taxable","12":"purchasable","13":"product-type-simple"},"_links":{"self":[{"href":"https:\/\/www.kokora.cat\/es\/wp-json\/wp\/v2\/product\/17348","targetHints":{"allow":["GET"]}}],"collection":[{"href":"https:\/\/www.kokora.cat\/es\/wp-json\/wp\/v2\/product"}],"about":[{"href":"https:\/\/www.kokora.cat\/es\/wp-json\/wp\/v2\/types\/product"}],"wp:featuredmedia":[{"embeddable":true,"href":"https:\/\/www.kokora.cat\/es\/wp-json\/wp\/v2\/media\/16412"}],"wp:attachment":[{"href":"https:\/\/www.kokora.cat\/es\/wp-json\/wp\/v2\/media?parent=17348"}],"wp:term":[{"taxonomy":"product_brand","embeddable":true,"href":"https:\/\/www.kokora.cat\/es\/wp-json\/wp\/v2\/product_brand?post=17348"},{"taxonomy":"product_cat","embeddable":true,"href":"https:\/\/www.kokora.cat\/es\/wp-json\/wp\/v2\/product_cat?post=17348"},{"taxonomy":"product_tag","embeddable":true,"href":"https:\/\/www.kokora.cat\/es\/wp-json\/wp\/v2\/product_tag?post=17348"}],"curies":[{"name":"wp","href":"https:\/\/api.w.org\/{rel}","templated":true}]}}