{"id":17343,"date":"2025-11-14T16:47:33","date_gmt":"2025-11-14T14:47:33","guid":{"rendered":"https:\/\/www.kokora.cat\/?post_type=product&#038;p=17343"},"modified":"2025-12-29T15:10:37","modified_gmt":"2025-12-29T13:10:37","slug":"pack-foulard-indira-guante-chispa","status":"publish","type":"product","link":"https:\/\/www.kokora.cat\/es\/producte\/pack-foulard-indira-guante-chispa\/","title":{"rendered":"Pack Foulard Indira &#038; guante Chispa"},"content":{"rendered":"<p><em><strong>&#8216;D\u00e9jate abrazar por su calidez y su encanto natural&#8217;<\/strong><\/em><\/p>\n<p>&nbsp;<\/p>\n<p>Un d\u00fao que combina elegancia, calidez y luz. El foulard Indira, con su trazo delicado y femenino en tonos rosados, se funde con la suavidad de los guantes Chispa, decorados con peque\u00f1os puntos plateados y un sutil toque de color. Juntos crean un conjunto armonioso que aporta luz a los d\u00edas fr\u00edos y un gesto de estilo en cualquier momento.<\/p>\n<p>&nbsp;<\/p>\n<p>Una elecci\u00f3n perfecta para regalar o para regalarte, llena de encanto y personalidad -como todas las piezas KOKORA, hechas a mano con alma y sensibilidad.<\/p>\n<p><strong>Foular<\/strong><br \/>\n<strong>Tejido:<\/strong> lana con acabado tipo cachemira (suave y c\u00e1lido)<br \/>\n<strong>Pintura:<\/strong> especial para lana, resistente al lavado<br \/>\n<strong>Medida:<\/strong> 180 \u00d7 70 cm (aprox.)<br \/>\n<strong>Cuidado:<\/strong> lavar a mano con agua fr\u00eda y jab\u00f3n suave. No dejar en remojo. Planchar a baja temperatura por el env\u00e9s.<\/p>\n<p>&nbsp;<\/p>\n<p><strong>Guantes<\/strong><br \/>\n<strong>Composici\u00f3n:<\/strong> viscosa con 5% elastano<br \/>\n<strong>Tacto:<\/strong> suave y flexible<br \/>\n<strong>Medida:<\/strong> \u00fanica (24 \u00d7 9 cm)<br \/>\n<strong>Cuidado:<\/strong> lavar a mano con agua fr\u00eda, sin torcer. No planchar.<\/p>\n","protected":false},"excerpt":{"rendered":"<p>&#8216;D\u00e9jate abrazar por su calidez y su encanto natural&#8217; &nbsp; Un d\u00fao que combina elegancia, calidez y luz. El foulard Indira, con su trazo delicado y femenino en tonos rosados, se funde con la suavidad de los guantes Chispa, decorados con peque\u00f1os puntos plateados y&hellip; <a class=\"continue\" href=\"https:\/\/www.kokora.cat\/es\/producte\/pack-foulard-indira-guante-chispa\/\">CONTINUAR >><span> Pack Foulard Indira &#038; guante Chispa<\/span><\/a><\/p>\n","protected":false},"featured_media":16424,"template":"","meta":{"_joinchat":[]},"product_brand":[],"product_cat":[140],"product_tag":[],"class_list":{"0":"post-17343","1":"product","2":"type-product","3":"status-publish","4":"has-post-thumbnail","6":"product_cat-korapacks","8":"first","9":"instock","10":"taxable","11":"shipping-taxable","12":"purchasable","13":"product-type-simple"},"_links":{"self":[{"href":"https:\/\/www.kokora.cat\/es\/wp-json\/wp\/v2\/product\/17343","targetHints":{"allow":["GET"]}}],"collection":[{"href":"https:\/\/www.kokora.cat\/es\/wp-json\/wp\/v2\/product"}],"about":[{"href":"https:\/\/www.kokora.cat\/es\/wp-json\/wp\/v2\/types\/product"}],"wp:featuredmedia":[{"embeddable":true,"href":"https:\/\/www.kokora.cat\/es\/wp-json\/wp\/v2\/media\/16424"}],"wp:attachment":[{"href":"https:\/\/www.kokora.cat\/es\/wp-json\/wp\/v2\/media?parent=17343"}],"wp:term":[{"taxonomy":"product_brand","embeddable":true,"href":"https:\/\/www.kokora.cat\/es\/wp-json\/wp\/v2\/product_brand?post=17343"},{"taxonomy":"product_cat","embeddable":true,"href":"https:\/\/www.kokora.cat\/es\/wp-json\/wp\/v2\/product_cat?post=17343"},{"taxonomy":"product_tag","embeddable":true,"href":"https:\/\/www.kokora.cat\/es\/wp-json\/wp\/v2\/product_tag?post=17343"}],"curies":[{"name":"wp","href":"https:\/\/api.w.org\/{rel}","templated":true}]}}