{"id":17342,"date":"2025-11-14T16:58:25","date_gmt":"2025-11-14T14:58:25","guid":{"rendered":"https:\/\/www.kokora.cat\/?post_type=product&#038;p=17342"},"modified":"2025-12-29T15:07:08","modified_gmt":"2025-12-29T13:07:08","slug":"pack-foulard-lineas-petroleo-guante-negro-treblad","status":"publish","type":"product","link":"https:\/\/www.kokora.cat\/es\/producte\/pack-foulard-lineas-petroleo-guante-negro-treblad\/","title":{"rendered":"Pack Foulard l\u00edneas Petr\u00f3leo &#038; Guante negro Treblad"},"content":{"rendered":"<p><em><strong>&#8216;Deja que el color y la calidez te cuenten sin palabras&#8217;<\/strong><\/em><\/p>\n<p>&nbsp;<\/p>\n<p>Deja que el color y la calidez te cuenten sin palabras.<\/p>\n<p>&nbsp;<\/p>\n<p>Un conjunto que habla de movimiento, expresi\u00f3n y elegancia contempor\u00e1nea. El foulard L\u00edneas, en tonalidades petr\u00f3leo con trazos pintados a mano de colores vivos, transmite energ\u00eda y creatividad con cada pincelada. Se unen los guantes Treblad, de color negro con toques azules turquesa, que a\u00f1aden un refinado contraste y lleno de car\u00e1cter.<\/p>\n<p>&nbsp;<\/p>\n<p>Juntos crean un perfecto equilibrio entre sobriedad y vitalidad, ideales para quien quiere destacar con estilo y autenticidad hasta en los peque\u00f1os detalles.<\/p>\n<p>&nbsp;<\/p>\n<p>Un pack para regalar o regalarte \u2014hecho con alma, sensibilidad y el toque \u00fanico de KOKORA.<\/p>\n<p>&nbsp;<\/p>\n<p><strong>Foular<\/strong><br \/>\n<strong>Tejido:<\/strong> lana con acabado tipo cachemira (suave y c\u00e1lido)<br \/>\n<strong>Pintura:<\/strong> especial para lana, resistente al lavado<br \/>\n<strong>Medida:<\/strong> 180 \u00d7 70 cm (aprox.)<br \/>\n<strong>Cuidado:<\/strong> lavar a mano con agua fr\u00eda y jab\u00f3n suave. No dejar en remojo. Planchar a baja temperatura por el env\u00e9s.<\/p>\n<p>&nbsp;<\/p>\n<p><strong>Guantes<\/strong><br \/>\n<strong>Composici\u00f3n:<\/strong> viscosa con 5% elastano<br \/>\n<strong>Tacto:<\/strong> suave y flexible<br \/>\n<strong>Medida:<\/strong> \u00fanica (24 \u00d7 9 cm)<br \/>\n<strong>Cuidado:<\/strong> lavar a mano con agua fr\u00eda, sin torcer. No planchar.<\/p>\n","protected":false},"excerpt":{"rendered":"<p>&#8216;Deja que el color y la calidez te cuenten sin palabras&#8217; &nbsp; Deja que el color y la calidez te cuenten sin palabras. &nbsp; Un conjunto que habla de movimiento, expresi\u00f3n y elegancia contempor\u00e1nea. El foulard L\u00edneas, en tonalidades petr\u00f3leo con trazos pintados a mano&hellip; <a class=\"continue\" href=\"https:\/\/www.kokora.cat\/es\/producte\/pack-foulard-lineas-petroleo-guante-negro-treblad\/\">CONTINUAR >><span> Pack Foulard l\u00edneas Petr\u00f3leo &#038; Guante negro Treblad<\/span><\/a><\/p>\n","protected":false},"featured_media":16438,"template":"","meta":{"_joinchat":[]},"product_brand":[],"product_cat":[140],"product_tag":[],"class_list":{"0":"post-17342","1":"product","2":"type-product","3":"status-publish","4":"has-post-thumbnail","6":"product_cat-korapacks","8":"first","9":"instock","10":"taxable","11":"shipping-taxable","12":"purchasable","13":"product-type-simple"},"_links":{"self":[{"href":"https:\/\/www.kokora.cat\/es\/wp-json\/wp\/v2\/product\/17342","targetHints":{"allow":["GET"]}}],"collection":[{"href":"https:\/\/www.kokora.cat\/es\/wp-json\/wp\/v2\/product"}],"about":[{"href":"https:\/\/www.kokora.cat\/es\/wp-json\/wp\/v2\/types\/product"}],"wp:featuredmedia":[{"embeddable":true,"href":"https:\/\/www.kokora.cat\/es\/wp-json\/wp\/v2\/media\/16438"}],"wp:attachment":[{"href":"https:\/\/www.kokora.cat\/es\/wp-json\/wp\/v2\/media?parent=17342"}],"wp:term":[{"taxonomy":"product_brand","embeddable":true,"href":"https:\/\/www.kokora.cat\/es\/wp-json\/wp\/v2\/product_brand?post=17342"},{"taxonomy":"product_cat","embeddable":true,"href":"https:\/\/www.kokora.cat\/es\/wp-json\/wp\/v2\/product_cat?post=17342"},{"taxonomy":"product_tag","embeddable":true,"href":"https:\/\/www.kokora.cat\/es\/wp-json\/wp\/v2\/product_tag?post=17342"}],"curies":[{"name":"wp","href":"https:\/\/api.w.org\/{rel}","templated":true}]}}