{"id":17341,"date":"2025-11-14T17:05:30","date_gmt":"2025-11-14T15:05:30","guid":{"rendered":"https:\/\/www.kokora.cat\/?post_type=product&#038;p=17341"},"modified":"2025-12-29T14:58:36","modified_gmt":"2025-12-29T12:58:36","slug":"pieza-de-tela-estampada-vina","status":"publish","type":"product","link":"https:\/\/www.kokora.cat\/es\/producte\/pieza-de-tela-estampada-vina\/","title":{"rendered":"Pieza de tela estampada Vi\u00f1a"},"content":{"rendered":"<p><em><strong>&#8216;Un dise\u00f1o que combina elegancia y naturaleza con la huella inconfundible de KOKORA&#8217;<\/strong><\/em><\/p>\n<p>&nbsp;<\/p>\n<p>La elegancia del contraste entre la tierra y la luz. El modelo VINYA es una pieza que combina la fuerza del trazo negro con la sutileza de los detalles dorados, evocando las formas sinuosas de los vi\u00f1edos y su energ\u00eda vital. Cada motivo est\u00e1 pintado a mano sobre lino natural europeo, creando un juego de luces y sombras que desprende calidez y sofisticaci\u00f3n.<\/p>\n<p>&nbsp;<\/p>\n<p>Un tejido que habla de ra\u00edces, naturaleza y autenticidad, ideal para dar car\u00e1cter a prendas de decoraci\u00f3n o proyectos textiles \u00fanicos.<\/p>\n<p>&nbsp;<\/p>\n<p><strong>MIDA<\/strong><br \/>\n1 \u00d7 1 metro<\/p>\n<p>&nbsp;<\/p>\n<p><strong>TEJIDO Y PROCESO ARTESANAL<\/strong><br \/>\nLino europeo 100%, estampado y pintado a mano con tintas ecol\u00f3gicas. Los toques dorados aportan luz y movimiento, convirtiendo cada metro en una obra singular, irrepetible y viva.<\/p>\n","protected":false},"excerpt":{"rendered":"<p>&#8216;Un dise\u00f1o que combina elegancia y naturaleza con la huella inconfundible de KOKORA&#8217; &nbsp; La elegancia del contraste entre la tierra y la luz. El modelo VINYA es una pieza que combina la fuerza del trazo negro con la sutileza de los detalles dorados, evocando&hellip; <a class=\"continue\" href=\"https:\/\/www.kokora.cat\/es\/producte\/pieza-de-tela-estampada-vina\/\">CONTINUAR >><span> Pieza de tela estampada Vi\u00f1a<\/span><\/a><\/p>\n","protected":false},"featured_media":16452,"template":"","meta":{"_joinchat":[]},"product_brand":[],"product_cat":[142],"product_tag":[],"class_list":{"0":"post-17341","1":"product","2":"type-product","3":"status-publish","4":"has-post-thumbnail","6":"product_cat-korastamp","8":"first","9":"instock","10":"taxable","11":"shipping-taxable","12":"purchasable","13":"product-type-simple"},"_links":{"self":[{"href":"https:\/\/www.kokora.cat\/es\/wp-json\/wp\/v2\/product\/17341","targetHints":{"allow":["GET"]}}],"collection":[{"href":"https:\/\/www.kokora.cat\/es\/wp-json\/wp\/v2\/product"}],"about":[{"href":"https:\/\/www.kokora.cat\/es\/wp-json\/wp\/v2\/types\/product"}],"wp:featuredmedia":[{"embeddable":true,"href":"https:\/\/www.kokora.cat\/es\/wp-json\/wp\/v2\/media\/16452"}],"wp:attachment":[{"href":"https:\/\/www.kokora.cat\/es\/wp-json\/wp\/v2\/media?parent=17341"}],"wp:term":[{"taxonomy":"product_brand","embeddable":true,"href":"https:\/\/www.kokora.cat\/es\/wp-json\/wp\/v2\/product_brand?post=17341"},{"taxonomy":"product_cat","embeddable":true,"href":"https:\/\/www.kokora.cat\/es\/wp-json\/wp\/v2\/product_cat?post=17341"},{"taxonomy":"product_tag","embeddable":true,"href":"https:\/\/www.kokora.cat\/es\/wp-json\/wp\/v2\/product_tag?post=17341"}],"curies":[{"name":"wp","href":"https:\/\/api.w.org\/{rel}","templated":true}]}}