{"id":17340,"date":"2025-11-14T17:11:22","date_gmt":"2025-11-14T15:11:22","guid":{"rendered":"https:\/\/www.kokora.cat\/?post_type=product&#038;p=17340"},"modified":"2025-12-29T14:57:56","modified_gmt":"2025-12-29T12:57:56","slug":"pieza-de-tela-estampada-paris","status":"publish","type":"product","link":"https:\/\/www.kokora.cat\/es\/producte\/pieza-de-tela-estampada-paris\/","title":{"rendered":"Pieza de tela estampada Par\u00eds"},"content":{"rendered":"<p><em><strong>&#8216;Una tela con car\u00e1cter y elegancia natural \u2014 el punto de partida perfecto para tus creaciones KOKORA&#8217;<\/strong><\/em><\/p>\n<p>&nbsp;<\/p>\n<p>Tejido de lino europeo con estampado artesanal en tonos rojos.<\/p>\n<p>&nbsp;<\/p>\n<p>El modelo PAR\u00cdS evoca la elegancia de las calles empedradas y la sofisticaci\u00f3n atemporal del dise\u00f1o cl\u00e1sico. Su patr\u00f3n cuadriculado con cenefa enriquece la textura del lino natural, creando un equilibrio arm\u00f3nico entre tradici\u00f3n y modernidad.<\/p>\n<p>&nbsp;<\/p>\n<p>Cada prenda est\u00e1 estampada a mano con tintas ecol\u00f3gicas, haciendo que cada metro de tela sea \u00fanico, lleno de car\u00e1cter y matices. Ideal para proyectos de decoraci\u00f3n o confecci\u00f3n que busquen un toque artesanal y aut\u00e9ntico.<\/p>\n<p>&nbsp;<\/p>\n<p><strong>MIDA<\/strong><br \/>\n1 \u00d7 1 metro<\/p>\n<p>&nbsp;<\/p>\n<p><strong>TEJIDO Y PROCESO ARTESANAL<\/strong><br \/>\nLino europeo 100% estampado a mano a partir de estampaci\u00f3n y un proceso que da a cada estampado vida propia e irregularidades que cuentan su historia.<\/p>\n","protected":false},"excerpt":{"rendered":"<p>&#8216;Una tela con car\u00e1cter y elegancia natural \u2014 el punto de partida perfecto para tus creaciones KOKORA&#8217; &nbsp; Tejido de lino europeo con estampado artesanal en tonos rojos. &nbsp; El modelo PAR\u00cdS evoca la elegancia de las calles empedradas y la sofisticaci\u00f3n atemporal del dise\u00f1o&hellip; <a class=\"continue\" href=\"https:\/\/www.kokora.cat\/es\/producte\/pieza-de-tela-estampada-paris\/\">CONTINUAR >><span> Pieza de tela estampada Par\u00eds<\/span><\/a><\/p>\n","protected":false},"featured_media":16448,"template":"","meta":{"_joinchat":[]},"product_brand":[],"product_cat":[142],"product_tag":[],"class_list":{"0":"post-17340","1":"product","2":"type-product","3":"status-publish","4":"has-post-thumbnail","6":"product_cat-korastamp","8":"first","9":"instock","10":"taxable","11":"shipping-taxable","12":"purchasable","13":"product-type-simple"},"_links":{"self":[{"href":"https:\/\/www.kokora.cat\/es\/wp-json\/wp\/v2\/product\/17340","targetHints":{"allow":["GET"]}}],"collection":[{"href":"https:\/\/www.kokora.cat\/es\/wp-json\/wp\/v2\/product"}],"about":[{"href":"https:\/\/www.kokora.cat\/es\/wp-json\/wp\/v2\/types\/product"}],"wp:featuredmedia":[{"embeddable":true,"href":"https:\/\/www.kokora.cat\/es\/wp-json\/wp\/v2\/media\/16448"}],"wp:attachment":[{"href":"https:\/\/www.kokora.cat\/es\/wp-json\/wp\/v2\/media?parent=17340"}],"wp:term":[{"taxonomy":"product_brand","embeddable":true,"href":"https:\/\/www.kokora.cat\/es\/wp-json\/wp\/v2\/product_brand?post=17340"},{"taxonomy":"product_cat","embeddable":true,"href":"https:\/\/www.kokora.cat\/es\/wp-json\/wp\/v2\/product_cat?post=17340"},{"taxonomy":"product_tag","embeddable":true,"href":"https:\/\/www.kokora.cat\/es\/wp-json\/wp\/v2\/product_tag?post=17340"}],"curies":[{"name":"wp","href":"https:\/\/api.w.org\/{rel}","templated":true}]}}