{"id":17331,"date":"2025-11-14T17:13:02","date_gmt":"2025-11-14T15:13:02","guid":{"rendered":"https:\/\/www.kokora.cat\/?post_type=product&#038;p=17331"},"modified":"2025-12-29T14:56:30","modified_gmt":"2025-12-29T12:56:30","slug":"pieza-de-tela-estampada-otono","status":"publish","type":"product","link":"https:\/\/www.kokora.cat\/es\/producte\/pieza-de-tela-estampada-otono\/","title":{"rendered":"Pieza de tela estampada Oto\u00f1o"},"content":{"rendered":"<p><em><strong>&#8216;Un tejido que lleva la poes\u00eda del oto\u00f1o all\u00e1 donde quieras hacerlo llegar&#8217;<\/strong><\/em><\/p>\n<p>&nbsp;<\/p>\n<p>Tejido de lino europeo con estampado artesanal inspirado en la naturaleza. El modelo OTO\u00d1O captura la esencia c\u00e1lida y melanc\u00f3lica del oto\u00f1o: hojas de ginkgo y otras formas naturales se despliegan con elegancia sobre el lino natural, pintadas a mano con trazos negros que resaltan su belleza org\u00e1nica.<\/p>\n<p>&nbsp;<\/p>\n<p>Una pieza que transmite calma, equilibrio y conexi\u00f3n con la tierra ideal para dar un toque artesanal y atemporal a cualquier creaci\u00f3n textil.<\/p>\n<p>&nbsp;<\/p>\n<p><strong>MIDA<\/strong><br \/>\n1 \u00d7 1 metro<\/p>\n<p>&nbsp;<\/p>\n<p><strong>TEJIDO Y PROCESO ARTESANAL<\/strong><br \/>\nLino europeo 100%, estampado y pintado a mano con tintas ecol\u00f3gicas. Cada pieza es \u00fanica, viva y llena de matices que reflejan el trabajo artesanal y la perfecta imperfecci\u00f3n del hecho a mano<\/p>\n","protected":false},"excerpt":{"rendered":"<p>&#8216;Un tejido que lleva la poes\u00eda del oto\u00f1o all\u00e1 donde quieras hacerlo llegar&#8217; &nbsp; Tejido de lino europeo con estampado artesanal inspirado en la naturaleza. El modelo OTO\u00d1O captura la esencia c\u00e1lida y melanc\u00f3lica del oto\u00f1o: hojas de ginkgo y otras formas naturales se despliegan&hellip; <a class=\"continue\" href=\"https:\/\/www.kokora.cat\/es\/producte\/pieza-de-tela-estampada-otono\/\">CONTINUAR >><span> Pieza de tela estampada Oto\u00f1o<\/span><\/a><\/p>\n","protected":false},"featured_media":16450,"template":"","meta":{"_joinchat":[]},"product_brand":[],"product_cat":[142],"product_tag":[],"class_list":{"0":"post-17331","1":"product","2":"type-product","3":"status-publish","4":"has-post-thumbnail","6":"product_cat-korastamp","8":"first","9":"instock","10":"taxable","11":"shipping-taxable","12":"purchasable","13":"product-type-simple"},"_links":{"self":[{"href":"https:\/\/www.kokora.cat\/es\/wp-json\/wp\/v2\/product\/17331","targetHints":{"allow":["GET"]}}],"collection":[{"href":"https:\/\/www.kokora.cat\/es\/wp-json\/wp\/v2\/product"}],"about":[{"href":"https:\/\/www.kokora.cat\/es\/wp-json\/wp\/v2\/types\/product"}],"wp:featuredmedia":[{"embeddable":true,"href":"https:\/\/www.kokora.cat\/es\/wp-json\/wp\/v2\/media\/16450"}],"wp:attachment":[{"href":"https:\/\/www.kokora.cat\/es\/wp-json\/wp\/v2\/media?parent=17331"}],"wp:term":[{"taxonomy":"product_brand","embeddable":true,"href":"https:\/\/www.kokora.cat\/es\/wp-json\/wp\/v2\/product_brand?post=17331"},{"taxonomy":"product_cat","embeddable":true,"href":"https:\/\/www.kokora.cat\/es\/wp-json\/wp\/v2\/product_cat?post=17331"},{"taxonomy":"product_tag","embeddable":true,"href":"https:\/\/www.kokora.cat\/es\/wp-json\/wp\/v2\/product_tag?post=17331"}],"curies":[{"name":"wp","href":"https:\/\/api.w.org\/{rel}","templated":true}]}}