{"id":17305,"date":"2025-10-24T09:27:42","date_gmt":"2025-10-24T07:27:42","guid":{"rendered":"https:\/\/www.kokora.cat\/?page_id=17305"},"modified":"2025-12-29T14:16:15","modified_gmt":"2025-12-29T12:16:15","slug":"politica-de-privacidad-redes-sociales","status":"publish","type":"page","link":"https:\/\/www.kokora.cat\/es\/inicio\/politica-de-privacidad-redes-sociales\/","title":{"rendered":"Pol\u00edtica de privacidad redes sociales"},"content":{"rendered":"<div class=\"wpb-content-wrapper\"><p>[vc_row css_animation=\u00bb\u00bb row_type=\u00bbrow\u00bb use_row_as_full_screen_section=\u00bbno\u00bb type=\u00bbgrid\u00bb angled_section=\u00bbno\u00bb text_align=\u00bbleft\u00bb background_image_as_pattern=\u00bbwithout_pattern\u00bb z_index=\u00bb\u00bb][vc_column offset=\u00bbvc_hidden-xs\u00bb][vc_column_text css=\u00bb\u00bb]<small><a href=\"\/es\">INICIO<\/a> \/\/ POL\u00cdTICA DE PRIVACIDAD REDES SOCIALES<\/small>[\/vc_column_text][vc_empty_space height=\u00bb100&#8243;][\/vc_column][\/vc_row][vc_row css_animation=\u00bb\u00bb row_type=\u00bbrow\u00bb use_row_as_full_screen_section=\u00bbno\u00bb type=\u00bbgrid\u00bb angled_section=\u00bbno\u00bb text_align=\u00bbleft\u00bb background_image_as_pattern=\u00bbwithout_pattern\u00bb z_index=\u00bb\u00bb][vc_column offset=\u00bbvc_hidden-lg vc_hidden-md vc_hidden-sm\u00bb][vc_column_text css=\u00bb\u00bb]<\/p>\n<p style=\"text-align: center;\"><small><a href=\"\/es\">INICIO<\/a> \/\/ POL\u00cdTICA DE PRIVACIDAD REDES SOCIALES<\/small><\/p>\n<p>[\/vc_column_text][vc_empty_space height=\u00bb75&#8243;][\/vc_column][\/vc_row][vc_row css_animation=\u00bb\u00bb row_type=\u00bbrow\u00bb use_row_as_full_screen_section=\u00bbno\u00bb type=\u00bbgrid\u00bb angled_section=\u00bbno\u00bb text_align=\u00bbleft\u00bb background_image_as_pattern=\u00bbwithout_pattern\u00bb z_index=\u00bb\u00bb padding_bottom=\u00bb75&#8243; anchor=\u00bbinici\u00bb][vc_column width=\u00bb1\/4&#8243;][vc_column_text css=\u00bb\u00bb]<\/p>\n<h1 style=\"text-align: right;\">Pol\u00edtica de privacidad XXSS<\/h1>\n<p>[\/vc_column_text][\/vc_column][vc_column width=\u00bb3\/4&#8243;][vc_row_inner row_type=\u00bbrow\u00bb type=\u00bbfull_width\u00bb text_align=\u00bbleft\u00bb css_animation=\u00bb\u00bb][vc_column_inner offset=\u00bbvc_hidden-xs\u00bb][vc_empty_space height=\u00bb50&#8243;][\/vc_column_inner][\/vc_row_inner][vc_separator type=\u00bbsmall\u00bb position=\u00bbcenter\u00bb color=\u00bb#000000&#8243; thickness=\u00bb1&#8243; width=\u00bb1500&#8243;][vc_column_text css=\u00bb\u00bb]<\/p>\n<h2 style=\"text-align: right;\">kokora.cat<\/h2>\n<p>[\/vc_column_text][vc_row_inner row_type=\u00bbrow\u00bb type=\u00bbfull_width\u00bb text_align=\u00bbleft\u00bb css_animation=\u00bb\u00bb][vc_column_inner offset=\u00bbvc_hidden-xs\u00bb][vc_empty_space height=\u00bb100&#8243;][\/vc_column_inner][\/vc_row_inner][vc_row_inner row_type=\u00bbrow\u00bb type=\u00bbfull_width\u00bb text_align=\u00bbleft\u00bb css_animation=\u00bb\u00bb][vc_column_inner offset=\u00bbvc_hidden-lg vc_hidden-md vc_hidden-sm\u00bb][vc_empty_space height=\u00bb50&#8243;][\/vc_column_inner][\/vc_row_inner][vc_column_text css=\u00bb\u00bb]De conformidad con lo establecido en la normativa vigente en Protecci\u00f3n de Datos de Car\u00e1cter Personal (RGPD) y la Ley 34\/2002, de 11 de julio, de Servicios de la Sociedad de la Informaci\u00f3n y de Comercio Electr\u00f3nico (LSSI-CE), KOKORA \u2013 M TERESA GARCIA ARRASTIA publicitar sus productos y servicios.<\/p>\n<p>&nbsp;<\/p>\n<p>Datos de KOKORA \u2013 M TERESA GARCIA ARRASTIA:<\/p>\n<p>&nbsp;<\/p>\n<p style=\"padding-left: 40px;\"><strong>&gt; NIF:<\/strong> 77312290K<\/p>\n<p style=\"padding-left: 40px;\"><strong>&gt; DIRECCI\u00d3N:<\/strong> C\/ COLLSUSPINA 503 B233 \u2013 08529 MONTA\u00d1OLA (BARCELONA)<\/p>\n<p style=\"padding-left: 40px;\"><strong>&gt; CORREO ELECTR\u00d3NICO:<\/strong> info@kokora.cat<\/p>\n<p style=\"padding-left: 40px;\"><strong>&gt; DOMINIO WEB:<\/strong> www.kokora.cat<\/p>\n<p>&nbsp;<\/p>\n<p>El usuario dispone de un perfil en la misma Red Social y ha decidido unirse a la p\u00e1gina creada por KOKORA \u2013 M TERESA GARCIA ARRASTIA, mostrando as\u00ed inter\u00e9s en la informaci\u00f3n que se publicite en la Red. Al unirse a nuestra p\u00e1gina, nos facilita su consentimiento para el tratamiento de aquellos datos personales publicados en su perfil.<\/p>\n<p>&nbsp;<\/p>\n<p>El usuario puede acceder en todo momento a las pol\u00edticas de privacidad de la propia Red Social, as\u00ed como configurar su perfil para garantizar su privacidad.<\/p>\n<p>&nbsp;<\/p>\n<p>KOKORA \u2013 M TERESA GARCIA ARRASTIA tiene acceso y trata la informaci\u00f3n p\u00fablica del usuario, en especial, su nombre de contacto. Estos datos s\u00f3lo son utilizados dentro de la propia Red Social. No son incorporadas a ning\u00fan archivo.<\/p>\n<p>&nbsp;<\/p>\n<p>En relaci\u00f3n con los derechos de acceso, rectificaci\u00f3n, limitaci\u00f3n de tratamiento, supresi\u00f3n, portabilidad y oposici\u00f3n al tratamiento, de los que usted dispone y que pueden ser ejercidos ante KOKORA \u2013 M TERESA GARCIA ARRASTIA, de acuerdo con el RGPD, debe tener en cuenta los siguientes matices:<\/p>\n<p>&nbsp;<\/p>\n<p style=\"padding-left: 40px;\"><strong>&gt; Acceso:<\/strong> vendr\u00e1 definido por la funcionalidad de la Red Social y la capacidad de acceso a la informaci\u00f3n de los perfiles de los usuarios.<\/p>\n<p style=\"padding-left: 40px;\"><strong>&gt; Rectificaci\u00f3n:<\/strong> s\u00f3lo podr\u00e1 satisfacerse en relaci\u00f3n a la informaci\u00f3n que se encuentre bajo el control de KOKORA \u2013 M TERESA GARCIA ARRASTIA, por ejemplo, eliminar comentarios publicados en la misma p\u00e1gina. Normalmente, este derecho debe ejercerlo ante la Red Social.<\/p>\n<p style=\"padding-left: 40px;\"><strong>&gt; Cancelaci\u00f3n y\/o oposici\u00f3n:<\/strong> como en el caso anterior, s\u00f3lo podr\u00e1 satisfacerse en relaci\u00f3n a la informaci\u00f3n que se encuentre bajo el control de KOKORA \u2013 M TERESA GARCIA ARRASTIA, por ejemplo, dejar de estar unido al perfil.<\/p>\n<p>&nbsp;<\/p>\n<p>KOKORA \u2013 M TERESA GARCIA ARRASTIA realizar\u00e1 las siguientes actuaciones:<\/p>\n<p>&nbsp;<\/p>\n<p style=\"padding-left: 40px;\">&gt; Acceso a la informaci\u00f3n p\u00fablica del perfil.<\/p>\n<p style=\"padding-left: 40px;\">&gt; Publicaci\u00f3n en el perfil del usuario de toda aquella informaci\u00f3n ya publicada en la p\u00e1gina de KOKORA \u2013 M TERESA GARCIA ARRASTIA.<\/p>\n<p style=\"padding-left: 40px;\">&gt; Enviar mensajes personales e individuales a trav\u00e9s de los canales de la Red Social.<\/p>\n<p style=\"padding-left: 40px;\">&gt; Actualizaciones del estado de la p\u00e1gina que se publicar\u00e1n en el perfil del usuario.<\/p>\n<p>&nbsp;<\/p>\n<p>El usuario siempre puede controlar sus conexiones, eliminar los contenidos que dejen de interesar y restringir con quien comparte sus conexiones, para lo cual deber\u00e1 acceder a su configuraci\u00f3n de privacidad.<\/p>\n<p>[vc_empty_space height=\u00bb50&#8243;]<\/p>\n<h3>Publicaciones<\/h3>\n<p>[vc_separator type=\u00bbsmall\u00bb position=\u00bbleft\u00bb color=\u00bb#000000&#8243; thickness=\u00bb1&#8243; width=\u00bb100&#8243; up=\u00bb10&#8243; down=\u00bb25&#8243;]<\/p>\n<p>El usuario, una vez unido a la p\u00e1gina de KOKORA &#8211; M TERESA GARCIA ARRASTIA, podr\u00e1 publicar en esta \u00faltima comentarios, enlaces, im\u00e1genes o fotograf\u00edas o cualquier otro tipo de contenido multimedia soportado por la Red Social. El usuario, en todos los casos, debe ser el titular de los mismos, gozar de los derechos de autor y de propiedad intelectual o contar con el consentimiento de los terceros afectados. Se proh\u00edbe expresamente cualquier publicaci\u00f3n en la p\u00e1gina, ya sean textos, gr\u00e1ficos, fotograf\u00edas, v\u00eddeos, etc. que atenten o sean susceptibles de atentar contra la moral, la \u00e9tica, el buen gusto o el decoro, y\/o que infrinjan, violen o infrinjan los derechos de propiedad intelectual o industrial, el derecho a la imagen o la ley. En estos casos, KOKORA \u2013 M TERESA GARCIA ARRASTIA \u00a0se reserva el derecho a retirar inmediatamente el contenido, pudiendo solicitar el bloqueo permanente del usuario.<\/p>\n<p>&nbsp;<\/p>\n<p>KOKORA \u2013 M TERESA GARCIA ARRASTIA no se har\u00e1 responsable de los contenidos que libremente ha publicado un usuario.<\/p>\n<p>&nbsp;<\/p>\n<p>El usuario debe tener presente que sus publicaciones ser\u00e1n conocidas por los dem\u00e1s usuarios, por lo que \u00e9l mismo es el principal responsable de su privacidad.<\/p>\n<p>&nbsp;<\/p>\n<p>Las im\u00e1genes se puedan publicar en la p\u00e1gina no ser\u00e1n almacenadas en ning\u00fan archivo por parte de KOKORA \u2013 M TERESA GARCIA ARRASTIA, pero s\u00ed permanecer\u00e1n en la Red Social.<\/p>\n<p>[vc_empty_space height=\u00bb50&#8243;]<\/p>\n<h3>Concursos y promociones<\/h3>\n<p>[vc_separator type=\u00bbsmall\u00bb position=\u00bbleft\u00bb color=\u00bb#000000&#8243; thickness=\u00bb1&#8243; width=\u00bb100&#8243; up=\u00bb10&#8243; down=\u00bb25&#8243;]<\/p>\n<p>KOKORA \u2013 M TERESA GARCIA ARRASTIA se reserva el derecho a realizar concursos y promociones, en los que podr\u00e1 participar el usuario unido a su p\u00e1gina. Las bases de cada uno de ellos, cuando se utilice para ello la plataforma de la Red Social, ser\u00e1n publicadas en la misma. Cumpliendo siempre con la LSSI-CE y cualquier otra norma que le sea de aplicaci\u00f3n.<\/p>\n<p>&nbsp;<\/p>\n<p>La Red Social no patrocina, avala ni administra, en modo alguno, ninguna de nuestras promociones, ni est\u00e1 asociada a ninguna de ellas.<\/p>\n<p>[vc_empty_space height=\u00bb50&#8243;]<\/p>\n<h3>Publicidad<\/h3>\n<p>[vc_separator type=\u00bbsmall\u00bb position=\u00bbleft\u00bb color=\u00bb#000000&#8243; thickness=\u00bb1&#8243; width=\u00bb100&#8243; up=\u00bb10&#8243; down=\u00bb25&#8243;]<\/p>\n<p>KOKORA \u2013 M TERESA GARCIA ARRASTIA utilizar\u00e1 la Red Social para publicitar sus productos y servicios, en cualquier caso, si decide tratar sus datos de contacto para realizar acciones directas de prospecci\u00f3n comercial, ser\u00e1 siempre, cumpliendo con las exigencias legales del RGPD y de la LSSI-CE.<\/p>\n<p>&nbsp;<\/p>\n<p>No se considera publicidad el recomendar a otros usuarios la p\u00e1gina de KOKORA \u2013 M TERESA GARCIA ARRASTIA \u00a0para que tambi\u00e9n ellos puedan disfrutar de las promociones o estar informados de su actividad.[\/vc_column_text][\/vc_column][\/vc_row]<\/p>\n<\/div>","protected":false},"excerpt":{"rendered":"<p>[vc_row css_animation=\u00bb\u00bb row_type=\u00bbrow\u00bb use_row_as_full_screen_section=\u00bbno\u00bb type=\u00bbgrid\u00bb angled_section=\u00bbno\u00bb text_align=\u00bbleft\u00bb background_image_as_pattern=\u00bbwithout_pattern\u00bb z_index=\u00bb\u00bb][vc_column offset=\u00bbvc_hidden-xs\u00bb][vc_column_text css=\u00bb\u00bb]INICIO \/\/ POL\u00cdTICA DE PRIVACIDAD REDES SOCIALES[\/vc_column_text][vc_empty_space height=\u00bb100&#8243;][\/vc_column][\/vc_row][vc_row css_animation=\u00bb\u00bb row_type=\u00bbrow\u00bb use_row_as_full_screen_section=\u00bbno\u00bb type=\u00bbgrid\u00bb angled_section=\u00bbno\u00bb text_align=\u00bbleft\u00bb background_image_as_pattern=\u00bbwithout_pattern\u00bb z_index=\u00bb\u00bb][vc_column offset=\u00bbvc_hidden-lg vc_hidden-md vc_hidden-sm\u00bb][vc_column_text css=\u00bb\u00bb] INICIO \/\/ POL\u00cdTICA DE PRIVACIDAD REDES SOCIALES [\/vc_column_text][vc_empty_space height=\u00bb75&#8243;][\/vc_column][\/vc_row][vc_row css_animation=\u00bb\u00bb row_type=\u00bbrow\u00bb use_row_as_full_screen_section=\u00bbno\u00bb type=\u00bbgrid\u00bb angled_section=\u00bbno\u00bb text_align=\u00bbleft\u00bb&hellip; <a class=\"continue\" href=\"https:\/\/www.kokora.cat\/es\/inicio\/politica-de-privacidad-redes-sociales\/\">CONTINUAR >><span> Pol\u00edtica de privacidad redes sociales<\/span><\/a><\/p>\n","protected":false},"author":1,"featured_media":0,"parent":17145,"menu_order":0,"comment_status":"open","ping_status":"open","template":"full_width.php","meta":{"_joinchat":[],"footnotes":""},"class_list":["post-17305","page","type-page","status-publish","hentry"],"_links":{"self":[{"href":"https:\/\/www.kokora.cat\/es\/wp-json\/wp\/v2\/pages\/17305","targetHints":{"allow":["GET"]}}],"collection":[{"href":"https:\/\/www.kokora.cat\/es\/wp-json\/wp\/v2\/pages"}],"about":[{"href":"https:\/\/www.kokora.cat\/es\/wp-json\/wp\/v2\/types\/page"}],"author":[{"embeddable":true,"href":"https:\/\/www.kokora.cat\/es\/wp-json\/wp\/v2\/users\/1"}],"replies":[{"embeddable":true,"href":"https:\/\/www.kokora.cat\/es\/wp-json\/wp\/v2\/comments?post=17305"}],"version-history":[{"count":3,"href":"https:\/\/www.kokora.cat\/es\/wp-json\/wp\/v2\/pages\/17305\/revisions"}],"predecessor-version":[{"id":17307,"href":"https:\/\/www.kokora.cat\/es\/wp-json\/wp\/v2\/pages\/17305\/revisions\/17307"}],"up":[{"embeddable":true,"href":"https:\/\/www.kokora.cat\/es\/wp-json\/wp\/v2\/pages\/17145"}],"wp:attachment":[{"href":"https:\/\/www.kokora.cat\/es\/wp-json\/wp\/v2\/media?parent=17305"}],"curies":[{"name":"wp","href":"https:\/\/api.w.org\/{rel}","templated":true}]}}