{"id":17275,"date":"2025-10-24T12:46:28","date_gmt":"2025-10-24T10:46:28","guid":{"rendered":"https:\/\/www.kokora.cat\/?page_id=17275"},"modified":"2025-12-30T08:58:39","modified_gmt":"2025-12-30T06:58:39","slug":"contacto","status":"publish","type":"page","link":"https:\/\/www.kokora.cat\/es\/contacto\/","title":{"rendered":"Contacto"},"content":{"rendered":"<div class=\"wpb-content-wrapper\"><p>[vc_row css_animation=\u00bb\u00bb row_type=\u00bbrow\u00bb use_row_as_full_screen_section=\u00bbno\u00bb type=\u00bbgrid\u00bb angled_section=\u00bbno\u00bb text_align=\u00bbleft\u00bb background_image_as_pattern=\u00bbwithout_pattern\u00bb z_index=\u00bb\u00bb][vc_column offset=\u00bbvc_hidden-xs\u00bb][vc_column_text css=\u00bb\u00bb]<small><a href=\"\/es\">INICIO<\/a> \/\/ CONTACTO<\/small>[\/vc_column_text][vc_empty_space height=\u00bb100&#8243;][\/vc_column][\/vc_row][vc_row css_animation=\u00bb\u00bb row_type=\u00bbrow\u00bb use_row_as_full_screen_section=\u00bbno\u00bb type=\u00bbgrid\u00bb angled_section=\u00bbno\u00bb text_align=\u00bbleft\u00bb background_image_as_pattern=\u00bbwithout_pattern\u00bb z_index=\u00bb\u00bb][vc_column offset=\u00bbvc_hidden-lg vc_hidden-md vc_hidden-sm\u00bb][vc_column_text css=\u00bb\u00bb]<\/p>\n<p style=\"text-align: center;\"><small><a href=\"\/es\">INICIO<\/a> \/\/ CONTACTO<\/small><\/p>\n<p>[\/vc_column_text][vc_empty_space height=\u00bb100&#8243;][\/vc_column][\/vc_row][vc_row css_animation=\u00bb\u00bb row_type=\u00bbrow\u00bb use_row_as_full_screen_section=\u00bbno\u00bb type=\u00bbgrid\u00bb angled_section=\u00bbno\u00bb text_align=\u00bbleft\u00bb background_image_as_pattern=\u00bbwithout_pattern\u00bb z_index=\u00bb\u00bb anchor=\u00bbinici\u00bb][vc_column width=\u00bb1\/5&#8243;][vc_column_text css=\u00bb\u00bb]<\/p>\n<h1 style=\"text-align: right;\">Contacta con KOKORA<\/h1>\n<p>[\/vc_column_text][\/vc_column][vc_column width=\u00bb4\/5&#8243;][vc_empty_space height=\u00bb25&#8243;][vc_separator type=\u00bbsmall\u00bb position=\u00bbcenter\u00bb color=\u00bb#000000&#8243; thickness=\u00bb1&#8243; width=\u00bb1500&#8243;][vc_empty_space height=\u00bb25&#8243;][vc_row_inner row_type=\u00bbrow\u00bb type=\u00bbfull_width\u00bb text_align=\u00bbleft\u00bb css_animation=\u00bb\u00bb][vc_column_inner width=\u00bb1\/5&#8243;][\/vc_column_inner][vc_column_inner width=\u00bb2\/5&#8243;]<div class=\"custom_font_holder \" style=\" font-style: normal; font-weight: 300; text-decoration: none; margin: 50; text-align: left; --qode-cf-font-size: 28px; --qode-cf-line-height: 28px; --qode-cf-font-size-1440: 28px; --qode-cf-line-height-1440: 28px; --qode-cf-font-size-1366: 28px; --qode-cf-line-height-1366: 28px; --qode-cf-font-size-1280: 28px; --qode-cf-line-height-1280: 28px; --qode-cf-font-size-1024: 28px; --qode-cf-line-height-1024: 28px; --qode-cf-font-size-768: 28px; --qode-cf-line-height-768: 28px; --qode-cf-font-size-680: 28px; --qode-cf-line-height-680: 28px; --qode-cf-font-size-480: 28px; --qode-cf-line-height-480: 28px;\">Quiero saber de tus proyectos, de tus inquietudes, de tus ideas&#8230; \u00a1No dudes en enviarme un mensaje y hablamos!<\/div>[vc_empty_space height=\u00bb15&#8243;]<div class=\"custom_font_holder \" style=\" font-style: normal; font-weight: 300; text-decoration: none; margin: 50; text-align: left; --qode-cf-font-size: 28px; --qode-cf-line-height: 28px; --qode-cf-font-size-1440: 28px; --qode-cf-line-height-1440: 28px; --qode-cf-font-size-1366: 28px; --qode-cf-line-height-1366: 28px; --qode-cf-font-size-1280: 28px; --qode-cf-line-height-1280: 28px; --qode-cf-font-size-1024: 28px; --qode-cf-line-height-1024: 28px; --qode-cf-font-size-768: 28px; --qode-cf-line-height-768: 28px; --qode-cf-font-size-680: 28px; --qode-cf-line-height-680: 28px; --qode-cf-font-size-480: 28px; --qode-cf-line-height-480: 28px;\">C\/ COLLSUSPINA 503 B233<br \/>\n08529 MUNTANYOLA (BARCELONA)<br \/>\nT 696 52 36 70<\/div>[\/vc_column_inner][vc_column_inner width=\u00bb2\/5&#8243;][\/vc_column_inner][\/vc_row_inner][\/vc_column][\/vc_row][vc_row css_animation=\u00bb\u00bb row_type=\u00bbrow\u00bb use_row_as_full_screen_section=\u00bbno\u00bb type=\u00bbgrid\u00bb angled_section=\u00bbno\u00bb text_align=\u00bbleft\u00bb background_image_as_pattern=\u00bbwithout_pattern\u00bb padding_top=\u00bb50&#8243; padding_bottom=\u00bb75&#8243; background_color=\u00bb#00000000&#8243; z_index=\u00bb\u00bb][vc_column width=\u00bb1\/5&#8243; css=\u00bb.vc_custom_1761046317536{padding-right: 5% !important;padding-left: 5% !important;}\u00bb][vc_empty_space height=\u00bb40&#8243;][vc_raw_html css=\u00bb\u00bb]JTNDZGl2JTIwY2xhc3MlM0QlMjJtYXBhLXRvbmUlMjIlM0UlMEQlMEElMjAlMjAlM0NpZnJhbWUlMjAlMEQlMEElMjAlMjAlMjAlMjBzcmMlM0QlMjJodHRwcyUzQSUyRiUyRnd3dy5nb29nbGUuY29tJTJGbWFwcyUyRmVtYmVkJTNGcGIlM0QlMjExbTE4JTIxMW0xMiUyMTFtMyUyMTFkMjk3MS42MzU5NjAwMDAxNzc0JTIxMmQyLjE3NDA0MjA3Nzg0MjUxOSUyMTNkNDEuODU3NjYxODY2NjkwOSUyMTJtMyUyMTFmMCUyMTJmMCUyMTNmMCUyMTNtMiUyMTFpMTAyNCUyMTJpNzY4JTIxNGYxMy4xJTIxM20zJTIxMW0yJTIxMXMweDEyYTRkZjliMjZmNGEzMDElMjUzQTB4MmRhMTY0ZjA0MTA0OGM0YyUyMTJzS09LT1JBJTI1MjAtJTI1MjBLT1JBJTIxNWUwJTIxM20yJTIxMXNjYSUyMTJzZXMlMjE0djE3NjEzMDQwOTMwNTklMjE1bTIlMjExc2NhJTIxMnNlcyUyMiUyMCUwRCUwQSUyMCUyMCUyMCUyMGxvYWRpbmclM0QlMjJsYXp5JTIyJTIwJTBEJTBBJTIwJTIwJTIwJTIwcmVmZXJyZXJwb2xpY3klM0QlMjJuby1yZWZlcnJlci13aGVuLWRvd25ncmFkZSUyMiUwRCUwQSUyMCUyMCUyMCUyMGFsbG93ZnVsbHNjcmVlbiUwRCUwQSUyMCUyMCUzRSUzQyUyRmlmcmFtZSUzRSUwRCUwQSUzQyUyRmRpdiUzRSUwRCUwQSUwRCUwQSUzQyUyMS0tJTIwQ1NTJTIwLS0lM0UlMEQlMEElM0NzdHlsZSUzRSUwRCUwQSUyRiUyQSUyMENvbnRlbmlkb3IlMjBmbGV4aWJsZSUyMGklMjByZXNwb25zaXZlJTIwJTJBJTJGJTBEJTBBLm1hcGEtdG9uZSU3QiUwRCUwQSUyMCUyMHBvc2l0aW9uJTNBJTIwcmVsYXRpdmUlM0IlMEQlMEElMjAlMjB3aWR0aCUzQSUyMDQwMHB4JTNCJTIwJTIwJTIwJTIwJTIwJTIwJTIwJTIwJTJGJTJBJTIwcG90cyUyMGZlci1sbyUyMHJlc3BvbnNpdmUlMjBhbWIlMjB3aWR0aCUzQTEwMCUyNSUyMGklMjBtYXgtd2lkdGglMjBzaSUyMGNhbCUyMCUyQSUyRiUwRCUwQSUyMCUyMG1heC13aWR0aCUzQSUyMDEwMCUyNSUzQiUwRCUwQSUyMCUyMGhlaWdodCUzQSUyMDY1MHB4JTNCJTBEJTBBJTIwJTIwb3ZlcmZsb3clM0ElMjBoaWRkZW4lM0IlMEQlMEElMjAlMjBib3JkZXItcmFkaXVzJTNBJTIwOHB4JTNCJTIwJTIwJTJGJTJBJTIwb3BjaW9uYWwlMjAlMkElMkYlMEQlMEElN0QlMEQlMEElMEQlMEElMkYlMkElMjBFc3RpbHMlMjBkZSUyMGwlMjdpZnJhbWUlM0ElMjBvY3VwYSUyMHRvdCUyMGVsJTIwY29udGVuaWRvciUyMCUyQSUyRiUwRCUwQS5tYXBhLXRvbmUlMjBpZnJhbWUlN0IlMEQlMEElMjAlMjB3aWR0aCUzQSUyMDEwMCUyNSUzQiUwRCUwQSUyMCUyMGhlaWdodCUzQSUyMDEwMCUyNSUzQiUwRCUwQSUyMCUyMGJvcmRlciUzQSUyMDAlM0IlMEQlMEElMjAlMjBkaXNwbGF5JTNBJTIwYmxvY2slM0IlMEQlMEElMjAlMjAlMkYlMkElMjBwcmltZXIlMjBmZW0lMjBlc2NhbGElMjBkZSUyMGdyaXNvcyUyMHBlciUyMGxhJTIwYmFzZSUyMCUyQSUyRiUwRCUwQSUyMCUyMGZpbHRlciUzQSUyMGdyYXlzY2FsZSUyODEwMCUyNSUyOSUyMGNvbnRyYXN0JTI4MC45NSUyOSUyMGJyaWdodG5lc3MlMjgwLjk1JTI5JTNCJTBEJTBBJTdEJTBEJTBBJTBEJTBBJTJGJTJBJTIwT3ZlcmxheSUyMHBlciUyMGFwbGljYXIlMjBlbCUyMHRvJTIwJTIzYjc4ZjAwJTIwYW1iJTIwYmxlbmQlMjAlMkElMkYlMEQlMEEubWFwYS10b25lJTNBJTNBYWZ0ZXIlN0IlMEQlMEElMjAlMjBjb250ZW50JTNBJTIwJTIyJTIyJTNCJTBEJTBBJTIwJTIwcG9zaXRpb24lM0ElMjBhYnNvbHV0ZSUzQiUwRCUwQSUyMCUyMGluc2V0JTNBJTIwMCUzQiUwRCUwQSUyMCUyMGJhY2tncm91bmQlM0ElMjAlMjNiNzhmMDAlM0IlMEQlMEElMjAlMjBwb2ludGVyLWV2ZW50cyUzQSUyMG5vbmUlM0IlMjAlMjAlMjAlMjAlMjAlMjAlMjAlMjAlMjAlMjAlMjAlMkYlMkElMjBlbCUyMG1hcGElMjBjb250aW51YSUyMHNlbnQlMjBjbGljYWJsZSUyRmludGVyYWN0aXUlMjAlMkElMkYlMEQlMEElMjAlMjBtaXgtYmxlbmQtbW9kZSUzQSUyMGNvbG9yJTNCJTIwJTIwJTIwJTIwJTIwJTIwJTIwJTIwJTIwJTIwJTJGJTJBJTIwcHJvdmFyJTIwdGFtYiVDMyVBOSUyMG11bHRpcGx5JTIwJTJGJTIwb3ZlcmxheSUyMHNlZ29ucyUyMGVsJTIwcmVzdWx0YXQlMjAlMkElMkYlMEQlMEElMjAlMjBvcGFjaXR5JTNBJTIwMC4yJTNCJTIwJTIwJTIwJTIwJTIwJTIwJTIwJTIwJTIwJTIwJTIwJTIwJTIwJTIwJTIwJTIwJTIwJTIwJTIwJTJGJTJBJTIwYWp1c3RhJTIwcGVyJTIwaW50ZW5zaXRhdCUyMGRlbCUyMHRvJTIwJTJBJTJGJTBEJTBBJTIwJTIwdHJhbnNpdGlvbiUzQSUyMG9wYWNpdHklMjAwLjI1cyUyMGVhc2UlM0IlMEQlMEElMjAlMjBib3JkZXItcmFkaXVzJTNBJTIwaW5oZXJpdCUzQiUwRCUwQSU3RCUwRCUwQSUwRCUwQSUyRiUyQSUyME9wY2klQzMlQjMlM0ElMjBzaSUyMHZvbHMlMjBxdWUlMjB0b3JuaSUyMGElMjBjb2xvciUyMHF1YW4lMjBsJTI3dXN1YXJpJTIwaGklMjBwYXNzYSUyMGVsJTIwcmF0b2wlQzMlQUQlMjAlMkElMkYlMEQlMEEubWFwYS10b25lJTNBaG92ZXIlMjBpZnJhbWUlN0IlMEQlMEElMjAlMjBmaWx0ZXIlM0ElMjBub25lJTNCJTBEJTBBJTdEJTBEJTBBLm1hcGEtdG9uZSUzQWhvdmVyJTNBJTNBYWZ0ZXIlN0IlMEQlMEElMjAlMjBvcGFjaXR5JTNBJTIwMCUzQiUyMCUyRiUyQSUyMG8lMjAwLjE1JTIwc2klMjBwcmVmZXJlaXhlcyUyMHVuJTIwZXN2YSVDMyVBRm1lbnQlMjBwYXJjaWFsJTIwJTJBJTJGJTBEJTBBJTdEJTBEJTBBJTBEJTBBJTJGJTJBJTIwVmFyaWFudGUlMjBzaSUyMG1peC1ibGVuZC1tb2RlJTNBJTIwY29sb3IlMjBubyUyMGV0JTIwcXVlZGElMjBiJUMzJUE5JTJDJTIwcHJvdmElMjBtdWx0aXBseSUyMCUyQSUyRiUwRCUwQSUyRiUyQSUyMC5tYXBhLXRvbmUlM0ElM0FhZnRlciU3QiUyMG1peC1ibGVuZC1tb2RlJTNBJTIwbXVsdGlwbHklM0IlMjBvcGFjaXR5JTNBJTIwMC40NSUzQiUyMCU3RCUyMCUyQSUyRiUwRCUwQSUzQyUyRnN0eWxlJTNF[\/vc_raw_html][\/vc_column][vc_column width=\u00bb4\/5&#8243;][vc_row_inner row_type=\u00bbrow\u00bb type=\u00bbfull_width\u00bb text_align=\u00bbleft\u00bb css_animation=\u00bb\u00bb][vc_column_inner width=\u00bb1\/5&#8243;][\/vc_column_inner][vc_column_inner width=\u00bb4\/5&#8243;]<style id=\"wpforms-css-vars-17282\">\n\t\t\t\t#wpforms-17282 {\n\t\t\t\t--wpforms-container-padding: 0px;\n--wpforms-container-border-width: 1px;\n--wpforms-container-border-radius: 3px;\n--wpforms-background-color: rgba(0, 0, 0, 0);\n--wpforms-field-size-input-height: 43px;\n--wpforms-field-size-input-spacing: 15px;\n--wpforms-field-size-font-size: 16px;\n--wpforms-field-size-line-height: 19px;\n--wpforms-field-size-padding-h: 14px;\n--wpforms-field-size-checkbox-size: 16px;\n--wpforms-field-size-sublabel-spacing: 5px;\n--wpforms-field-size-icon-size: 1;\n--wpforms-label-size-font-size: 16px;\n--wpforms-label-size-line-height: 19px;\n--wpforms-label-size-sublabel-font-size: 14px;\n--wpforms-label-size-sublabel-line-height: 17px;\n--wpforms-button-size-font-size: 17px;\n--wpforms-button-size-height: 41px;\n--wpforms-button-size-padding-h: 15px;\n--wpforms-button-size-margin-top: 10px;\n--wpforms-container-shadow-size-box-shadow: none;\n\t\t\t}\n\t\t\t<\/style><div class=\"wpforms-container wpforms-container-full wpforms-render-modern\" id=\"wpforms-17282\"><form id=\"wpforms-form-17282\" class=\"wpforms-validate wpforms-form wpforms-ajax-form\" data-formid=\"17282\" method=\"post\" enctype=\"multipart\/form-data\" action=\"\/es\/wp-json\/wp\/v2\/pages\/17275\" data-token=\"6db5451342604a73415bd50f50f576c2\" data-token-time=\"1777106820\"><noscript class=\"wpforms-error-noscript\">Por favor, activa JavaScript en tu navegador para completar este formulario.<\/noscript><div id=\"wpforms-error-noscript\" style=\"display: none;\">Por favor, activa JavaScript en tu navegador para completar este formulario.<\/div><div class=\"wpforms-field-container\">\t\t<div id=\"wpforms-17282-field_6-container\"\n\t\t\tclass=\"wpforms-field wpforms-field-text\"\n\t\t\tdata-field-type=\"text\"\n\t\t\tdata-field-id=\"6\"\n\t\t\t>\n\t\t\t<label class=\"wpforms-field-label\" for=\"wpforms-17282-field_6\" >CORREO Y ELECTR\u00d3NICO<\/label>\n\t\t\t<input type=\"text\" id=\"wpforms-17282-field_6\" class=\"wpforms-field-medium\" name=\"wpforms[fields][6]\" >\n\t\t<\/div>\n\t\t<div id=\"wpforms-17282-field_1-container\" class=\"wpforms-field wpforms-field-name\" data-field-id=\"1\"><label class=\"wpforms-field-label\" for=\"wpforms-17282-field_1\">NOMBRE Y APELLIDOS <span class=\"wpforms-required-label\" aria-hidden=\"true\">*<\/span><\/label><input type=\"text\" id=\"wpforms-17282-field_1\" class=\"wpforms-field-medium wpforms-field-required\" name=\"wpforms[fields][1]\" aria-errormessage=\"wpforms-17282-field_1-error\" required><\/div><div id=\"wpforms-17282-field_4-container\" class=\"wpforms-field wpforms-field-text\" data-field-id=\"4\"><label class=\"wpforms-field-label\" for=\"wpforms-17282-field_4\">TEL\u00c9FONO <span class=\"wpforms-required-label\" aria-hidden=\"true\">*<\/span><\/label><input type=\"text\" id=\"wpforms-17282-field_4\" class=\"wpforms-field-medium wpforms-field-required\" name=\"wpforms[fields][4]\" aria-errormessage=\"wpforms-17282-field_4-error\" required><\/div><div id=\"wpforms-17282-field_2-container\" class=\"wpforms-field wpforms-field-email\" data-field-id=\"2\"><label class=\"wpforms-field-label\" for=\"wpforms-17282-field_2\">CORREO ELECTR\u00d3NICO <span class=\"wpforms-required-label\" aria-hidden=\"true\">*<\/span><\/label><input type=\"email\" id=\"wpforms-17282-field_2\" class=\"wpforms-field-medium wpforms-field-required\" name=\"wpforms[fields][2]\" spellcheck=\"false\" aria-errormessage=\"wpforms-17282-field_2-error\" required><\/div><div id=\"wpforms-17282-field_3-container\" class=\"wpforms-field wpforms-field-textarea\" data-field-id=\"3\"><label class=\"wpforms-field-label\" for=\"wpforms-17282-field_3\">\u00bfQU\u00c9 ME QUIERES DECIR? <span class=\"wpforms-required-label\" aria-hidden=\"true\">*<\/span><\/label><textarea id=\"wpforms-17282-field_3\" class=\"wpforms-field-medium wpforms-field-required\" name=\"wpforms[fields][3]\" aria-errormessage=\"wpforms-17282-field_3-error\" required><\/textarea><\/div><div id=\"wpforms-17282-field_5-container\" class=\"wpforms-field wpforms-field-radio\" data-field-id=\"5\"><fieldset><legend class=\"wpforms-field-label\">COMUNICACIONES <span class=\"wpforms-required-label\" aria-hidden=\"true\">*<\/span><\/legend><ul id=\"wpforms-17282-field_5\" class=\"wpforms-field-required\"><li class=\"choice-1 depth-1\"><input type=\"radio\" id=\"wpforms-17282-field_5_1\" name=\"wpforms[fields][5]\" value=\"He le\u00eddo y acepto recibir publicidad o informaci\u00f3n promocional de KOKORA.\" aria-errormessage=\"wpforms-17282-field_5_1-error\" required ><label class=\"wpforms-field-label-inline\" for=\"wpforms-17282-field_5_1\">He le\u00eddo y acepto recibir publicidad o informaci\u00f3n promocional de KOKORA.<\/label><\/li><li class=\"choice-2 depth-1\"><input type=\"radio\" id=\"wpforms-17282-field_5_2\" name=\"wpforms[fields][5]\" value=\"He le\u00eddo y NO acepto recibir publicidad o informaci\u00f3n promocional de KOKORA.\" aria-errormessage=\"wpforms-17282-field_5_2-error\" required ><label class=\"wpforms-field-label-inline\" for=\"wpforms-17282-field_5_2\">He le\u00eddo y NO acepto recibir publicidad o informaci\u00f3n promocional de KOKORA.<\/label><\/li><\/ul><\/fieldset><\/div><script>\n\t\t\t\t( function() {\n\t\t\t\t\tconst style = document.createElement( 'style' );\n\t\t\t\t\tstyle.appendChild( document.createTextNode( '#wpforms-17282-field_6-container { position: absolute !important; overflow: hidden !important; display: inline !important; height: 1px !important; width: 1px !important; z-index: -1000 !important; padding: 0 !important; } #wpforms-17282-field_6-container input { visibility: hidden; } #wpforms-conversational-form-page #wpforms-17282-field_6-container label { counter-increment: none; }' ) );\n\t\t\t\t\tdocument.head.appendChild( style );\n\t\t\t\t\tdocument.currentScript?.remove();\n\t\t\t\t} )();\n\t\t\t<\/script><\/div><!-- .wpforms-field-container --><div class=\"wpforms-recaptcha-container wpforms-is-turnstile\" ><div class=\"wpforms-turnstile\" data-sitekey=\"0x4AAAAAACAqmGJr4vguBfB7\" data-action=\"FormID-17282\"><\/div><input type=\"text\" name=\"g-recaptcha-hidden\" class=\"wpforms-recaptcha-hidden\" style=\"position:absolute!important;clip:rect(0,0,0,0)!important;height:1px!important;width:1px!important;border:0!important;overflow:hidden!important;padding:0!important;margin:0!important;\" data-rule-turnstile=\"1\"><\/div><div class=\"wpforms-submit-container\" ><input type=\"hidden\" name=\"wpforms[id]\" value=\"17282\"><input type=\"hidden\" name=\"page_title\" value=\"\"><input type=\"hidden\" name=\"page_url\" value=\"https:\/\/www.kokora.cat\/es\/wp-json\/wp\/v2\/pages\/17275\"><input type=\"hidden\" name=\"url_referer\" value=\"\"><button type=\"submit\" name=\"wpforms[submit]\" id=\"wpforms-submit-17282\" class=\"wpforms-submit\" data-alt-text=\"S&#039;est\u00e0 enviant...\" data-submit-text=\"Envia\" aria-live=\"assertive\" value=\"wpforms-submit\">Envia<\/button><img loading=\"lazy\" decoding=\"async\" src=\"https:\/\/www.kokora.cat\/wp-content\/plugins\/wpforms-lite\/assets\/images\/submit-spin.svg\" class=\"wpforms-submit-spinner\" style=\"display: none;\" width=\"26\" height=\"26\" alt=\"Cargando\"><\/div><\/form><\/div>  <!-- .wpforms-container -->[\/vc_column_inner][\/vc_row_inner][\/vc_column][\/vc_row][vc_row css_animation=\u00bb\u00bb row_type=\u00bbrow\u00bb use_row_as_full_screen_section=\u00bbno\u00bb type=\u00bbgrid\u00bb angled_section=\u00bbno\u00bb text_align=\u00bbleft\u00bb background_image_as_pattern=\u00bbwithout_pattern\u00bb z_index=\u00bb\u00bb][vc_column width=\u00bb1\/5&#8243;][vc_column_text css=\u00bb\u00bb]<\/p>\n<h2 style=\"text-align: right;\">Pol\u00edtica de protecci\u00f3n de datos<\/h2>\n<p>[\/vc_column_text][\/vc_column][vc_column width=\u00bb4\/5&#8243;][vc_empty_space height=\u00bb25&#8243;][vc_separator type=\u00bbsmall\u00bb position=\u00bbcenter\u00bb color=\u00bb#000000&#8243; thickness=\u00bb1&#8243; width=\u00bb1500&#8243;][vc_empty_space height=\u00bb25&#8243;][vc_row_inner row_type=\u00bbrow\u00bb type=\u00bbfull_width\u00bb text_align=\u00bbleft\u00bb css_animation=\u00bb\u00bb][vc_column_inner width=\u00bb1\/5&#8243;][\/vc_column_inner][vc_column_inner width=\u00bb2\/5&#8243;][vc_column_text css=\u00bb\u00bb]De conformidad con lo establecido en la normativa vigente en Protecci\u00f3n de Datos de Car\u00e1cter Personal, le informamos que sus datos ser\u00e1n incorporados al sistema de tratamiento titularidad de KOKORA \u2013 M TERESA GARCIA ARRASTIA con NIF 77312290K y domicilio social situado en C\/ COLLSUSPINA 503 B233 \u2013 08529 MUNT sus consultas y remitirle comunicaciones comerciales que puedan ser de su inter\u00e9s. En cumplimiento de la normativa vigente, KOKORA &#8211; M TERESA GARCIA ARRASTIA informa que los datos ser\u00e1n conservados durante el plazo estrictamente necesario para cumplir con los preceptos mencionados anteriormente.<\/p>\n<p>&nbsp;<\/p>\n<p>Le informamos que trataremos sus datos de acuerdo con la existencia de su consentimiento.<\/p>\n<p>&nbsp;<\/p>\n<p>KOKORA \u2013 M TERESA GARCIA ARRASTIA informa que tratar\u00e1 los datos de forma l\u00edcita, leal, transparente, adecuada, pertinente, limitada, exacta y actualizada. Por ello, KOKORA \u2013 M TERESA GARCIA ARRASTIA se compromete a adoptar todas las medidas razonables para que \u00e9stos se supriman o rectifiquen sin dilaci\u00f3n cuando sean inexactas.[\/vc_column_text][\/vc_column_inner][vc_column_inner width=\u00bb2\/5&#8243;][vc_column_text css=\u00bb\u00bb]De acuerdo con los derechos que le confiere la normativa vigente en protecci\u00f3n de datos podr\u00e1 ejercer los derechos de acceso, rectificaci\u00f3n, limitaci\u00f3n de tratamiento, supresi\u00f3n, portabilidad y oposici\u00f3n al tratamiento de sus datos de car\u00e1cter personal as\u00ed como del consentimiento prestado para su tratamiento, dirigiendo su petici\u00f3n a la direcci\u00f3n postal arriba indicada o al correo electr\u00f3nico info@kokora.<\/p>\n<p>&nbsp;<\/p>\n<p>Asimismo, y de acuerdo con lo que establece la Ley 34\/2002, de 11 de julio, de Servicios de la Sociedad de la Informaci\u00f3n y de Comercio Electr\u00f3nico, en el art\u00edculo 21, solicitamos tambi\u00e9n su consentimiento expreso para enviarle publicidad de nuestros productos o promociones que consideremos puedan ser de su inter\u00e9s, por correo electr\u00f3nico o por cualquier otro.<\/p>\n<p>&nbsp;<\/p>\n<p>Le informamos que podr\u00e1 revocar en cualquier momento el consentimiento prestado en la recepci\u00f3n de comunicaciones comerciales enviando un correo electr\u00f3nico a la direcci\u00f3n de correo electr\u00f3nico: info@kokora.cat. Podr\u00e1 dirigirse a la Autoridad de Control competente para presentar la reclamaci\u00f3n que considere oportuna.[\/vc_column_text][\/vc_column_inner][\/vc_row_inner][\/vc_column][\/vc_row][vc_row css_animation=\u00bb\u00bb row_type=\u00bbrow\u00bb use_row_as_full_screen_section=\u00bbno\u00bb type=\u00bbfull_width\u00bb angled_section=\u00bbno\u00bb text_align=\u00bbleft\u00bb background_image_as_pattern=\u00bbwithout_pattern\u00bb][vc_column][vc_empty_space height=\u00bb50&#8243;][\/vc_column][\/vc_row]<\/p>\n<\/div>","protected":false},"excerpt":{"rendered":"<p>[vc_row css_animation=\u00bb\u00bb row_type=\u00bbrow\u00bb use_row_as_full_screen_section=\u00bbno\u00bb type=\u00bbgrid\u00bb angled_section=\u00bbno\u00bb text_align=\u00bbleft\u00bb background_image_as_pattern=\u00bbwithout_pattern\u00bb z_index=\u00bb\u00bb][vc_column offset=\u00bbvc_hidden-xs\u00bb][vc_column_text css=\u00bb\u00bb]INICIO \/\/ CONTACTO[\/vc_column_text][vc_empty_space height=\u00bb100&#8243;][\/vc_column][\/vc_row][vc_row css_animation=\u00bb\u00bb row_type=\u00bbrow\u00bb use_row_as_full_screen_section=\u00bbno\u00bb type=\u00bbgrid\u00bb angled_section=\u00bbno\u00bb text_align=\u00bbleft\u00bb background_image_as_pattern=\u00bbwithout_pattern\u00bb z_index=\u00bb\u00bb][vc_column offset=\u00bbvc_hidden-lg vc_hidden-md vc_hidden-sm\u00bb][vc_column_text css=\u00bb\u00bb] INICIO \/\/ CONTACTO [\/vc_column_text][vc_empty_space height=\u00bb100&#8243;][\/vc_column][\/vc_row][vc_row css_animation=\u00bb\u00bb row_type=\u00bbrow\u00bb use_row_as_full_screen_section=\u00bbno\u00bb type=\u00bbgrid\u00bb angled_section=\u00bbno\u00bb text_align=\u00bbleft\u00bb background_image_as_pattern=\u00bbwithout_pattern\u00bb z_index=\u00bb\u00bb anchor=\u00bbinici\u00bb][vc_column width=\u00bb1\/5&#8243;][vc_column_text css=\u00bb\u00bb] Contacta con KOKORA&hellip; <a class=\"continue\" href=\"https:\/\/www.kokora.cat\/es\/contacto\/\">CONTINUAR >><span> Contacto<\/span><\/a><\/p>\n","protected":false},"author":1,"featured_media":0,"parent":0,"menu_order":0,"comment_status":"open","ping_status":"open","template":"full_width.php","meta":{"_joinchat":[],"footnotes":""},"class_list":["post-17275","page","type-page","status-publish","hentry"],"_links":{"self":[{"href":"https:\/\/www.kokora.cat\/es\/wp-json\/wp\/v2\/pages\/17275","targetHints":{"allow":["GET"]}}],"collection":[{"href":"https:\/\/www.kokora.cat\/es\/wp-json\/wp\/v2\/pages"}],"about":[{"href":"https:\/\/www.kokora.cat\/es\/wp-json\/wp\/v2\/types\/page"}],"author":[{"embeddable":true,"href":"https:\/\/www.kokora.cat\/es\/wp-json\/wp\/v2\/users\/1"}],"replies":[{"embeddable":true,"href":"https:\/\/www.kokora.cat\/es\/wp-json\/wp\/v2\/comments?post=17275"}],"version-history":[{"count":5,"href":"https:\/\/www.kokora.cat\/es\/wp-json\/wp\/v2\/pages\/17275\/revisions"}],"predecessor-version":[{"id":17465,"href":"https:\/\/www.kokora.cat\/es\/wp-json\/wp\/v2\/pages\/17275\/revisions\/17465"}],"wp:attachment":[{"href":"https:\/\/www.kokora.cat\/es\/wp-json\/wp\/v2\/media?parent=17275"}],"curies":[{"name":"wp","href":"https:\/\/api.w.org\/{rel}","templated":true}]}}