{"id":17245,"date":"2025-11-26T14:44:08","date_gmt":"2025-11-26T12:44:08","guid":{"rendered":"https:\/\/www.kokora.cat\/?page_id=17245"},"modified":"2025-12-29T14:30:06","modified_gmt":"2025-12-29T12:30:06","slug":"politica-de-reembolsos-y-devoluciones","status":"publish","type":"page","link":"https:\/\/www.kokora.cat\/es\/korashop\/politica-de-reembolsos-y-devoluciones\/","title":{"rendered":"Pol\u00edtica de reembolsos y devoluciones"},"content":{"rendered":"<div class=\"wpb-content-wrapper\"><p>[vc_row css_animation=\u00bb\u00bb row_type=\u00bbrow\u00bb use_row_as_full_screen_section=\u00bbno\u00bb type=\u00bbgrid\u00bb angled_section=\u00bbno\u00bb text_align=\u00bbleft\u00bb background_image_as_pattern=\u00bbwithout_pattern\u00bb z_index=\u00bb\u00bb][vc_column offset=\u00bbvc_hidden-xs\u00bb][vc_column_text css=\u00bb\u00bb]<small><a href=\"\/es\">INICIO<\/a> \/\/ POL\u00cdTICA DE DEVOLUCIONES<\/small>[\/vc_column_text][vc_empty_space height=\u00bb100&#8243;][\/vc_column][\/vc_row][vc_row css_animation=\u00bb\u00bb row_type=\u00bbrow\u00bb use_row_as_full_screen_section=\u00bbno\u00bb type=\u00bbgrid\u00bb angled_section=\u00bbno\u00bb text_align=\u00bbleft\u00bb background_image_as_pattern=\u00bbwithout_pattern\u00bb z_index=\u00bb\u00bb][vc_column offset=\u00bbvc_hidden-lg vc_hidden-md vc_hidden-sm\u00bb][vc_column_text css=\u00bb\u00bb]<\/p>\n<p style=\"text-align: center;\"><small><a href=\"\/\">INICI<\/a> \/\/ AV\u00cdS LEGAL<\/small><\/p>\n<p>[\/vc_column_text][vc_empty_space height=\u00bb75&#8243;][\/vc_column][\/vc_row][vc_row css_animation=\u00bb\u00bb row_type=\u00bbrow\u00bb use_row_as_full_screen_section=\u00bbno\u00bb type=\u00bbgrid\u00bb angled_section=\u00bbno\u00bb text_align=\u00bbleft\u00bb background_image_as_pattern=\u00bbwithout_pattern\u00bb z_index=\u00bb\u00bb padding_bottom=\u00bb75&#8243; anchor=\u00bbinici\u00bb][vc_column width=\u00bb1\/5&#8243;][vc_column_text css=\u00bb\u00bb]<\/p>\n<h1 style=\"text-align: right;\">Pol\u00edtica devoluciones<\/h1>\n<p>[\/vc_column_text][\/vc_column][vc_column width=\u00bb4\/5&#8243;][vc_row_inner row_type=\u00bbrow\u00bb type=\u00bbfull_width\u00bb text_align=\u00bbleft\u00bb css_animation=\u00bb\u00bb][vc_column_inner offset=\u00bbvc_hidden-xs\u00bb][vc_empty_space height=\u00bb50&#8243;][\/vc_column_inner][\/vc_row_inner][vc_separator type=\u00bbsmall\u00bb position=\u00bbcenter\u00bb color=\u00bb#000000&#8243; thickness=\u00bb1&#8243; width=\u00bb1500&#8243;][vc_column_text css=\u00bb\u00bb]<\/p>\n<h2 style=\"text-align: right;\">kokora.cat<\/h2>\n<p>[\/vc_column_text][vc_row_inner row_type=\u00bbrow\u00bb type=\u00bbfull_width\u00bb text_align=\u00bbleft\u00bb css_animation=\u00bb\u00bb][vc_column_inner offset=\u00bbvc_hidden-xs\u00bb][vc_empty_space height=\u00bb100&#8243;][\/vc_column_inner][\/vc_row_inner][vc_row_inner row_type=\u00bbrow\u00bb type=\u00bbfull_width\u00bb text_align=\u00bbleft\u00bb css_animation=\u00bb\u00bb][vc_column_inner offset=\u00bbvc_hidden-lg vc_hidden-md vc_hidden-sm\u00bb][vc_empty_space height=\u00bb50&#8243;][\/vc_column_inner][\/vc_row_inner][vc_column_text css=\u00bb\u00bb]<\/p>\n<h3>Visi\u00f3n general<\/h3>\n<p>[vc_separator type=\u00bbsmall\u00bb position=\u00bbleft\u00bb color=\u00bb#000000&#8243; thickness=\u00bb1&#8243; width=\u00bb100&#8243; up=\u00bb10&#8243; down=\u00bb25&#8243;]<\/p>\n<p>Nuestra pol\u00edtica de devoluci\u00f3n y devoluciones tiene una duraci\u00f3n de 30 d\u00edas. Si han pasado 30 d\u00edas desde su compra, no podemos ofrecerle un reembolso o cambio completo.<\/p>\n<p>&nbsp;<\/p>\n<p>Para ser elegible para una devoluci\u00f3n, su art\u00edculo debe estar sin utilizar y en las mismas condiciones en que lo recibi\u00f3. Tambi\u00e9n debe estar en el embalaje original.<\/p>\n<p>&nbsp;<\/p>\n<p><strong>Hay determinadas situaciones en las que s\u00f3lo se conceden reembolsos parciales:<\/strong><\/p>\n<p style=\"padding-left: 40px;\">&gt; Cualquier art\u00edculo que no est\u00e9 en su estado original, est\u00e9 da\u00f1ado o falten piezas por motivos no debidos a nuestro error.<\/p>\n<p style=\"padding-left: 40px;\">&gt; Cualquier art\u00edculo que se devuelva m\u00e1s de 30 d\u00edas despu\u00e9s de la entrega.<\/p>\n<p>[vc_empty_space height=\u00bb50&#8243;]<\/p>\n<h3>Reembolsos<\/h3>\n<p>[vc_separator type=\u00bbsmall\u00bb position=\u00bbleft\u00bb color=\u00bb#000000&#8243; thickness=\u00bb1&#8243; width=\u00bb100&#8243; up=\u00bb10&#8243; down=\u00bb25&#8243;]<\/p>\n<p>Una vez recibida e inspeccionada su devoluci\u00f3n, le enviaremos un correo electr\u00f3nico para notificarle que hemos recibido el art\u00edculo devuelto. Tambi\u00e9n le notificaremos la aprobaci\u00f3n o el rechazo de su reembolso.<\/p>\n<p>&nbsp;<\/p>\n<p>Si se aprueba, se procesar\u00e1 el reembolso y se aplicar\u00e1 autom\u00e1ticamente un cr\u00e9dito a su tarjeta de cr\u00e9dito o al m\u00e9todo de pago original, en un plazo determinado de d\u00edas.<\/p>\n<p>&nbsp;<\/p>\n<p><strong>Reembolsos tard\u00edos o que faltan<\/strong><\/p>\n<p style=\"padding-left: 40px;\">&gt; Si todav\u00eda no ha recibido ning\u00fan reembolso, primero vuelva a comprobar su cuenta bancaria.<\/p>\n<p style=\"padding-left: 40px;\">&gt; A continuaci\u00f3n, p\u00f3ngase en contacto con la empresa de su tarjeta de cr\u00e9dito; puede pasar un tiempo antes de que el reembolso se publique oficialmente.<\/p>\n<p style=\"padding-left: 40px;\">&gt; A continuaci\u00f3n, p\u00f3ngase en contacto con su banco. A menudo existe un tiempo de procesamiento antes de publicar un reembolso.<\/p>\n<p style=\"padding-left: 40px;\">&gt; Si ha hecho todo esto y todav\u00eda no ha recibido el reembolso, p\u00f3ngase en contacto con nosotros en info@kokora.cat.<\/p>\n<p>&nbsp;<\/p>\n<p><strong>Art\u00edculos de rebajas<\/strong><\/p>\n<p>S\u00f3lo pueden reembolsarse art\u00edculos de precio normal. Los art\u00edculos de rebajas no pueden reembolsarse.<\/p>\n<p>[vc_empty_space height=\u00bb50&#8243;]<\/p>\n<h3>Cambios<\/h3>\n<p>[vc_separator type=\u00bbsmall\u00bb position=\u00bbleft\u00bb color=\u00bb#000000&#8243; thickness=\u00bb1&#8243; width=\u00bb100&#8243; up=\u00bb10&#8243; down=\u00bb25&#8243;]<\/p>\n<p>S\u00f3lo sustituimos los art\u00edculos si est\u00e1n defectuosos o da\u00f1ados. Si necesita cambiarlo por el mismo art\u00edculo, env\u00edenos un correo electr\u00f3nico a info@kokora.cat y env\u00edelo a:<\/p>\n<p style=\"padding-left: 40px;\">&gt; <strong>M TERESA GARCIA ARRASTIA<\/strong><\/p>\n<p style=\"padding-left: 40px;\">&gt; C\/ COLLSUSPINA 503 B233<\/p>\n<p style=\"padding-left: 40px;\">&gt; 08529 MONTE\u00d1OLA (BARCELONA)<\/p>\n<p>[vc_empty_space height=\u00bb50&#8243;]<\/p>\n<h3>Regalos<\/h3>\n<p>[vc_separator type=\u00bbsmall\u00bb position=\u00bbleft\u00bb color=\u00bb#000000&#8243; thickness=\u00bb1&#8243; width=\u00bb100&#8243; up=\u00bb10&#8243; down=\u00bb25&#8243;]<\/p>\n<p>Si el art\u00edculo se ha marcado como regalo cuando se compr\u00f3 y se te env\u00eda directamente, recibir\u00e1s un cr\u00e9dito de regalo por el valor de tu devoluci\u00f3n. Una vez recibido el art\u00edculo devuelto, se le enviar\u00e1 un certificado de regalo.<\/p>\n<p>&nbsp;<\/p>\n<p>Si el art\u00edculo no se ha marcado como regalo cuando se compr\u00f3, o si el donador del regalo se ha enviado el pedido para entregarlo m\u00e1s tarde, enviaremos un reembolso al regalo y se informar\u00e1 de su devoluci\u00f3n.<\/p>\n<p>[vc_empty_space height=\u00bb50&#8243;]<\/p>\n<h3>Devoluciones de env\u00edo<\/h3>\n<p>[vc_separator type=\u00bbsmall\u00bb position=\u00bbleft\u00bb color=\u00bb#000000&#8243; thickness=\u00bb1&#8243; width=\u00bb100&#8243; up=\u00bb10&#8243; down=\u00bb25&#8243;]<\/p>\n<p>Para devolver su producto, debe enviar su producto a:<\/p>\n<p style=\"padding-left: 40px;\">&gt; <strong>M TERESA GARCIA ARRASTIA<\/strong><\/p>\n<p style=\"padding-left: 40px;\">&gt; C\/ COLLSUSPINA 503 B233<\/p>\n<p style=\"padding-left: 40px;\">&gt; 08529 MONTE\u00d1OLA (BARCELONA)<\/p>\n<p>&nbsp;<\/p>\n<p>Ser\u00e1s responsable de pagar tus propios gastos de env\u00edo para devolver tu art\u00edculo. Los gastos de env\u00edo no son reembolsables. Si recibe un reembolso, el coste del env\u00edo de devoluci\u00f3n se descontar\u00e1 de su reembolso.<\/p>\n<p>&nbsp;<\/p>\n<p>Dependiendo del lugar donde viva, el tiempo que puede tardar en llegar a su producto intercambiado puede variar.<\/p>\n<p>&nbsp;<\/p>\n<p>Si devuelve art\u00edculos m\u00e1s caros, puede considerar utilizar un servicio de env\u00edo con seguimiento o comprar un seguro de env\u00edo. No garantizamos que recibamos su art\u00edculo devuelto.<\/p>\n<p>[vc_empty_space height=\u00bb50&#8243;]<\/p>\n<h3>\u00bfNecesitas ayuda?<\/h3>\n<p>[vc_separator type=\u00bbsmall\u00bb position=\u00bbleft\u00bb color=\u00bb#000000&#8243; thickness=\u00bb1&#8243; width=\u00bb100&#8243; up=\u00bb10&#8243; down=\u00bb25&#8243;]<\/p>\n<p>Contacte con nosotros en info@kokora.cat para preguntas relacionadas con reembolsos y devoluciones.[\/vc_column_text][\/vc_column][\/vc_row]<\/p>\n<\/div>","protected":false},"excerpt":{"rendered":"<p>[vc_row css_animation=\u00bb\u00bb row_type=\u00bbrow\u00bb use_row_as_full_screen_section=\u00bbno\u00bb type=\u00bbgrid\u00bb angled_section=\u00bbno\u00bb text_align=\u00bbleft\u00bb background_image_as_pattern=\u00bbwithout_pattern\u00bb z_index=\u00bb\u00bb][vc_column offset=\u00bbvc_hidden-xs\u00bb][vc_column_text css=\u00bb\u00bb]INICIO \/\/ POL\u00cdTICA DE DEVOLUCIONES[\/vc_column_text][vc_empty_space height=\u00bb100&#8243;][\/vc_column][\/vc_row][vc_row css_animation=\u00bb\u00bb row_type=\u00bbrow\u00bb use_row_as_full_screen_section=\u00bbno\u00bb type=\u00bbgrid\u00bb angled_section=\u00bbno\u00bb text_align=\u00bbleft\u00bb background_image_as_pattern=\u00bbwithout_pattern\u00bb z_index=\u00bb\u00bb][vc_column offset=\u00bbvc_hidden-lg vc_hidden-md vc_hidden-sm\u00bb][vc_column_text css=\u00bb\u00bb] INICI \/\/ AV\u00cdS LEGAL [\/vc_column_text][vc_empty_space height=\u00bb75&#8243;][\/vc_column][\/vc_row][vc_row css_animation=\u00bb\u00bb row_type=\u00bbrow\u00bb use_row_as_full_screen_section=\u00bbno\u00bb type=\u00bbgrid\u00bb angled_section=\u00bbno\u00bb text_align=\u00bbleft\u00bb background_image_as_pattern=\u00bbwithout_pattern\u00bb z_index=\u00bb\u00bb padding_bottom=\u00bb75&#8243; anchor=\u00bbinici\u00bb][vc_column width=\u00bb1\/5&#8243;][vc_column_text&hellip; <a class=\"continue\" href=\"https:\/\/www.kokora.cat\/es\/korashop\/politica-de-reembolsos-y-devoluciones\/\">CONTINUAR >><span> Pol\u00edtica de reembolsos y devoluciones<\/span><\/a><\/p>\n","protected":false},"author":1,"featured_media":0,"parent":17153,"menu_order":0,"comment_status":"open","ping_status":"open","template":"full_width.php","meta":{"_joinchat":[],"footnotes":""},"class_list":["post-17245","page","type-page","status-publish","hentry"],"_links":{"self":[{"href":"https:\/\/www.kokora.cat\/es\/wp-json\/wp\/v2\/pages\/17245","targetHints":{"allow":["GET"]}}],"collection":[{"href":"https:\/\/www.kokora.cat\/es\/wp-json\/wp\/v2\/pages"}],"about":[{"href":"https:\/\/www.kokora.cat\/es\/wp-json\/wp\/v2\/types\/page"}],"author":[{"embeddable":true,"href":"https:\/\/www.kokora.cat\/es\/wp-json\/wp\/v2\/users\/1"}],"replies":[{"embeddable":true,"href":"https:\/\/www.kokora.cat\/es\/wp-json\/wp\/v2\/comments?post=17245"}],"version-history":[{"count":3,"href":"https:\/\/www.kokora.cat\/es\/wp-json\/wp\/v2\/pages\/17245\/revisions"}],"predecessor-version":[{"id":17249,"href":"https:\/\/www.kokora.cat\/es\/wp-json\/wp\/v2\/pages\/17245\/revisions\/17249"}],"up":[{"embeddable":true,"href":"https:\/\/www.kokora.cat\/es\/wp-json\/wp\/v2\/pages\/17153"}],"wp:attachment":[{"href":"https:\/\/www.kokora.cat\/es\/wp-json\/wp\/v2\/media?parent=17245"}],"curies":[{"name":"wp","href":"https:\/\/api.w.org\/{rel}","templated":true}]}}