{"id":17227,"date":"2025-11-04T11:49:40","date_gmt":"2025-11-04T09:49:40","guid":{"rendered":"https:\/\/www.kokora.cat\/?page_id=17227"},"modified":"2025-12-29T14:19:15","modified_gmt":"2025-12-29T12:19:15","slug":"cesta","status":"publish","type":"page","link":"https:\/\/www.kokora.cat\/es\/korashop\/cesta\/","title":{"rendered":"Cesta"},"content":{"rendered":"<div class=\"wpb-content-wrapper\"><p>[vc_row css_animation=\u00bb\u00bb row_type=\u00bbrow\u00bb use_row_as_full_screen_section=\u00bbno\u00bb type=\u00bbgrid\u00bb angled_section=\u00bbno\u00bb text_align=\u00bbleft\u00bb background_image_as_pattern=\u00bbwithout_pattern\u00bb z_index=\u00bb\u00bb][vc_column offset=\u00bbvc_hidden-xs\u00bb][vc_column_text css=\u00bb\u00bb]<small><a href=\"\/es\">INICIO<\/a> \/\/ <a href=\"https:\/\/www.kokora.cat\/es\/korashop\/\">KORASHOP<\/a> \/\/ CESTA<\/small>[\/vc_column_text][vc_empty_space height=\u00bb100&#8243;][\/vc_column][\/vc_row][vc_row css_animation=\u00bb\u00bb row_type=\u00bbrow\u00bb use_row_as_full_screen_section=\u00bbno\u00bb type=\u00bbgrid\u00bb angled_section=\u00bbno\u00bb text_align=\u00bbleft\u00bb background_image_as_pattern=\u00bbwithout_pattern\u00bb z_index=\u00bb\u00bb][vc_column offset=\u00bbvc_hidden-lg vc_hidden-md vc_hidden-sm\u00bb][vc_column_text css=\u00bb\u00bb]<\/p>\n<p style=\"text-align: center;\"><small><a href=\"\/es\">INICIO<\/a> \/\/ <a href=\"https:\/\/www.kokora.cat\/es\/korashop\/\">KORASHOP<\/a> \/\/ CESTA<\/small><\/p>\n<p>[\/vc_column_text][vc_empty_space height=\u00bb75&#8243;][\/vc_column][\/vc_row][vc_row css_animation=\u00bb\u00bb row_type=\u00bbrow\u00bb use_row_as_full_screen_section=\u00bbno\u00bb type=\u00bbgrid\u00bb angled_section=\u00bbno\u00bb text_align=\u00bbleft\u00bb background_image_as_pattern=\u00bbwithout_pattern\u00bb z_index=\u00bb\u00bb anchor=\u00bbinici\u00bb][vc_column width=\u00bb1\/5&#8243;][vc_column_text css=\u00bb\u00bb]<\/p>\n<h1 style=\"text-align: right;\">KORA shop<\/h1>\n<p>[\/vc_column_text][vc_empty_space height=\u00bb20&#8243;][\/vc_column][vc_column width=\u00bb4\/5&#8243;][vc_row_inner row_type=\u00bbrow\u00bb type=\u00bbfull_width\u00bb text_align=\u00bbright\u00bb css_animation=\u00bb\u00bb][vc_column_inner]<a  itemprop=\"url\" href=\"\/es\/korashop\" target=\"_self\"  class=\"qbutton  default\" style=\"\">SEGUIR COMPRANDO<\/a>[\/vc_column_inner][\/vc_row_inner][vc_empty_space height=\u00bb10&#8243;][vc_separator type=\u00bbsmall\u00bb position=\u00bbcenter\u00bb color=\u00bb#000000&#8243; thickness=\u00bb1&#8243; width=\u00bb1500&#8243;][vc_column_text css=\u00bb\u00bb]<\/p>\n<h2 style=\"text-align: right;\">Cesta de la compra<\/h2>\n<p>[\/vc_column_text][vc_empty_space height=\u00bb50&#8243;][vc_empty_space height=\u00bb50&#8243;][\/vc_column][\/vc_row][vc_row css_animation=\u00bb\u00bb row_type=\u00bbrow\u00bb use_row_as_full_screen_section=\u00bbno\u00bb type=\u00bbgrid\u00bb angled_section=\u00bbno\u00bb text_align=\u00bbleft\u00bb background_image_as_pattern=\u00bbwithout_pattern\u00bb z_index=\u00bb\u00bb][vc_column width=\u00bb1\/5&#8243;][vc_column_text css=\u00bb\u00bb]<\/p>\n<h3 style=\"text-align: right;\">Condiciones de compra<\/h3>\n<p>[\/vc_column_text][\/vc_column][vc_column width=\u00bb4\/5&#8243;][vc_row_inner row_type=\u00bbrow\u00bb type=\u00bbfull_width\u00bb text_align=\u00bbleft\u00bb css_animation=\u00bb\u00bb][vc_column_inner offset=\u00bbvc_hidden-xs\u00bb][vc_empty_space height=\u00bb30&#8243;][\/vc_column_inner][\/vc_row_inner][vc_separator type=\u00bbsmall\u00bb position=\u00bbcenter\u00bb color=\u00bb#000000&#8243; thickness=\u00bb1&#8243; width=\u00bb1500&#8243;][vc_empty_space height=\u00bb50&#8243;][vc_row_inner row_type=\u00bbrow\u00bb type=\u00bbfull_width\u00bb text_align=\u00bbleft\u00bb css_animation=\u00bb\u00bb][vc_column_inner width=\u00bb1\/2&#8243; css=\u00bb.vc_custom_1762250556085{padding-right: 10% !important;}\u00bb][vc_column_text css=\u00bb\u00bb]<\/p>\n<p style=\"texto-align: left;\"><strong>COMPRA Y PRECIOS<\/strong><\/p>\n<p>&nbsp;<\/p>\n<p>\u00b7 Las condiciones se aplican a todas las compras realizadas a trav\u00e9s de kokora.cat.<\/p>\n<p>&nbsp;<\/p>\n<p>\u00b7 Los precios incluyen el IVA, pero no los gastos de env\u00edo, que se indican antes de finalizar el pedido.<\/p>\n<p>&nbsp;<\/p>\n<p>\u00b7 El proceso de compra es sencillo: selecci\u00f3n de producto, datos de env\u00edo y facturaci\u00f3n, elecci\u00f3n del m\u00e9todo de pago y confirmaci\u00f3n final por correo electr\u00f3nico.<\/p>\n<p>&nbsp;<\/p>\n<p>\u00b7 Los m\u00e9todos de pago aceptados son tarjeta bancaria, PayPal y transferencia bancaria (el env\u00edo se efect\u00faa una vez recibido el pago).[\/vc_column_text][vc_empty_space height=\u00bb20&#8243;][\/vc_column_inner][vc_column_inner width=\u00bb1\/2&#8243; css=\u00bb.vc_custom_1762250564238{padding-right: 10% !important;}\u00bb][vc_column_text css=\u00bb\u00bb]<\/p>\n<p style=\"texto-align: left;\"><strong>ENV\u00cdOS, CAMBIOS Y DEVOLUCIONES<\/strong><\/p>\n<p>&nbsp;<\/p>\n<p>\u00b7 Los pedidos se env\u00edan s\u00f3lo en d\u00edas laborables y los plazos pueden variar seg\u00fan destino o volumen de pedido.<\/p>\n<p>&nbsp;<\/p>\n<p>\u00b7 KOKORA no se hace responsable de retrasos por causas externas (transporte, festivos o errores en los datos del cliente).<\/p>\n<p>&nbsp;<\/p>\n<p>\u00b7 Los productos personalizados no admiten devoluci\u00f3n ni cambio.<\/p>\n<p>&nbsp;<\/p>\n<p>\u00b7 Las cancelaciones s\u00f3lo son posibles antes del env\u00edo.<\/p>\n<p>&nbsp;<\/p>\n<p>\u00b7 Cualquier incidencia con el producto debe comunicarse dentro de los 14 d\u00edas siguientes a la recepci\u00f3n.[\/vc_column_text][\/vc_column_inner][\/vc_row_inner][\/vc_column][\/vc_row][vc_row css_animation=\u00bb\u00bb row_type=\u00bbrow\u00bb use_row_as_full_screen_section=\u00bbno\u00bb type=\u00bbgrid\u00bb angled_section=\u00bbno\u00bb text_align=\u00bbleft\u00bb background_image_as_pattern=\u00bbwithout_pattern\u00bb z_index=\u00bb\u00bb][vc_column][vc_empty_space height=\u00bb100&#8243;][\/vc_column][\/vc_row]<\/p>\n<\/div>","protected":false},"excerpt":{"rendered":"<p>[vc_row css_animation=\u00bb\u00bb row_type=\u00bbrow\u00bb use_row_as_full_screen_section=\u00bbno\u00bb type=\u00bbgrid\u00bb angled_section=\u00bbno\u00bb text_align=\u00bbleft\u00bb background_image_as_pattern=\u00bbwithout_pattern\u00bb z_index=\u00bb\u00bb][vc_column offset=\u00bbvc_hidden-xs\u00bb][vc_column_text css=\u00bb\u00bb]INICIO \/\/ KORASHOP \/\/ CESTA[\/vc_column_text][vc_empty_space height=\u00bb100&#8243;][\/vc_column][\/vc_row][vc_row css_animation=\u00bb\u00bb row_type=\u00bbrow\u00bb use_row_as_full_screen_section=\u00bbno\u00bb type=\u00bbgrid\u00bb angled_section=\u00bbno\u00bb text_align=\u00bbleft\u00bb background_image_as_pattern=\u00bbwithout_pattern\u00bb z_index=\u00bb\u00bb][vc_column offset=\u00bbvc_hidden-lg vc_hidden-md vc_hidden-sm\u00bb][vc_column_text css=\u00bb\u00bb] INICIO \/\/ KORASHOP \/\/ CESTA [\/vc_column_text][vc_empty_space height=\u00bb75&#8243;][\/vc_column][\/vc_row][vc_row css_animation=\u00bb\u00bb row_type=\u00bbrow\u00bb use_row_as_full_screen_section=\u00bbno\u00bb type=\u00bbgrid\u00bb angled_section=\u00bbno\u00bb text_align=\u00bbleft\u00bb background_image_as_pattern=\u00bbwithout_pattern\u00bb z_index=\u00bb\u00bb anchor=\u00bbinici\u00bb][vc_column width=\u00bb1\/5&#8243;][vc_column_text&hellip; <a class=\"continue\" href=\"https:\/\/www.kokora.cat\/es\/korashop\/cesta\/\">CONTINUAR >><span> Cesta<\/span><\/a><\/p>\n","protected":false},"author":1,"featured_media":0,"parent":17153,"menu_order":0,"comment_status":"open","ping_status":"open","template":"full_width.php","meta":{"_joinchat":[],"footnotes":""},"class_list":["post-17227","page","type-page","status-publish","hentry"],"_links":{"self":[{"href":"https:\/\/www.kokora.cat\/es\/wp-json\/wp\/v2\/pages\/17227","targetHints":{"allow":["GET"]}}],"collection":[{"href":"https:\/\/www.kokora.cat\/es\/wp-json\/wp\/v2\/pages"}],"about":[{"href":"https:\/\/www.kokora.cat\/es\/wp-json\/wp\/v2\/types\/page"}],"author":[{"embeddable":true,"href":"https:\/\/www.kokora.cat\/es\/wp-json\/wp\/v2\/users\/1"}],"replies":[{"embeddable":true,"href":"https:\/\/www.kokora.cat\/es\/wp-json\/wp\/v2\/comments?post=17227"}],"version-history":[{"count":4,"href":"https:\/\/www.kokora.cat\/es\/wp-json\/wp\/v2\/pages\/17227\/revisions"}],"predecessor-version":[{"id":17318,"href":"https:\/\/www.kokora.cat\/es\/wp-json\/wp\/v2\/pages\/17227\/revisions\/17318"}],"up":[{"embeddable":true,"href":"https:\/\/www.kokora.cat\/es\/wp-json\/wp\/v2\/pages\/17153"}],"wp:attachment":[{"href":"https:\/\/www.kokora.cat\/es\/wp-json\/wp\/v2\/media?parent=17227"}],"curies":[{"name":"wp","href":"https:\/\/api.w.org\/{rel}","templated":true}]}}