{"id":17201,"date":"2025-11-14T17:09:10","date_gmt":"2025-11-14T15:09:10","guid":{"rendered":"https:\/\/www.kokora.cat\/?page_id=17201"},"modified":"2025-12-29T14:29:25","modified_gmt":"2025-12-29T12:29:25","slug":"korastamp","status":"publish","type":"page","link":"https:\/\/www.kokora.cat\/es\/korashop\/korastamp\/","title":{"rendered":"KORAstamp"},"content":{"rendered":"<div class=\"wpb-content-wrapper\"><p>[vc_row css_animation=\u00bb\u00bb row_type=\u00bbrow\u00bb use_row_as_full_screen_section=\u00bbno\u00bb type=\u00bbgrid\u00bb angled_section=\u00bbno\u00bb text_align=\u00bbleft\u00bb background_image_as_pattern=\u00bbwithout_pattern\u00bb z_index=\u00bb\u00bb][vc_column offset=\u00bbvc_hidden-xs\u00bb][vc_column_text css=\u00bb\u00bb]<small><a href=\"\/es\">INICIO<\/a> \/\/ <a href=\"https:\/\/www.kokora.cat\/es\/korashop\/\">KORASHOP<\/a> \/\/ KORAstamp<\/small>[\/vc_column_text][vc_empty_space height=\u00bb100&#8243;][\/vc_column][\/vc_row][vc_row css_animation=\u00bb\u00bb row_type=\u00bbrow\u00bb use_row_as_full_screen_section=\u00bbno\u00bb type=\u00bbgrid\u00bb angled_section=\u00bbno\u00bb text_align=\u00bbleft\u00bb background_image_as_pattern=\u00bbwithout_pattern\u00bb z_index=\u00bb\u00bb][vc_column offset=\u00bbvc_hidden-lg vc_hidden-md vc_hidden-sm\u00bb][vc_column_text css=\u00bb\u00bb]<\/p>\n<p style=\"text-align: center;\"><small><a href=\"\/es\">INICIO<\/a> \/\/ <a href=\"https:\/\/www.kokora.cat\/es\/korashop\/\">KORASHOP<\/a> \/\/ KORAstamp<\/small><\/p>\n<p>[\/vc_column_text][vc_empty_space height=\u00bb75&#8243;][\/vc_column][\/vc_row][vc_row css_animation=\u00bb\u00bb row_type=\u00bbrow\u00bb use_row_as_full_screen_section=\u00bbno\u00bb type=\u00bbgrid\u00bb angled_section=\u00bbno\u00bb text_align=\u00bbleft\u00bb background_image_as_pattern=\u00bbwithout_pattern\u00bb z_index=\u00bb\u00bb anchor=\u00bbinici\u00bb][vc_column width=\u00bb1\/5&#8243;][vc_column_text css=\u00bb\u00bb]<\/p>\n<h1 style=\"text-align: right;\">KORA shop<\/h1>\n<p>[\/vc_column_text][\/vc_column][vc_column width=\u00bb4\/5&#8243;][vc_row_inner row_type=\u00bbrow\u00bb type=\u00bbfull_width\u00bb text_align=\u00bbleft\u00bb css_animation=\u00bb\u00bb][vc_column_inner offset=\u00bbvc_hidden-xs\u00bb][vc_empty_space height=\u00bb50&#8243;][\/vc_column_inner][\/vc_row_inner][vc_separator type=\u00bbsmall\u00bb position=\u00bbcenter\u00bb color=\u00bb#000000&#8243; thickness=\u00bb1&#8243; width=\u00bb1500&#8243;][vc_column_text css=\u00bb\u00bb]<\/p>\n<h2 style=\"text-align: right;\">KORAstamp<\/h2>\n<p>[\/vc_column_text][vc_empty_space height=\u00bb5&#8243;][vc_column_text css=\u00bb\u00bb]<\/p>\n<p style=\"text-align: right;\"><em>\u2018Deja volar tu creatividad con la huella KOKORA\u2019<\/em><\/p>\n<p>[\/vc_column_text][vc_row_inner row_type=\u00bbrow\u00bb type=\u00bbfull_width\u00bb text_align=\u00bbleft\u00bb css_animation=\u00bb\u00bb][vc_column_inner offset=\u00bbvc_hidden-xs\u00bb][vc_empty_space height=\u00bb100&#8243;][\/vc_column_inner][\/vc_row_inner][vc_row_inner row_type=\u00bbrow\u00bb type=\u00bbfull_width\u00bb text_align=\u00bbleft\u00bb css_animation=\u00bb\u00bb][vc_column_inner offset=\u00bbvc_hidden-lg vc_hidden-md vc_hidden-sm\u00bb][vc_empty_space height=\u00bb50&#8243;][\/vc_column_inner][\/vc_row_inner][vc_row_inner row_type=\u00bbrow\u00bb type=\u00bbfull_width\u00bb text_align=\u00bbleft\u00bb css_animation=\u00bb\u00bb][vc_column_inner width=\u00bb1\/2&#8243;][vc_column_text css=\u00bb\u00bb]Una colecci\u00f3n pensada para quienes quieren crear con alma propia. Nuestros tejidos estampados a mano llevan la impronta KOKORA: dise\u00f1os exclusivos, texturas naturales y una belleza org\u00e1nica que nace del proceso artesanal.<\/p>\n<p>&nbsp;<\/p>\n<p>Cada metro de tela es una prenda viva, hecha con cuidado, con tintas ecol\u00f3gicas y sobre tejidos nobles como el lino europeo o el algod\u00f3n org\u00e1nico.[\/vc_column_text][\/vc_column_inner][vc_column_inner width=\u00bb1\/2&#8243;][vc_column_text css=\u00bb\u00bb]Perfectas para dar forma a tus propias creaciones \u2014almohadas, bolsas, detalles de decoraci\u00f3n o prendas de vestir\u2014, siempre con ese toque \u00fanico que s\u00f3lo el arte puede ofrecer.<\/p>\n<p>&nbsp;<\/p>\n<p>Para tama\u00f1os especiales o variaciones de color, basta con escribirnos: crearemos la combinaci\u00f3n perfecta para tu proyecto.[\/vc_column_text][\/vc_column_inner][\/vc_row_inner][vc_empty_space height=\u00bb50&#8243;]<div class=\"woocommerce columns-4 \"><ul class=\"products\">\n<li class=\"product type-product post-16457 status-publish first instock product_cat-korastamp has-post-thumbnail taxable shipping-taxable purchasable product-type-simple\">\n\t\n\t\t\n    <div class=\"top-product-section\">\n\n        <a itemprop=\"url\" href=\"https:\/\/www.kokora.cat\/producte\/peca-de-tela-estampada-paris\/\" class=\"product-category\">\n            <span class=\"image-wrapper\">\n            <img loading=\"lazy\" decoding=\"async\" width=\"400\" height=\"400\" src=\"https:\/\/www.kokora.cat\/wp-content\/uploads\/2025\/11\/KORAstamp_paris-400x400.jpg\" class=\"attachment-woocommerce_thumbnail size-woocommerce_thumbnail\" alt=\"KORAstamp\" srcset=\"https:\/\/www.kokora.cat\/wp-content\/uploads\/2025\/11\/KORAstamp_paris-400x400.jpg 400w, https:\/\/www.kokora.cat\/wp-content\/uploads\/2025\/11\/KORAstamp_paris-300x300.jpg 300w, https:\/\/www.kokora.cat\/wp-content\/uploads\/2025\/11\/KORAstamp_paris-1024x1024.jpg 1024w, https:\/\/www.kokora.cat\/wp-content\/uploads\/2025\/11\/KORAstamp_paris-150x150.jpg 150w, https:\/\/www.kokora.cat\/wp-content\/uploads\/2025\/11\/KORAstamp_paris-768x768.jpg 768w, https:\/\/www.kokora.cat\/wp-content\/uploads\/2025\/11\/KORAstamp_paris-570x570.jpg 570w, https:\/\/www.kokora.cat\/wp-content\/uploads\/2025\/11\/KORAstamp_paris-500x500.jpg 500w, https:\/\/www.kokora.cat\/wp-content\/uploads\/2025\/11\/KORAstamp_paris-1000x1000.jpg 1000w, https:\/\/www.kokora.cat\/wp-content\/uploads\/2025\/11\/KORAstamp_paris-700x700.jpg 700w, https:\/\/www.kokora.cat\/wp-content\/uploads\/2025\/11\/KORAstamp_paris-600x600.jpg 600w, https:\/\/www.kokora.cat\/wp-content\/uploads\/2025\/11\/KORAstamp_paris-100x100.jpg 100w, https:\/\/www.kokora.cat\/wp-content\/uploads\/2025\/11\/KORAstamp_paris.jpg 1200w\" sizes=\"auto, (max-width: 400px) 100vw, 400px\" \/>            <\/span>\n        <\/a>\n\n\t\t<span class=\"add-to-cart-button-outer\"><span class=\"add-to-cart-button-inner\"><a href=\"\/es\/wp-json\/wp\/v2\/pages\/17201?add-to-cart=16457\" aria-describedby=\"woocommerce_loop_add_to_cart_link_describedby_16457\" data-quantity=\"1\" class=\"button product_type_simple add_to_cart_button ajax_add_to_cart qbutton add-to-cart-button\" data-product_id=\"16457\" data-product_sku=\"\" aria-label=\"A\u00f1adir al carrito: &ldquo;Pe\u00e7a de tela estampada Par\u00eds&rdquo;\" rel=\"nofollow\" data-success_message=\"\u00abPe\u00e7a de tela estampada Par\u00eds\u00bb se ha a\u00f1adido a tu carrito\" role=\"button\">A\u00f1adir al carrito<\/a><\/span><\/span>\t<span id=\"woocommerce_loop_add_to_cart_link_describedby_16457\" class=\"screen-reader-text\">\n\t\t\t<\/span>\n\n    <\/div>\n        <a itemprop=\"url\" href=\"https:\/\/www.kokora.cat\/producte\/peca-de-tela-estampada-paris\/\" class=\"product-category product-info\">\n        <h6 itemprop=\"name\">Pe\u00e7a de tela estampada Par\u00eds<\/h6>\n\t    \n\t    \n        \n\t<span class=\"price\"><span class=\"woocommerce-Price-amount amount\"><bdi>25,00&nbsp;<span class=\"woocommerce-Price-currencySymbol\">&euro;<\/span><\/bdi><\/span><\/span>\n    <\/a>\n    <\/li>\n<li class=\"product type-product post-16458 status-publish instock product_cat-korastamp has-post-thumbnail taxable shipping-taxable purchasable product-type-simple\">\n\t\n\t\t\n    <div class=\"top-product-section\">\n\n        <a itemprop=\"url\" href=\"https:\/\/www.kokora.cat\/producte\/peca-de-tela-estampada-tardor\/\" class=\"product-category\">\n            <span class=\"image-wrapper\">\n            <img loading=\"lazy\" decoding=\"async\" width=\"400\" height=\"400\" src=\"https:\/\/www.kokora.cat\/wp-content\/uploads\/2025\/11\/KORAstamp_tardor-400x400.jpg\" class=\"attachment-woocommerce_thumbnail size-woocommerce_thumbnail\" alt=\"KORAstamp\" srcset=\"https:\/\/www.kokora.cat\/wp-content\/uploads\/2025\/11\/KORAstamp_tardor-400x400.jpg 400w, https:\/\/www.kokora.cat\/wp-content\/uploads\/2025\/11\/KORAstamp_tardor-300x300.jpg 300w, https:\/\/www.kokora.cat\/wp-content\/uploads\/2025\/11\/KORAstamp_tardor-1024x1024.jpg 1024w, https:\/\/www.kokora.cat\/wp-content\/uploads\/2025\/11\/KORAstamp_tardor-150x150.jpg 150w, https:\/\/www.kokora.cat\/wp-content\/uploads\/2025\/11\/KORAstamp_tardor-768x768.jpg 768w, https:\/\/www.kokora.cat\/wp-content\/uploads\/2025\/11\/KORAstamp_tardor-570x570.jpg 570w, https:\/\/www.kokora.cat\/wp-content\/uploads\/2025\/11\/KORAstamp_tardor-500x500.jpg 500w, https:\/\/www.kokora.cat\/wp-content\/uploads\/2025\/11\/KORAstamp_tardor-1000x1000.jpg 1000w, https:\/\/www.kokora.cat\/wp-content\/uploads\/2025\/11\/KORAstamp_tardor-700x700.jpg 700w, https:\/\/www.kokora.cat\/wp-content\/uploads\/2025\/11\/KORAstamp_tardor-600x600.jpg 600w, https:\/\/www.kokora.cat\/wp-content\/uploads\/2025\/11\/KORAstamp_tardor-100x100.jpg 100w, https:\/\/www.kokora.cat\/wp-content\/uploads\/2025\/11\/KORAstamp_tardor.jpg 1200w\" sizes=\"auto, (max-width: 400px) 100vw, 400px\" \/>            <\/span>\n        <\/a>\n\n\t\t<span class=\"add-to-cart-button-outer\"><span class=\"add-to-cart-button-inner\"><a href=\"\/es\/wp-json\/wp\/v2\/pages\/17201?add-to-cart=16458\" aria-describedby=\"woocommerce_loop_add_to_cart_link_describedby_16458\" data-quantity=\"1\" class=\"button product_type_simple add_to_cart_button ajax_add_to_cart qbutton add-to-cart-button\" data-product_id=\"16458\" data-product_sku=\"\" aria-label=\"A\u00f1adir al carrito: &ldquo;Pe\u00e7a de tela estampada Tardor&rdquo;\" rel=\"nofollow\" data-success_message=\"\u00abPe\u00e7a de tela estampada Tardor\u00bb se ha a\u00f1adido a tu carrito\" role=\"button\">A\u00f1adir al carrito<\/a><\/span><\/span>\t<span id=\"woocommerce_loop_add_to_cart_link_describedby_16458\" class=\"screen-reader-text\">\n\t\t\t<\/span>\n\n    <\/div>\n        <a itemprop=\"url\" href=\"https:\/\/www.kokora.cat\/producte\/peca-de-tela-estampada-tardor\/\" class=\"product-category product-info\">\n        <h6 itemprop=\"name\">Pe\u00e7a de tela estampada Tardor<\/h6>\n\t    \n\t    \n        \n\t<span class=\"price\"><span class=\"woocommerce-Price-amount amount\"><bdi>25,00&nbsp;<span class=\"woocommerce-Price-currencySymbol\">&euro;<\/span><\/bdi><\/span><\/span>\n    <\/a>\n    <\/li>\n<li class=\"product type-product post-16446 status-publish instock product_cat-korastamp has-post-thumbnail taxable shipping-taxable purchasable product-type-simple\">\n\t\n\t\t\n    <div class=\"top-product-section\">\n\n        <a itemprop=\"url\" href=\"https:\/\/www.kokora.cat\/producte\/peca-de-tela-estampada-vinya\/\" class=\"product-category\">\n            <span class=\"image-wrapper\">\n            <img loading=\"lazy\" decoding=\"async\" width=\"400\" height=\"400\" src=\"https:\/\/www.kokora.cat\/wp-content\/uploads\/2025\/11\/KORAstamp_vinya-400x400.jpg\" class=\"attachment-woocommerce_thumbnail size-woocommerce_thumbnail\" alt=\"KORAstamp\" srcset=\"https:\/\/www.kokora.cat\/wp-content\/uploads\/2025\/11\/KORAstamp_vinya-400x400.jpg 400w, https:\/\/www.kokora.cat\/wp-content\/uploads\/2025\/11\/KORAstamp_vinya-300x300.jpg 300w, https:\/\/www.kokora.cat\/wp-content\/uploads\/2025\/11\/KORAstamp_vinya-1024x1024.jpg 1024w, https:\/\/www.kokora.cat\/wp-content\/uploads\/2025\/11\/KORAstamp_vinya-150x150.jpg 150w, https:\/\/www.kokora.cat\/wp-content\/uploads\/2025\/11\/KORAstamp_vinya-768x768.jpg 768w, https:\/\/www.kokora.cat\/wp-content\/uploads\/2025\/11\/KORAstamp_vinya-570x570.jpg 570w, https:\/\/www.kokora.cat\/wp-content\/uploads\/2025\/11\/KORAstamp_vinya-500x500.jpg 500w, https:\/\/www.kokora.cat\/wp-content\/uploads\/2025\/11\/KORAstamp_vinya-1000x1000.jpg 1000w, https:\/\/www.kokora.cat\/wp-content\/uploads\/2025\/11\/KORAstamp_vinya-700x700.jpg 700w, https:\/\/www.kokora.cat\/wp-content\/uploads\/2025\/11\/KORAstamp_vinya-600x600.jpg 600w, https:\/\/www.kokora.cat\/wp-content\/uploads\/2025\/11\/KORAstamp_vinya-100x100.jpg 100w, https:\/\/www.kokora.cat\/wp-content\/uploads\/2025\/11\/KORAstamp_vinya.jpg 1200w\" sizes=\"auto, (max-width: 400px) 100vw, 400px\" \/>            <\/span>\n        <\/a>\n\n\t\t<span class=\"add-to-cart-button-outer\"><span class=\"add-to-cart-button-inner\"><a href=\"\/es\/wp-json\/wp\/v2\/pages\/17201?add-to-cart=16446\" aria-describedby=\"woocommerce_loop_add_to_cart_link_describedby_16446\" data-quantity=\"1\" class=\"button product_type_simple add_to_cart_button ajax_add_to_cart qbutton add-to-cart-button\" data-product_id=\"16446\" data-product_sku=\"\" aria-label=\"A\u00f1adir al carrito: &ldquo;Pe\u00e7a de tela estampada Vinya&rdquo;\" rel=\"nofollow\" data-success_message=\"\u00abPe\u00e7a de tela estampada Vinya\u00bb se ha a\u00f1adido a tu carrito\" role=\"button\">A\u00f1adir al carrito<\/a><\/span><\/span>\t<span id=\"woocommerce_loop_add_to_cart_link_describedby_16446\" class=\"screen-reader-text\">\n\t\t\t<\/span>\n\n    <\/div>\n        <a itemprop=\"url\" href=\"https:\/\/www.kokora.cat\/producte\/peca-de-tela-estampada-vinya\/\" class=\"product-category product-info\">\n        <h6 itemprop=\"name\">Pe\u00e7a de tela estampada Vinya<\/h6>\n\t    \n\t    \n        \n\t<span class=\"price\"><span class=\"woocommerce-Price-amount amount\"><bdi>25,00&nbsp;<span class=\"woocommerce-Price-currencySymbol\">&euro;<\/span><\/bdi><\/span><\/span>\n    <\/a>\n    <\/li><\/ul>\n<\/div>[\/vc_column][\/vc_row][vc_row css_animation=\u00bb\u00bb row_type=\u00bbrow\u00bb use_row_as_full_screen_section=\u00bbno\u00bb type=\u00bbgrid\u00bb angled_section=\u00bbno\u00bb text_align=\u00bbleft\u00bb background_image_as_pattern=\u00bbwithout_pattern\u00bb z_index=\u00bb\u00bb][vc_column][vc_empty_space height=\u00bb75&#8243;][\/vc_column][\/vc_row]<\/p>\n<\/div>","protected":false},"excerpt":{"rendered":"<p>[vc_row css_animation=\u00bb\u00bb row_type=\u00bbrow\u00bb use_row_as_full_screen_section=\u00bbno\u00bb type=\u00bbgrid\u00bb angled_section=\u00bbno\u00bb text_align=\u00bbleft\u00bb background_image_as_pattern=\u00bbwithout_pattern\u00bb z_index=\u00bb\u00bb][vc_column offset=\u00bbvc_hidden-xs\u00bb][vc_column_text css=\u00bb\u00bb]INICIO \/\/ KORASHOP \/\/ KORAstamp[\/vc_column_text][vc_empty_space height=\u00bb100&#8243;][\/vc_column][\/vc_row][vc_row css_animation=\u00bb\u00bb row_type=\u00bbrow\u00bb use_row_as_full_screen_section=\u00bbno\u00bb type=\u00bbgrid\u00bb angled_section=\u00bbno\u00bb text_align=\u00bbleft\u00bb background_image_as_pattern=\u00bbwithout_pattern\u00bb z_index=\u00bb\u00bb][vc_column offset=\u00bbvc_hidden-lg vc_hidden-md vc_hidden-sm\u00bb][vc_column_text css=\u00bb\u00bb] INICIO \/\/ KORASHOP \/\/ KORAstamp [\/vc_column_text][vc_empty_space height=\u00bb75&#8243;][\/vc_column][\/vc_row][vc_row css_animation=\u00bb\u00bb row_type=\u00bbrow\u00bb use_row_as_full_screen_section=\u00bbno\u00bb type=\u00bbgrid\u00bb angled_section=\u00bbno\u00bb text_align=\u00bbleft\u00bb background_image_as_pattern=\u00bbwithout_pattern\u00bb z_index=\u00bb\u00bb anchor=\u00bbinici\u00bb][vc_column width=\u00bb1\/5&#8243;][vc_column_text&hellip; <a class=\"continue\" href=\"https:\/\/www.kokora.cat\/producte\/peca-de-tela-estampada-vinya\/\">CONTINUAR >><span> Pe\u00e7a de tela estampada Vinya<\/span><\/a><\/p>\n","protected":false},"author":1,"featured_media":0,"parent":17153,"menu_order":0,"comment_status":"open","ping_status":"open","template":"full_width.php","meta":{"_joinchat":[],"footnotes":""},"class_list":["post-17201","page","type-page","status-publish","hentry"],"_links":{"self":[{"href":"https:\/\/www.kokora.cat\/es\/wp-json\/wp\/v2\/pages\/17201","targetHints":{"allow":["GET"]}}],"collection":[{"href":"https:\/\/www.kokora.cat\/es\/wp-json\/wp\/v2\/pages"}],"about":[{"href":"https:\/\/www.kokora.cat\/es\/wp-json\/wp\/v2\/types\/page"}],"author":[{"embeddable":true,"href":"https:\/\/www.kokora.cat\/es\/wp-json\/wp\/v2\/users\/1"}],"replies":[{"embeddable":true,"href":"https:\/\/www.kokora.cat\/es\/wp-json\/wp\/v2\/comments?post=17201"}],"version-history":[{"count":4,"href":"https:\/\/www.kokora.cat\/es\/wp-json\/wp\/v2\/pages\/17201\/revisions"}],"predecessor-version":[{"id":17329,"href":"https:\/\/www.kokora.cat\/es\/wp-json\/wp\/v2\/pages\/17201\/revisions\/17329"}],"up":[{"embeddable":true,"href":"https:\/\/www.kokora.cat\/es\/wp-json\/wp\/v2\/pages\/17153"}],"wp:attachment":[{"href":"https:\/\/www.kokora.cat\/es\/wp-json\/wp\/v2\/media?parent=17201"}],"curies":[{"name":"wp","href":"https:\/\/api.w.org\/{rel}","templated":true}]}}