{"id":17189,"date":"2025-11-05T13:50:24","date_gmt":"2025-11-05T11:50:24","guid":{"rendered":"https:\/\/www.kokora.cat\/?page_id=17189"},"modified":"2025-12-29T14:28:49","modified_gmt":"2025-12-29T12:28:49","slug":"korasilk","status":"publish","type":"page","link":"https:\/\/www.kokora.cat\/es\/korashop\/korasilk\/","title":{"rendered":"KORAsilk"},"content":{"rendered":"<div class=\"wpb-content-wrapper\"><p>[vc_row css_animation=\u00bb\u00bb row_type=\u00bbrow\u00bb use_row_as_full_screen_section=\u00bbno\u00bb type=\u00bbgrid\u00bb angled_section=\u00bbno\u00bb text_align=\u00bbleft\u00bb background_image_as_pattern=\u00bbwithout_pattern\u00bb z_index=\u00bb\u00bb][vc_column offset=\u00bbvc_hidden-xs\u00bb][vc_column_text css=\u00bb\u00bb]<small><a href=\"\/es\">INICIO<\/a> \/\/ <a href=\"https:\/\/www.kokora.cat\/es\/korashop\/\">KORASHOP<\/a> \/\/ KORAsilk<\/small>[\/vc_column_text][vc_empty_space height=\u00bb100&#8243;][\/vc_column][\/vc_row][vc_row css_animation=\u00bb\u00bb row_type=\u00bbrow\u00bb use_row_as_full_screen_section=\u00bbno\u00bb type=\u00bbgrid\u00bb angled_section=\u00bbno\u00bb text_align=\u00bbleft\u00bb background_image_as_pattern=\u00bbwithout_pattern\u00bb z_index=\u00bb\u00bb][vc_column offset=\u00bbvc_hidden-lg vc_hidden-md vc_hidden-sm\u00bb][vc_column_text css=\u00bb\u00bb]<\/p>\n<p style=\"text-align: center;\"><small><a href=\"\/es\">INICIO<\/a> \/\/ <a href=\"https:\/\/www.kokora.cat\/es\/korashop\/\">KORASHOP<\/a> \/\/ KORAsilk<\/small><\/p>\n<p>[\/vc_column_text][vc_empty_space height=\u00bb75&#8243;][\/vc_column][\/vc_row][vc_row css_animation=\u00bb\u00bb row_type=\u00bbrow\u00bb use_row_as_full_screen_section=\u00bbno\u00bb type=\u00bbgrid\u00bb angled_section=\u00bbno\u00bb text_align=\u00bbleft\u00bb background_image_as_pattern=\u00bbwithout_pattern\u00bb z_index=\u00bb\u00bb anchor=\u00bbinici\u00bb][vc_column width=\u00bb1\/5&#8243;][vc_column_text css=\u00bb\u00bb]<\/p>\n<h1 style=\"text-align: right;\">KORA shop<\/h1>\n<p>[\/vc_column_text][\/vc_column][vc_column width=\u00bb4\/5&#8243;][vc_row_inner row_type=\u00bbrow\u00bb type=\u00bbfull_width\u00bb text_align=\u00bbleft\u00bb css_animation=\u00bb\u00bb][vc_column_inner offset=\u00bbvc_hidden-xs\u00bb][vc_empty_space height=\u00bb50&#8243;][\/vc_column_inner][\/vc_row_inner][vc_separator type=\u00bbsmall\u00bb position=\u00bbcenter\u00bb color=\u00bb#000000&#8243; thickness=\u00bb1&#8243; width=\u00bb1500&#8243;][vc_column_text css=\u00bb\u00bb]<\/p>\n<h2 style=\"text-align: right;\">KORAsilk<\/h2>\n<p>[\/vc_column_text][vc_empty_space height=\u00bb5&#8243;][vc_column_text css=\u00bb\u00bb]<\/p>\n<p style=\"text-align: right;\"><em>Colecci\u00f3n Sumi-e: \u2018Descubre la pieza que hablar\u00e1 por ti.\u2019<\/em><\/p>\n<p>[\/vc_column_text][vc_row_inner row_type=\u00bbrow\u00bb type=\u00bbfull_width\u00bb text_align=\u00bbleft\u00bb css_animation=\u00bb\u00bb][vc_column_inner offset=\u00bbvc_hidden-xs\u00bb][vc_empty_space height=\u00bb100&#8243;][\/vc_column_inner][\/vc_row_inner][vc_row_inner row_type=\u00bbrow\u00bb type=\u00bbfull_width\u00bb text_align=\u00bbleft\u00bb css_animation=\u00bb\u00bb][vc_column_inner offset=\u00bbvc_hidden-lg vc_hidden-md vc_hidden-sm\u00bb][vc_empty_space height=\u00bb50&#8243;][\/vc_column_inner][\/vc_row_inner][vc_row_inner row_type=\u00bbrow\u00bb type=\u00bbfull_width\u00bb text_align=\u00bbleft\u00bb css_animation=\u00bb\u00bb][vc_column_inner width=\u00bb1\/2&#8243;][vc_column_text css=\u00bb\u00bb]Esta colecci\u00f3n nace del silencio y la calma del gesto. Colorear sobre seda es una experiencia \u00edntima, casi meditativa \u2014cada trazo respira, se expande y encuentra su camino sobre este tejido noble y vivo.<\/p>\n<p>&nbsp;<\/p>\n<p>En KORAsilk, cada pieza es el resultado de un proceso lleno de cuidado y emoci\u00f3n. Trabajo con sedas naturales de gran calidad como Habotai, Georgette y Crep\u00e9 de China, cada una con su textura y car\u00e1cter \u00fanicos. La seda es un tejido biol\u00f3gico y sostenible, con propiedades antibacterianas y antimicrobianas, y act\u00faa como termo regulador natural: fresca en verano y c\u00e1lida en invierno.[\/vc_column_text][\/vc_column_inner][vc_column_inner width=\u00bb1\/2&#8243;][vc_column_text css=\u00bb\u00bb]Cada pa\u00f1uelo est\u00e1 pintado a mano con tintas ecol\u00f3gicas siguiendo el esp\u00edritu del Sumi-e japon\u00e9s, que celebra la imperfecci\u00f3n y la espontaneidad del gesto. Los bordes est\u00e1n cosidos a mano con un borde enrollado, s\u00edmbolo de la atenci\u00f3n y el respeto por el detalle.<\/p>\n<p>&nbsp;<\/p>\n<p>Es una colecci\u00f3n para quienes valoran la belleza sutil, el detalle artesanal y la conexi\u00f3n entre materia y emoci\u00f3n.[\/vc_column_text][\/vc_column_inner][\/vc_row_inner][vc_empty_space height=\u00bb50&#8243;]<div class=\"woocommerce columns-4 \"><ul class=\"products\">\n<li class=\"product type-product post-15830 status-publish first instock product_cat-korasilk has-post-thumbnail taxable shipping-taxable purchasable product-type-simple\">\n\t\n\t\t\n    <div class=\"top-product-section\">\n\n        <a itemprop=\"url\" href=\"https:\/\/www.kokora.cat\/producte\/mocador-de-seda-sumi-e-aura\/\" class=\"product-category\">\n            <span class=\"image-wrapper\">\n            <img loading=\"lazy\" decoding=\"async\" width=\"400\" height=\"400\" src=\"https:\/\/www.kokora.cat\/wp-content\/uploads\/2025\/11\/KORAsilk_Aura-400x400.jpg\" class=\"attachment-woocommerce_thumbnail size-woocommerce_thumbnail\" alt=\"KORAsilk\" srcset=\"https:\/\/www.kokora.cat\/wp-content\/uploads\/2025\/11\/KORAsilk_Aura-400x400.jpg 400w, https:\/\/www.kokora.cat\/wp-content\/uploads\/2025\/11\/KORAsilk_Aura-300x300.jpg 300w, https:\/\/www.kokora.cat\/wp-content\/uploads\/2025\/11\/KORAsilk_Aura-1024x1024.jpg 1024w, https:\/\/www.kokora.cat\/wp-content\/uploads\/2025\/11\/KORAsilk_Aura-150x150.jpg 150w, https:\/\/www.kokora.cat\/wp-content\/uploads\/2025\/11\/KORAsilk_Aura-768x768.jpg 768w, https:\/\/www.kokora.cat\/wp-content\/uploads\/2025\/11\/KORAsilk_Aura-570x570.jpg 570w, https:\/\/www.kokora.cat\/wp-content\/uploads\/2025\/11\/KORAsilk_Aura-500x500.jpg 500w, https:\/\/www.kokora.cat\/wp-content\/uploads\/2025\/11\/KORAsilk_Aura-1000x1000.jpg 1000w, https:\/\/www.kokora.cat\/wp-content\/uploads\/2025\/11\/KORAsilk_Aura-700x700.jpg 700w, https:\/\/www.kokora.cat\/wp-content\/uploads\/2025\/11\/KORAsilk_Aura-600x600.jpg 600w, https:\/\/www.kokora.cat\/wp-content\/uploads\/2025\/11\/KORAsilk_Aura-100x100.jpg 100w, https:\/\/www.kokora.cat\/wp-content\/uploads\/2025\/11\/KORAsilk_Aura.jpg 1200w\" sizes=\"auto, (max-width: 400px) 100vw, 400px\" \/>            <\/span>\n        <\/a>\n\n\t\t<span class=\"add-to-cart-button-outer\"><span class=\"add-to-cart-button-inner\"><a href=\"\/es\/wp-json\/wp\/v2\/pages\/17189?add-to-cart=15830\" aria-describedby=\"woocommerce_loop_add_to_cart_link_describedby_15830\" data-quantity=\"1\" class=\"button product_type_simple add_to_cart_button ajax_add_to_cart qbutton add-to-cart-button\" data-product_id=\"15830\" data-product_sku=\"\" aria-label=\"A\u00f1adir al carrito: &ldquo;Mocador de seda Sumi-e\/AURA&rdquo;\" rel=\"nofollow\" data-success_message=\"\u00abMocador de seda Sumi-e\/AURA\u00bb se ha a\u00f1adido a tu carrito\" role=\"button\">A\u00f1adir al carrito<\/a><\/span><\/span>\t<span id=\"woocommerce_loop_add_to_cart_link_describedby_15830\" class=\"screen-reader-text\">\n\t\t\t<\/span>\n\n    <\/div>\n        <a itemprop=\"url\" href=\"https:\/\/www.kokora.cat\/producte\/mocador-de-seda-sumi-e-aura\/\" class=\"product-category product-info\">\n        <h6 itemprop=\"name\">Mocador de seda Sumi-e\/AURA<\/h6>\n\t    \n\t    \n        \n\t<span class=\"price\"><span class=\"woocommerce-Price-amount amount\"><bdi>50,00&nbsp;<span class=\"woocommerce-Price-currencySymbol\">&euro;<\/span><\/bdi><\/span><\/span>\n    <\/a>\n    <\/li>\n<li class=\"product type-product post-15808 status-publish instock product_cat-korasilk has-post-thumbnail taxable shipping-taxable purchasable product-type-simple\">\n\t\n\t\t\n    <div class=\"top-product-section\">\n\n        <a itemprop=\"url\" href=\"https:\/\/www.kokora.cat\/producte\/mocador-de-seda-sumi-e-menta\/\" class=\"product-category\">\n            <span class=\"image-wrapper\">\n            <img loading=\"lazy\" decoding=\"async\" width=\"400\" height=\"400\" src=\"https:\/\/www.kokora.cat\/wp-content\/uploads\/2025\/11\/KORAsilk_menta-400x400.jpg\" class=\"attachment-woocommerce_thumbnail size-woocommerce_thumbnail\" alt=\"KORAsilk\" srcset=\"https:\/\/www.kokora.cat\/wp-content\/uploads\/2025\/11\/KORAsilk_menta-400x400.jpg 400w, https:\/\/www.kokora.cat\/wp-content\/uploads\/2025\/11\/KORAsilk_menta-300x300.jpg 300w, https:\/\/www.kokora.cat\/wp-content\/uploads\/2025\/11\/KORAsilk_menta-1024x1024.jpg 1024w, https:\/\/www.kokora.cat\/wp-content\/uploads\/2025\/11\/KORAsilk_menta-150x150.jpg 150w, https:\/\/www.kokora.cat\/wp-content\/uploads\/2025\/11\/KORAsilk_menta-768x768.jpg 768w, https:\/\/www.kokora.cat\/wp-content\/uploads\/2025\/11\/KORAsilk_menta-570x570.jpg 570w, https:\/\/www.kokora.cat\/wp-content\/uploads\/2025\/11\/KORAsilk_menta-500x500.jpg 500w, https:\/\/www.kokora.cat\/wp-content\/uploads\/2025\/11\/KORAsilk_menta-1000x1000.jpg 1000w, https:\/\/www.kokora.cat\/wp-content\/uploads\/2025\/11\/KORAsilk_menta-700x700.jpg 700w, https:\/\/www.kokora.cat\/wp-content\/uploads\/2025\/11\/KORAsilk_menta-600x600.jpg 600w, https:\/\/www.kokora.cat\/wp-content\/uploads\/2025\/11\/KORAsilk_menta-100x100.jpg 100w, https:\/\/www.kokora.cat\/wp-content\/uploads\/2025\/11\/KORAsilk_menta.jpg 1200w\" sizes=\"auto, (max-width: 400px) 100vw, 400px\" \/>            <\/span>\n        <\/a>\n\n\t\t<span class=\"add-to-cart-button-outer\"><span class=\"add-to-cart-button-inner\"><a href=\"\/es\/wp-json\/wp\/v2\/pages\/17189?add-to-cart=15808\" aria-describedby=\"woocommerce_loop_add_to_cart_link_describedby_15808\" data-quantity=\"1\" class=\"button product_type_simple add_to_cart_button ajax_add_to_cart qbutton add-to-cart-button\" data-product_id=\"15808\" data-product_sku=\"\" aria-label=\"A\u00f1adir al carrito: &ldquo;Mocador de seda Sumi-e\/MENTA&rdquo;\" rel=\"nofollow\" data-success_message=\"\u00abMocador de seda Sumi-e\/MENTA\u00bb se ha a\u00f1adido a tu carrito\" role=\"button\">A\u00f1adir al carrito<\/a><\/span><\/span>\t<span id=\"woocommerce_loop_add_to_cart_link_describedby_15808\" class=\"screen-reader-text\">\n\t\t\t<\/span>\n\n    <\/div>\n        <a itemprop=\"url\" href=\"https:\/\/www.kokora.cat\/producte\/mocador-de-seda-sumi-e-menta\/\" class=\"product-category product-info\">\n        <h6 itemprop=\"name\">Mocador de seda Sumi-e\/MENTA<\/h6>\n\t    \n\t    \n        \n\t<span class=\"price\"><span class=\"woocommerce-Price-amount amount\"><bdi>50,00&nbsp;<span class=\"woocommerce-Price-currencySymbol\">&euro;<\/span><\/bdi><\/span><\/span>\n    <\/a>\n    <\/li>\n<li class=\"product type-product post-15877 status-publish instock product_cat-korasilk has-post-thumbnail taxable shipping-taxable purchasable product-type-simple\">\n\t\n\t\t\n    <div class=\"top-product-section\">\n\n        <a itemprop=\"url\" href=\"https:\/\/www.kokora.cat\/producte\/mocador-de-seda-sumi-e-solea\/\" class=\"product-category\">\n            <span class=\"image-wrapper\">\n            <img loading=\"lazy\" decoding=\"async\" width=\"400\" height=\"400\" src=\"https:\/\/www.kokora.cat\/wp-content\/uploads\/2025\/11\/KORAsilk_Solea-400x400.jpg\" class=\"attachment-woocommerce_thumbnail size-woocommerce_thumbnail\" alt=\"KORAsilk\" srcset=\"https:\/\/www.kokora.cat\/wp-content\/uploads\/2025\/11\/KORAsilk_Solea-400x400.jpg 400w, https:\/\/www.kokora.cat\/wp-content\/uploads\/2025\/11\/KORAsilk_Solea-300x300.jpg 300w, https:\/\/www.kokora.cat\/wp-content\/uploads\/2025\/11\/KORAsilk_Solea-1024x1024.jpg 1024w, https:\/\/www.kokora.cat\/wp-content\/uploads\/2025\/11\/KORAsilk_Solea-150x150.jpg 150w, https:\/\/www.kokora.cat\/wp-content\/uploads\/2025\/11\/KORAsilk_Solea-768x768.jpg 768w, https:\/\/www.kokora.cat\/wp-content\/uploads\/2025\/11\/KORAsilk_Solea-570x570.jpg 570w, https:\/\/www.kokora.cat\/wp-content\/uploads\/2025\/11\/KORAsilk_Solea-500x500.jpg 500w, https:\/\/www.kokora.cat\/wp-content\/uploads\/2025\/11\/KORAsilk_Solea-1000x1000.jpg 1000w, https:\/\/www.kokora.cat\/wp-content\/uploads\/2025\/11\/KORAsilk_Solea-700x700.jpg 700w, https:\/\/www.kokora.cat\/wp-content\/uploads\/2025\/11\/KORAsilk_Solea-600x600.jpg 600w, https:\/\/www.kokora.cat\/wp-content\/uploads\/2025\/11\/KORAsilk_Solea-100x100.jpg 100w, https:\/\/www.kokora.cat\/wp-content\/uploads\/2025\/11\/KORAsilk_Solea.jpg 1200w\" sizes=\"auto, (max-width: 400px) 100vw, 400px\" \/>            <\/span>\n        <\/a>\n\n\t\t<span class=\"add-to-cart-button-outer\"><span class=\"add-to-cart-button-inner\"><a href=\"\/es\/wp-json\/wp\/v2\/pages\/17189?add-to-cart=15877\" aria-describedby=\"woocommerce_loop_add_to_cart_link_describedby_15877\" data-quantity=\"1\" class=\"button product_type_simple add_to_cart_button ajax_add_to_cart qbutton add-to-cart-button\" data-product_id=\"15877\" data-product_sku=\"\" aria-label=\"A\u00f1adir al carrito: &ldquo;Mocador de seda Sumi-e\/SOLEA&rdquo;\" rel=\"nofollow\" data-success_message=\"\u00abMocador de seda Sumi-e\/SOLEA\u00bb se ha a\u00f1adido a tu carrito\" role=\"button\">A\u00f1adir al carrito<\/a><\/span><\/span>\t<span id=\"woocommerce_loop_add_to_cart_link_describedby_15877\" class=\"screen-reader-text\">\n\t\t\t<\/span>\n\n    <\/div>\n        <a itemprop=\"url\" href=\"https:\/\/www.kokora.cat\/producte\/mocador-de-seda-sumi-e-solea\/\" class=\"product-category product-info\">\n        <h6 itemprop=\"name\">Mocador de seda Sumi-e\/SOLEA<\/h6>\n\t    \n\t    \n        \n\t<span class=\"price\"><span class=\"woocommerce-Price-amount amount\"><bdi>70,00&nbsp;<span class=\"woocommerce-Price-currencySymbol\">&euro;<\/span><\/bdi><\/span><\/span>\n    <\/a>\n    <\/li>\n<li class=\"product type-product post-15853 status-publish last instock product_cat-korasilk has-post-thumbnail taxable shipping-taxable purchasable product-type-simple\">\n\t\n\t\t\n    <div class=\"top-product-section\">\n\n        <a itemprop=\"url\" href=\"https:\/\/www.kokora.cat\/producte\/mocador-de-seda-sumi-e-spiritual\/\" class=\"product-category\">\n            <span class=\"image-wrapper\">\n            <img loading=\"lazy\" decoding=\"async\" width=\"400\" height=\"400\" src=\"https:\/\/www.kokora.cat\/wp-content\/uploads\/2025\/11\/KORAsilk_Spiritual-0-400x400.jpg\" class=\"attachment-woocommerce_thumbnail size-woocommerce_thumbnail\" alt=\"KORAsilk\" srcset=\"https:\/\/www.kokora.cat\/wp-content\/uploads\/2025\/11\/KORAsilk_Spiritual-0-400x400.jpg 400w, https:\/\/www.kokora.cat\/wp-content\/uploads\/2025\/11\/KORAsilk_Spiritual-0-300x300.jpg 300w, https:\/\/www.kokora.cat\/wp-content\/uploads\/2025\/11\/KORAsilk_Spiritual-0-1024x1024.jpg 1024w, https:\/\/www.kokora.cat\/wp-content\/uploads\/2025\/11\/KORAsilk_Spiritual-0-150x150.jpg 150w, https:\/\/www.kokora.cat\/wp-content\/uploads\/2025\/11\/KORAsilk_Spiritual-0-768x768.jpg 768w, https:\/\/www.kokora.cat\/wp-content\/uploads\/2025\/11\/KORAsilk_Spiritual-0-570x570.jpg 570w, https:\/\/www.kokora.cat\/wp-content\/uploads\/2025\/11\/KORAsilk_Spiritual-0-500x500.jpg 500w, https:\/\/www.kokora.cat\/wp-content\/uploads\/2025\/11\/KORAsilk_Spiritual-0-1000x1000.jpg 1000w, https:\/\/www.kokora.cat\/wp-content\/uploads\/2025\/11\/KORAsilk_Spiritual-0-700x700.jpg 700w, https:\/\/www.kokora.cat\/wp-content\/uploads\/2025\/11\/KORAsilk_Spiritual-0-600x600.jpg 600w, https:\/\/www.kokora.cat\/wp-content\/uploads\/2025\/11\/KORAsilk_Spiritual-0-100x100.jpg 100w, https:\/\/www.kokora.cat\/wp-content\/uploads\/2025\/11\/KORAsilk_Spiritual-0.jpg 1200w\" sizes=\"auto, (max-width: 400px) 100vw, 400px\" \/>            <\/span>\n        <\/a>\n\n\t\t<span class=\"add-to-cart-button-outer\"><span class=\"add-to-cart-button-inner\"><a href=\"\/es\/wp-json\/wp\/v2\/pages\/17189?add-to-cart=15853\" aria-describedby=\"woocommerce_loop_add_to_cart_link_describedby_15853\" data-quantity=\"1\" class=\"button product_type_simple add_to_cart_button ajax_add_to_cart qbutton add-to-cart-button\" data-product_id=\"15853\" data-product_sku=\"\" aria-label=\"A\u00f1adir al carrito: &ldquo;Mocador de seda Sumi-e\/SPIRITUAL&rdquo;\" rel=\"nofollow\" data-success_message=\"\u00abMocador de seda Sumi-e\/SPIRITUAL\u00bb se ha a\u00f1adido a tu carrito\" role=\"button\">A\u00f1adir al carrito<\/a><\/span><\/span>\t<span id=\"woocommerce_loop_add_to_cart_link_describedby_15853\" class=\"screen-reader-text\">\n\t\t\t<\/span>\n\n    <\/div>\n        <a itemprop=\"url\" href=\"https:\/\/www.kokora.cat\/producte\/mocador-de-seda-sumi-e-spiritual\/\" class=\"product-category product-info\">\n        <h6 itemprop=\"name\">Mocador de seda Sumi-e\/SPIRITUAL<\/h6>\n\t    \n\t    \n        \n\t<span class=\"price\"><span class=\"woocommerce-Price-amount amount\"><bdi>57,00&nbsp;<span class=\"woocommerce-Price-currencySymbol\">&euro;<\/span><\/bdi><\/span><\/span>\n    <\/a>\n    <\/li><\/ul>\n<\/div>[\/vc_column][\/vc_row][vc_row css_animation=\u00bb\u00bb row_type=\u00bbrow\u00bb use_row_as_full_screen_section=\u00bbno\u00bb type=\u00bbgrid\u00bb angled_section=\u00bbno\u00bb text_align=\u00bbleft\u00bb background_image_as_pattern=\u00bbwithout_pattern\u00bb z_index=\u00bb\u00bb][vc_column][vc_empty_space height=\u00bb75&#8243;][\/vc_column][\/vc_row]<\/p>\n<\/div>","protected":false},"excerpt":{"rendered":"<p>[vc_row css_animation=\u00bb\u00bb row_type=\u00bbrow\u00bb use_row_as_full_screen_section=\u00bbno\u00bb type=\u00bbgrid\u00bb angled_section=\u00bbno\u00bb text_align=\u00bbleft\u00bb background_image_as_pattern=\u00bbwithout_pattern\u00bb z_index=\u00bb\u00bb][vc_column offset=\u00bbvc_hidden-xs\u00bb][vc_column_text css=\u00bb\u00bb]INICIO \/\/ KORASHOP \/\/ KORAsilk[\/vc_column_text][vc_empty_space height=\u00bb100&#8243;][\/vc_column][\/vc_row][vc_row css_animation=\u00bb\u00bb row_type=\u00bbrow\u00bb use_row_as_full_screen_section=\u00bbno\u00bb type=\u00bbgrid\u00bb angled_section=\u00bbno\u00bb text_align=\u00bbleft\u00bb background_image_as_pattern=\u00bbwithout_pattern\u00bb z_index=\u00bb\u00bb][vc_column offset=\u00bbvc_hidden-lg vc_hidden-md vc_hidden-sm\u00bb][vc_column_text css=\u00bb\u00bb] INICIO \/\/ KORASHOP \/\/ KORAsilk [\/vc_column_text][vc_empty_space height=\u00bb75&#8243;][\/vc_column][\/vc_row][vc_row css_animation=\u00bb\u00bb row_type=\u00bbrow\u00bb use_row_as_full_screen_section=\u00bbno\u00bb type=\u00bbgrid\u00bb angled_section=\u00bbno\u00bb text_align=\u00bbleft\u00bb background_image_as_pattern=\u00bbwithout_pattern\u00bb z_index=\u00bb\u00bb anchor=\u00bbinici\u00bb][vc_column width=\u00bb1\/5&#8243;][vc_column_text&hellip; <a class=\"continue\" href=\"https:\/\/www.kokora.cat\/producte\/mocador-de-seda-sumi-e-spiritual\/\">CONTINUAR >><span> Mocador de seda Sumi-e\/SPIRITUAL<\/span><\/a><\/p>\n","protected":false},"author":1,"featured_media":0,"parent":17153,"menu_order":0,"comment_status":"open","ping_status":"open","template":"full_width.php","meta":{"_joinchat":[],"footnotes":""},"class_list":["post-17189","page","type-page","status-publish","hentry"],"_links":{"self":[{"href":"https:\/\/www.kokora.cat\/es\/wp-json\/wp\/v2\/pages\/17189","targetHints":{"allow":["GET"]}}],"collection":[{"href":"https:\/\/www.kokora.cat\/es\/wp-json\/wp\/v2\/pages"}],"about":[{"href":"https:\/\/www.kokora.cat\/es\/wp-json\/wp\/v2\/types\/page"}],"author":[{"embeddable":true,"href":"https:\/\/www.kokora.cat\/es\/wp-json\/wp\/v2\/users\/1"}],"replies":[{"embeddable":true,"href":"https:\/\/www.kokora.cat\/es\/wp-json\/wp\/v2\/comments?post=17189"}],"version-history":[{"count":4,"href":"https:\/\/www.kokora.cat\/es\/wp-json\/wp\/v2\/pages\/17189\/revisions"}],"predecessor-version":[{"id":17328,"href":"https:\/\/www.kokora.cat\/es\/wp-json\/wp\/v2\/pages\/17189\/revisions\/17328"}],"up":[{"embeddable":true,"href":"https:\/\/www.kokora.cat\/es\/wp-json\/wp\/v2\/pages\/17153"}],"wp:attachment":[{"href":"https:\/\/www.kokora.cat\/es\/wp-json\/wp\/v2\/media?parent=17189"}],"curies":[{"name":"wp","href":"https:\/\/api.w.org\/{rel}","templated":true}]}}