{"id":17183,"date":"2025-11-06T11:57:02","date_gmt":"2025-11-06T09:57:02","guid":{"rendered":"https:\/\/www.kokora.cat\/?page_id=17183"},"modified":"2025-12-29T14:27:23","modified_gmt":"2025-12-29T12:27:23","slug":"korakats","status":"publish","type":"page","link":"https:\/\/www.kokora.cat\/es\/korashop\/korakats\/","title":{"rendered":"KORAkats"},"content":{"rendered":"<div class=\"wpb-content-wrapper\"><p>[vc_row css_animation=\u00bb\u00bb row_type=\u00bbrow\u00bb use_row_as_full_screen_section=\u00bbno\u00bb type=\u00bbgrid\u00bb angled_section=\u00bbno\u00bb text_align=\u00bbleft\u00bb background_image_as_pattern=\u00bbwithout_pattern\u00bb z_index=\u00bb\u00bb][vc_column offset=\u00bbvc_hidden-xs\u00bb][vc_column_text css=\u00bb\u00bb]<small><a href=\"\/es\">INICIO<\/a> \/\/ <a href=\"https:\/\/www.kokora.cat\/es\/korashop\/\">KORASHOP<\/a> \/\/ KORAkats<\/small>[\/vc_column_text][vc_empty_space height=\u00bb100&#8243;][\/vc_column][\/vc_row][vc_row css_animation=\u00bb\u00bb row_type=\u00bbrow\u00bb use_row_as_full_screen_section=\u00bbno\u00bb type=\u00bbgrid\u00bb angled_section=\u00bbno\u00bb text_align=\u00bbleft\u00bb background_image_as_pattern=\u00bbwithout_pattern\u00bb z_index=\u00bb\u00bb][vc_column offset=\u00bbvc_hidden-lg vc_hidden-md vc_hidden-sm\u00bb][vc_column_text css=\u00bb\u00bb]<\/p>\n<p style=\"text-align: center;\"><small><a href=\"\/es\">INICIO<\/a> \/\/ <a href=\"https:\/\/www.kokora.cat\/es\/korashop\/\">KORASHOP<\/a> \/\/ KORAkats<\/small><\/p>\n<p>[\/vc_column_text][vc_empty_space height=\u00bb75&#8243;][\/vc_column][\/vc_row][vc_row css_animation=\u00bb\u00bb row_type=\u00bbrow\u00bb use_row_as_full_screen_section=\u00bbno\u00bb type=\u00bbgrid\u00bb angled_section=\u00bbno\u00bb text_align=\u00bbleft\u00bb background_image_as_pattern=\u00bbwithout_pattern\u00bb z_index=\u00bb\u00bb anchor=\u00bbinici\u00bb][vc_column width=\u00bb1\/5&#8243;][vc_column_text css=\u00bb\u00bb]<\/p>\n<h1 style=\"text-align: right;\">KORA shop<\/h1>\n<p>[\/vc_column_text][\/vc_column][vc_column width=\u00bb4\/5&#8243;][vc_row_inner row_type=\u00bbrow\u00bb type=\u00bbfull_width\u00bb text_align=\u00bbleft\u00bb css_animation=\u00bb\u00bb][vc_column_inner offset=\u00bbvc_hidden-xs\u00bb][vc_empty_space height=\u00bb50&#8243;][\/vc_column_inner][\/vc_row_inner][vc_separator type=\u00bbsmall\u00bb position=\u00bbcenter\u00bb color=\u00bb#000000&#8243; thickness=\u00bb1&#8243; width=\u00bb1500&#8243;][vc_column_text css=\u00bb\u00bb]<\/p>\n<h2 style=\"text-align: right;\">KORAkats<\/h2>\n<p>[\/vc_column_text][vc_empty_space height=\u00bb5&#8243;][vc_column_text css=\u00bb\u00bb]<\/p>\n<p style=\"text-align: right;\"><em>\u2018Descubre la colecci\u00f3n m\u00e1s felina, libre e irresistiblemente KOKORA\u2019<\/em><\/p>\n<p>[\/vc_column_text][vc_row_inner row_type=\u00bbrow\u00bb type=\u00bbfull_width\u00bb text_align=\u00bbleft\u00bb css_animation=\u00bb\u00bb][vc_column_inner offset=\u00bbvc_hidden-xs\u00bb][vc_empty_space height=\u00bb100&#8243;][\/vc_column_inner][\/vc_row_inner][vc_row_inner row_type=\u00bbrow\u00bb type=\u00bbfull_width\u00bb text_align=\u00bbleft\u00bb css_animation=\u00bb\u00bb][vc_column_inner offset=\u00bbvc_hidden-lg vc_hidden-md vc_hidden-sm\u00bb][vc_empty_space height=\u00bb50&#8243;][\/vc_column_inner][\/vc_row_inner][vc_row_inner row_type=\u00bbrow\u00bb type=\u00bbfull_width\u00bb text_align=\u00bbleft\u00bb css_animation=\u00bb\u00bb][vc_column_inner width=\u00bb1\/2&#8243;][vc_column_text css=\u00bb\u00bb]Aqu\u00ed los gatos cobran vida entre pinceladas de oro, trazos \u00e1giles y miradas irresistibles. KORAkats es una colecci\u00f3n que combina arte, humor y elegancia felina, pensada para quienes adoran los detalles que tienen alma.<\/p>\n<p>&nbsp;<\/p>\n<p>Cada pieza es \u00fanica: bolsas de pan que desfilan con estilo, almohadas con personalidad propia y sudaderas que ronronean creatividad.[\/vc_column_text][\/vc_column_inner][vc_column_inner width=\u00bb1\/2&#8243;][vc_column_text css=\u00bb\u00bb]Pintadas a mano y con ese toque dorado que define KOKORA, son creaciones que convierten lo cotidiano en una peque\u00f1a obra de arte.<\/p>\n<p>&nbsp;<\/p>\n<p>D\u00e9jate seducir por su encanto felino y a\u00f1ade un punto de actitud y ternura a tu d\u00eda a d\u00eda.[\/vc_column_text][\/vc_column_inner][\/vc_row_inner][vc_empty_space height=\u00bb50&#8243;]<div class=\"woocommerce columns-4 \"><ul class=\"products\">\n<li class=\"product type-product post-15911 status-publish first instock product_cat-korakats has-post-thumbnail taxable shipping-taxable purchasable product-type-simple\">\n\t\n\t\t\n    <div class=\"top-product-section\">\n\n        <a itemprop=\"url\" href=\"https:\/\/www.kokora.cat\/producte\/bossa-de-pa-anko\/\" class=\"product-category\">\n            <span class=\"image-wrapper\">\n            <img loading=\"lazy\" decoding=\"async\" width=\"400\" height=\"400\" src=\"https:\/\/www.kokora.cat\/wp-content\/uploads\/2025\/11\/KORAkats-boassa-de-pa-anko-04-400x400.jpg\" class=\"attachment-woocommerce_thumbnail size-woocommerce_thumbnail\" alt=\"KORAkats\" srcset=\"https:\/\/www.kokora.cat\/wp-content\/uploads\/2025\/11\/KORAkats-boassa-de-pa-anko-04-400x400.jpg 400w, https:\/\/www.kokora.cat\/wp-content\/uploads\/2025\/11\/KORAkats-boassa-de-pa-anko-04-300x300.jpg 300w, https:\/\/www.kokora.cat\/wp-content\/uploads\/2025\/11\/KORAkats-boassa-de-pa-anko-04-1024x1024.jpg 1024w, https:\/\/www.kokora.cat\/wp-content\/uploads\/2025\/11\/KORAkats-boassa-de-pa-anko-04-150x150.jpg 150w, https:\/\/www.kokora.cat\/wp-content\/uploads\/2025\/11\/KORAkats-boassa-de-pa-anko-04-768x768.jpg 768w, https:\/\/www.kokora.cat\/wp-content\/uploads\/2025\/11\/KORAkats-boassa-de-pa-anko-04-570x570.jpg 570w, https:\/\/www.kokora.cat\/wp-content\/uploads\/2025\/11\/KORAkats-boassa-de-pa-anko-04-500x500.jpg 500w, https:\/\/www.kokora.cat\/wp-content\/uploads\/2025\/11\/KORAkats-boassa-de-pa-anko-04-1000x1000.jpg 1000w, https:\/\/www.kokora.cat\/wp-content\/uploads\/2025\/11\/KORAkats-boassa-de-pa-anko-04-700x700.jpg 700w, https:\/\/www.kokora.cat\/wp-content\/uploads\/2025\/11\/KORAkats-boassa-de-pa-anko-04-600x600.jpg 600w, https:\/\/www.kokora.cat\/wp-content\/uploads\/2025\/11\/KORAkats-boassa-de-pa-anko-04-100x100.jpg 100w, https:\/\/www.kokora.cat\/wp-content\/uploads\/2025\/11\/KORAkats-boassa-de-pa-anko-04.jpg 1200w\" sizes=\"auto, (max-width: 400px) 100vw, 400px\" \/>            <\/span>\n        <\/a>\n\n\t\t<span class=\"add-to-cart-button-outer\"><span class=\"add-to-cart-button-inner\"><a href=\"\/es\/wp-json\/wp\/v2\/pages\/17183?add-to-cart=15911\" aria-describedby=\"woocommerce_loop_add_to_cart_link_describedby_15911\" data-quantity=\"1\" class=\"button product_type_simple add_to_cart_button ajax_add_to_cart qbutton add-to-cart-button\" data-product_id=\"15911\" data-product_sku=\"\" aria-label=\"A\u00f1adir al carrito: &ldquo;Bossa de pa Anko&rdquo;\" rel=\"nofollow\" data-success_message=\"\u00abBossa de pa Anko\u00bb se ha a\u00f1adido a tu carrito\" role=\"button\">A\u00f1adir al carrito<\/a><\/span><\/span>\t<span id=\"woocommerce_loop_add_to_cart_link_describedby_15911\" class=\"screen-reader-text\">\n\t\t\t<\/span>\n\n    <\/div>\n        <a itemprop=\"url\" href=\"https:\/\/www.kokora.cat\/producte\/bossa-de-pa-anko\/\" class=\"product-category product-info\">\n        <h6 itemprop=\"name\">Bossa de pa Anko<\/h6>\n\t    \n\t    \n        \n\t<span class=\"price\"><span class=\"woocommerce-Price-amount amount\"><bdi>25,00&nbsp;<span class=\"woocommerce-Price-currencySymbol\">&euro;<\/span><\/bdi><\/span><\/span>\n    <\/a>\n    <\/li>\n<li class=\"product type-product post-16354 status-publish instock product_cat-korakats has-post-thumbnail taxable shipping-taxable purchasable product-type-simple\">\n\t\n\t\t\n    <div class=\"top-product-section\">\n\n        <a itemprop=\"url\" href=\"https:\/\/www.kokora.cat\/producte\/bossa-de-pa-peter\/\" class=\"product-category\">\n            <span class=\"image-wrapper\">\n            <img loading=\"lazy\" decoding=\"async\" width=\"400\" height=\"400\" src=\"https:\/\/www.kokora.cat\/wp-content\/uploads\/2025\/11\/KORAkats-boassa-de-pa-peter-04-400x400.jpg\" class=\"attachment-woocommerce_thumbnail size-woocommerce_thumbnail\" alt=\"KORAkats\" srcset=\"https:\/\/www.kokora.cat\/wp-content\/uploads\/2025\/11\/KORAkats-boassa-de-pa-peter-04-400x400.jpg 400w, https:\/\/www.kokora.cat\/wp-content\/uploads\/2025\/11\/KORAkats-boassa-de-pa-peter-04-300x300.jpg 300w, https:\/\/www.kokora.cat\/wp-content\/uploads\/2025\/11\/KORAkats-boassa-de-pa-peter-04-1024x1024.jpg 1024w, https:\/\/www.kokora.cat\/wp-content\/uploads\/2025\/11\/KORAkats-boassa-de-pa-peter-04-150x150.jpg 150w, https:\/\/www.kokora.cat\/wp-content\/uploads\/2025\/11\/KORAkats-boassa-de-pa-peter-04-768x768.jpg 768w, https:\/\/www.kokora.cat\/wp-content\/uploads\/2025\/11\/KORAkats-boassa-de-pa-peter-04-570x570.jpg 570w, https:\/\/www.kokora.cat\/wp-content\/uploads\/2025\/11\/KORAkats-boassa-de-pa-peter-04-500x500.jpg 500w, https:\/\/www.kokora.cat\/wp-content\/uploads\/2025\/11\/KORAkats-boassa-de-pa-peter-04-1000x1000.jpg 1000w, https:\/\/www.kokora.cat\/wp-content\/uploads\/2025\/11\/KORAkats-boassa-de-pa-peter-04-700x700.jpg 700w, https:\/\/www.kokora.cat\/wp-content\/uploads\/2025\/11\/KORAkats-boassa-de-pa-peter-04-600x600.jpg 600w, https:\/\/www.kokora.cat\/wp-content\/uploads\/2025\/11\/KORAkats-boassa-de-pa-peter-04-100x100.jpg 100w, https:\/\/www.kokora.cat\/wp-content\/uploads\/2025\/11\/KORAkats-boassa-de-pa-peter-04.jpg 1200w\" sizes=\"auto, (max-width: 400px) 100vw, 400px\" \/>            <\/span>\n        <\/a>\n\n\t\t<span class=\"add-to-cart-button-outer\"><span class=\"add-to-cart-button-inner\"><a href=\"\/es\/wp-json\/wp\/v2\/pages\/17183?add-to-cart=16354\" aria-describedby=\"woocommerce_loop_add_to_cart_link_describedby_16354\" data-quantity=\"1\" class=\"button product_type_simple add_to_cart_button ajax_add_to_cart qbutton add-to-cart-button\" data-product_id=\"16354\" data-product_sku=\"\" aria-label=\"A\u00f1adir al carrito: &ldquo;Bossa de pa Peter&rdquo;\" rel=\"nofollow\" data-success_message=\"\u00abBossa de pa Peter\u00bb se ha a\u00f1adido a tu carrito\" role=\"button\">A\u00f1adir al carrito<\/a><\/span><\/span>\t<span id=\"woocommerce_loop_add_to_cart_link_describedby_16354\" class=\"screen-reader-text\">\n\t\t\t<\/span>\n\n    <\/div>\n        <a itemprop=\"url\" href=\"https:\/\/www.kokora.cat\/producte\/bossa-de-pa-peter\/\" class=\"product-category product-info\">\n        <h6 itemprop=\"name\">Bossa de pa Peter<\/h6>\n\t    \n\t    \n        \n\t<span class=\"price\"><span class=\"woocommerce-Price-amount amount\"><bdi>25,00&nbsp;<span class=\"woocommerce-Price-currencySymbol\">&euro;<\/span><\/bdi><\/span><\/span>\n    <\/a>\n    <\/li><\/ul>\n<\/div>[\/vc_column][\/vc_row][vc_row css_animation=\u00bb\u00bb row_type=\u00bbrow\u00bb use_row_as_full_screen_section=\u00bbno\u00bb type=\u00bbgrid\u00bb angled_section=\u00bbno\u00bb text_align=\u00bbleft\u00bb background_image_as_pattern=\u00bbwithout_pattern\u00bb z_index=\u00bb\u00bb][vc_column][vc_empty_space height=\u00bb75&#8243;][\/vc_column][\/vc_row]<\/p>\n<\/div>","protected":false},"excerpt":{"rendered":"<p>[vc_row css_animation=\u00bb\u00bb row_type=\u00bbrow\u00bb use_row_as_full_screen_section=\u00bbno\u00bb type=\u00bbgrid\u00bb angled_section=\u00bbno\u00bb text_align=\u00bbleft\u00bb background_image_as_pattern=\u00bbwithout_pattern\u00bb z_index=\u00bb\u00bb][vc_column offset=\u00bbvc_hidden-xs\u00bb][vc_column_text css=\u00bb\u00bb]INICIO \/\/ KORASHOP \/\/ KORAkats[\/vc_column_text][vc_empty_space height=\u00bb100&#8243;][\/vc_column][\/vc_row][vc_row css_animation=\u00bb\u00bb row_type=\u00bbrow\u00bb use_row_as_full_screen_section=\u00bbno\u00bb type=\u00bbgrid\u00bb angled_section=\u00bbno\u00bb text_align=\u00bbleft\u00bb background_image_as_pattern=\u00bbwithout_pattern\u00bb z_index=\u00bb\u00bb][vc_column offset=\u00bbvc_hidden-lg vc_hidden-md vc_hidden-sm\u00bb][vc_column_text css=\u00bb\u00bb] INICIO \/\/ KORASHOP \/\/ KORAkats [\/vc_column_text][vc_empty_space height=\u00bb75&#8243;][\/vc_column][\/vc_row][vc_row css_animation=\u00bb\u00bb row_type=\u00bbrow\u00bb use_row_as_full_screen_section=\u00bbno\u00bb type=\u00bbgrid\u00bb angled_section=\u00bbno\u00bb text_align=\u00bbleft\u00bb background_image_as_pattern=\u00bbwithout_pattern\u00bb z_index=\u00bb\u00bb anchor=\u00bbinici\u00bb][vc_column width=\u00bb1\/5&#8243;][vc_column_text&hellip; <a class=\"continue\" href=\"https:\/\/www.kokora.cat\/producte\/bossa-de-pa-peter\/\">CONTINUAR >><span> Bossa de pa Peter<\/span><\/a><\/p>\n","protected":false},"author":1,"featured_media":0,"parent":17153,"menu_order":0,"comment_status":"open","ping_status":"open","template":"full_width.php","meta":{"_joinchat":[],"footnotes":""},"class_list":["post-17183","page","type-page","status-publish","hentry"],"_links":{"self":[{"href":"https:\/\/www.kokora.cat\/es\/wp-json\/wp\/v2\/pages\/17183","targetHints":{"allow":["GET"]}}],"collection":[{"href":"https:\/\/www.kokora.cat\/es\/wp-json\/wp\/v2\/pages"}],"about":[{"href":"https:\/\/www.kokora.cat\/es\/wp-json\/wp\/v2\/types\/page"}],"author":[{"embeddable":true,"href":"https:\/\/www.kokora.cat\/es\/wp-json\/wp\/v2\/users\/1"}],"replies":[{"embeddable":true,"href":"https:\/\/www.kokora.cat\/es\/wp-json\/wp\/v2\/comments?post=17183"}],"version-history":[{"count":4,"href":"https:\/\/www.kokora.cat\/es\/wp-json\/wp\/v2\/pages\/17183\/revisions"}],"predecessor-version":[{"id":17326,"href":"https:\/\/www.kokora.cat\/es\/wp-json\/wp\/v2\/pages\/17183\/revisions\/17326"}],"up":[{"embeddable":true,"href":"https:\/\/www.kokora.cat\/es\/wp-json\/wp\/v2\/pages\/17153"}],"wp:attachment":[{"href":"https:\/\/www.kokora.cat\/es\/wp-json\/wp\/v2\/media?parent=17183"}],"curies":[{"name":"wp","href":"https:\/\/api.w.org\/{rel}","templated":true}]}}