{"id":17153,"date":"2025-10-24T16:03:11","date_gmt":"2025-10-24T14:03:11","guid":{"rendered":"https:\/\/www.kokora.cat\/?page_id=17153"},"modified":"2025-12-29T14:18:40","modified_gmt":"2025-12-29T12:18:40","slug":"korashop","status":"publish","type":"page","link":"https:\/\/www.kokora.cat\/es\/korashop\/","title":{"rendered":"KORAshop"},"content":{"rendered":"<div class=\"wpb-content-wrapper\"><p>[vc_row css_animation=\u00bb\u00bb row_type=\u00bbrow\u00bb use_row_as_full_screen_section=\u00bbno\u00bb type=\u00bbgrid\u00bb angled_section=\u00bbno\u00bb text_align=\u00bbleft\u00bb background_image_as_pattern=\u00bbwithout_pattern\u00bb z_index=\u00bb\u00bb][vc_column offset=\u00bbvc_hidden-xs\u00bb][vc_column_text css=\u00bb\u00bb]<small><a href=\"\/es\">INICIO<\/a> \/\/ KORASHOP<\/small>[\/vc_column_text][vc_empty_space height=\u00bb75&#8243;][\/vc_column][\/vc_row][vc_row css_animation=\u00bb\u00bb row_type=\u00bbrow\u00bb use_row_as_full_screen_section=\u00bbno\u00bb type=\u00bbgrid\u00bb angled_section=\u00bbno\u00bb text_align=\u00bbleft\u00bb background_image_as_pattern=\u00bbwithout_pattern\u00bb z_index=\u00bb\u00bb][vc_column offset=\u00bbvc_hidden-lg vc_hidden-md vc_hidden-sm\u00bb][vc_column_text css=\u00bb\u00bb]<\/p>\n<p style=\"text-align: center;\"><small><a href=\"\/es\">INICIO<\/a> \/\/ KORASHOP<\/small><\/p>\n<p>[\/vc_column_text][vc_empty_space height=\u00bb75&#8243;][\/vc_column][\/vc_row][vc_row css_animation=\u00bb\u00bb row_type=\u00bbrow\u00bb use_row_as_full_screen_section=\u00bbno\u00bb type=\u00bbgrid\u00bb angled_section=\u00bbno\u00bb text_align=\u00bbleft\u00bb background_image_as_pattern=\u00bbwithout_pattern\u00bb z_index=\u00bb\u00bb anchor=\u00bbinici\u00bb][vc_column width=\u00bb1\/5&#8243;][vc_column_text css=\u00bb\u00bb]<\/p>\n<h1 style=\"text-align: right;\">KORA shop<\/h1>\n<p>[\/vc_column_text][\/vc_column][vc_column width=\u00bb4\/5&#8243;][vc_empty_space height=\u00bb50&#8243; el_class=\u00bbhidden-mobile\u00bb][vc_separator type=\u00bbsmall\u00bb position=\u00bbcenter\u00bb color=\u00bb#000000&#8243; thickness=\u00bb1&#8243; width=\u00bb1500&#8243;][vc_column_text css=\u00bb\u00bb]<\/p>\n<h2 style=\"text-align: right;\">kokora.cat<\/h2>\n<p>[\/vc_column_text][vc_row_inner row_type=\u00bbrow\u00bb type=\u00bbfull_width\u00bb text_align=\u00bbleft\u00bb css_animation=\u00bb\u00bb][vc_column_inner offset=\u00bbvc_hidden-xs\u00bb][vc_empty_space height=\u00bb100&#8243;][\/vc_column_inner][\/vc_row_inner][vc_row_inner row_type=\u00bbrow\u00bb type=\u00bbfull_width\u00bb text_align=\u00bbleft\u00bb css_animation=\u00bb\u00bb][vc_column_inner offset=\u00bbvc_hidden-lg vc_hidden-md vc_hidden-sm\u00bb][vc_empty_space height=\u00bb50&#8243;][\/vc_column_inner][\/vc_row_inner][vc_row_inner row_type=\u00bbrow\u00bb type=\u00bbfull_width\u00bb text_align=\u00bbleft\u00bb css_animation=\u00bb\u00bb][vc_column_inner width=\u00bb1\/2&#8243;][vc_column_text css=\u00bb\u00bb]Bienvenidos a Kokora, un espacio en el que la creatividad y la artesan\u00eda se encuentran en cada pieza. Aqu\u00ed, cada objeto tiene alma: pa\u00f1os de cocina, almohadas, mantel, delantales y caminos de mesa, todos confeccionados con cuidado y dedicaci\u00f3n. Nuestras creaciones est\u00e1n hechas a mano, con tejidos org\u00e1nicos y t\u00e9cnicas de estampaci\u00f3n que hacen que cada prenda sea \u00fanica y especial. En Kokora no s\u00f3lo vendemos productos: compartimos una visi\u00f3n, sensibilidad y amor por el detalle.[\/vc_column_text][vc_empty_space height=\u00bb10&#8243;][\/vc_column_inner][vc_column_inner width=\u00bb1\/2&#8243;][vc_column_text css=\u00bb\u00bb]Adem\u00e1s, ofrecemos encargos personalizados para que puedas dar vida a ideas \u00fanicas -ya sea por regalo, decoraci\u00f3n o proyecto profesional. Tambi\u00e9n organizamos talleres de estampaci\u00f3n en los que puedes aprender a transformar ropa y papel con tus propias manos. Si buscas un detalle con valor sentimental o quieres darle un toque personal a tu hogar, aqu\u00ed encontrar\u00e1s inspiraci\u00f3n y calidad en cada hilo.[\/vc_column_text][\/vc_column_inner][\/vc_row_inner][\/vc_column][\/vc_row][vc_row css_animation=\u00bb\u00bb row_type=\u00bbrow\u00bb use_row_as_full_screen_section=\u00bbno\u00bb type=\u00bbgrid\u00bb angled_section=\u00bbno\u00bb text_align=\u00bbleft\u00bb background_image_as_pattern=\u00bbwithout_pattern\u00bb z_index=\u00bb\u00bb][vc_column][vc_empty_space height=\u00bb50&#8243;][\/vc_column][\/vc_row][vc_row css_animation=\u00bb\u00bb row_type=\u00bbrow\u00bb use_row_as_full_screen_section=\u00bbno\u00bb type=\u00bbfull_width\u00bb angled_section=\u00bbno\u00bb text_align=\u00bbleft\u00bb background_image_as_pattern=\u00bbwithout_pattern\u00bb anchor=\u00bbgallery\u00bb][vc_column offset=\u00bbvc_hidden-xs\u00bb][vc_row_inner row_type=\u00bbrow\u00bb type=\u00bbfull_width\u00bb text_align=\u00bbleft\u00bb css_animation=\u00bb\u00bb el_class=\u00bbno-gutters-row\u00bb][vc_column_inner width=\u00bb1\/4&#8243;]<div class=\"image_hover \" data-transition-delay=\"\"><div class=\"images_holder\"><a itemprop=\"url\" href=\"\/es\/korashop\/korahome\/\" target=\"_self\"><img decoding=\"async\" itemprop=\"image\" class=\"active_image \" src=\"https:\/\/www.kokora.cat\/wp-content\/uploads\/2025\/11\/KORAhome.jpg\" alt=\"KORAhome\" style=\"\" \/><img decoding=\"async\" itemprop=\"image\" class=\"hover_image\" src=\"https:\/\/www.kokora.cat\/wp-content\/uploads\/2025\/12\/KORAhome-activat.jpg\" alt=\"KORAhome\" style=\"\" \/><\/a><\/div><\/div>[\/vc_column_inner][vc_column_inner width=\u00bb1\/4&#8243;]<div class=\"image_hover \" data-transition-delay=\"\"><div class=\"images_holder\"><a itemprop=\"url\" href=\"\/es\/korashop\/korajewelry\/\" target=\"_self\"><img decoding=\"async\" itemprop=\"image\" class=\"active_image \" src=\"https:\/\/www.kokora.cat\/wp-content\/uploads\/2025\/11\/KORAjewelry1.jpg\" alt=\"KORAjewelry\" style=\"\" \/><img decoding=\"async\" itemprop=\"image\" class=\"hover_image\" src=\"https:\/\/www.kokora.cat\/wp-content\/uploads\/2025\/12\/KORAjewelry1-activat.jpg\" alt=\"KORAjewelry\" style=\"\" \/><\/a><\/div><\/div>[\/vc_column_inner][vc_column_inner width=\u00bb1\/4&#8243;]<div class=\"image_hover \" data-transition-delay=\"\"><div class=\"images_holder\"><a itemprop=\"url\" href=\"\/es\/korashop\/koracomplements\/\" target=\"_self\"><img decoding=\"async\" itemprop=\"image\" class=\"active_image \" src=\"https:\/\/www.kokora.cat\/wp-content\/uploads\/2025\/11\/KORAcomplements.jpg\" alt=\"KORAcomplements\" style=\"\" \/><img decoding=\"async\" itemprop=\"image\" class=\"hover_image\" src=\"https:\/\/www.kokora.cat\/wp-content\/uploads\/2025\/12\/KORAcomplements-activat.jpg\" alt=\"KORAcomplements\" style=\"\" \/><\/a><\/div><\/div>[\/vc_column_inner][vc_column_inner width=\u00bb1\/4&#8243;]<div class=\"image_hover \" data-transition-delay=\"\"><div class=\"images_holder\"><a itemprop=\"url\" href=\"\/es\/korashop\/korabags\/\" target=\"_self\"><img decoding=\"async\" itemprop=\"image\" class=\"active_image \" src=\"https:\/\/www.kokora.cat\/wp-content\/uploads\/2025\/11\/KORAbags.jpg\" alt=\"KORAbags\" style=\"\" \/><img decoding=\"async\" itemprop=\"image\" class=\"hover_image\" src=\"https:\/\/www.kokora.cat\/wp-content\/uploads\/2025\/12\/KORAbags-activat.jpg\" alt=\"KORAbags\" style=\"\" \/><\/a><\/div><\/div>[\/vc_column_inner][\/vc_row_inner][vc_row_inner row_type=\u00bbrow\u00bb type=\u00bbfull_width\u00bb text_align=\u00bbleft\u00bb css_animation=\u00bb\u00bb el_class=\u00bbno-gutters-row\u00bb][vc_column_inner width=\u00bb1\/4&#8243;]<div class=\"image_hover \" data-transition-delay=\"\"><div class=\"images_holder\"><a itemprop=\"url\" href=\"\/es\/korashop\/korakats\/\" target=\"_self\"><img decoding=\"async\" itemprop=\"image\" class=\"active_image \" src=\"https:\/\/www.kokora.cat\/wp-content\/uploads\/2025\/11\/KORAkats.jpg\" alt=\"KORAkats\" style=\"\" \/><img decoding=\"async\" itemprop=\"image\" class=\"hover_image\" src=\"https:\/\/www.kokora.cat\/wp-content\/uploads\/2025\/12\/KORAkats-activat.jpg\" alt=\"KORAkats\" style=\"\" \/><\/a><\/div><\/div>[\/vc_column_inner][vc_column_inner width=\u00bb1\/4&#8243;]<div class=\"image_hover \" data-transition-delay=\"\"><div class=\"images_holder\"><a itemprop=\"url\" href=\"\/es\/korashop\/korasilk\/\" target=\"_self\"><img decoding=\"async\" itemprop=\"image\" class=\"active_image \" src=\"https:\/\/www.kokora.cat\/wp-content\/uploads\/2025\/11\/KORAsilk.jpg\" alt=\"KORAsilk\" style=\"\" \/><img decoding=\"async\" itemprop=\"image\" class=\"hover_image\" src=\"https:\/\/www.kokora.cat\/wp-content\/uploads\/2025\/12\/KORAsilk-activat.jpg\" alt=\"KORAsilk\" style=\"\" \/><\/a><\/div><\/div>[\/vc_column_inner][vc_column_inner width=\u00bb1\/4&#8243;]<div class=\"image_hover \" data-transition-delay=\"\"><div class=\"images_holder\"><a itemprop=\"url\" href=\"\/es\/korashop\/korapacks\/\" target=\"_self\"><img decoding=\"async\" itemprop=\"image\" class=\"active_image \" src=\"https:\/\/www.kokora.cat\/wp-content\/uploads\/2025\/11\/KORApacks.jpg\" alt=\"KORApacks\" style=\"\" \/><img decoding=\"async\" itemprop=\"image\" class=\"hover_image\" src=\"https:\/\/www.kokora.cat\/wp-content\/uploads\/2025\/12\/KORApacks-activat.jpg\" alt=\"KORApacks\" style=\"\" \/><\/a><\/div><\/div>[\/vc_column_inner][vc_column_inner width=\u00bb1\/4&#8243;]<div class=\"image_hover \" data-transition-delay=\"\"><div class=\"images_holder\"><a itemprop=\"url\" href=\"\/es\/korashop\/korastamp\/\" target=\"_self\"><img decoding=\"async\" itemprop=\"image\" class=\"active_image \" src=\"https:\/\/www.kokora.cat\/wp-content\/uploads\/2025\/11\/KORAstamp.jpg\" alt=\"KORAstamp\" style=\"\" \/><img decoding=\"async\" itemprop=\"image\" class=\"hover_image\" src=\"https:\/\/www.kokora.cat\/wp-content\/uploads\/2025\/12\/KORAstamp-activat.jpg\" alt=\"KORAstamp\" style=\"\" \/><\/a><\/div><\/div>[\/vc_column_inner][\/vc_row_inner][vc_row_inner row_type=\u00bbrow\u00bb type=\u00bbfull_width\u00bb text_align=\u00bbleft\u00bb css_animation=\u00bb\u00bb el_class=\u00bbno-gutters-row\u00bb][vc_column_inner width=\u00bb1\/4&#8243;]<div class=\"image_hover \" data-transition-delay=\"\"><div class=\"images_holder\"><a itemprop=\"url\" href=\"\/es\/korashop\/yourkora\/\" target=\"_self\"><img decoding=\"async\" itemprop=\"image\" class=\"active_image \" src=\"https:\/\/www.kokora.cat\/wp-content\/uploads\/2025\/11\/yourKORA.jpg\" alt=\"youKORA\" style=\"\" \/><img decoding=\"async\" itemprop=\"image\" class=\"hover_image\" src=\"https:\/\/www.kokora.cat\/wp-content\/uploads\/2025\/12\/KORAyourKORA-activat.jpg\" alt=\"yourKORA\" style=\"\" \/><\/a><\/div><\/div>[\/vc_column_inner][vc_column_inner width=\u00bb1\/4&#8243;]<div class=\"image_hover \" data-transition-delay=\"\"><div class=\"images_holder\"><img decoding=\"async\" itemprop=\"image\" class=\"active_image \" src=\"https:\/\/www.kokora.cat\/wp-content\/uploads\/2025\/11\/KORAclothes.jpg\" alt=\"KORAclothes\" style=\"\" \/><img decoding=\"async\" itemprop=\"image\" class=\"hover_image\" src=\"https:\/\/www.kokora.cat\/wp-content\/uploads\/2025\/12\/KORAclothes-activat.jpg\" alt=\"KORAclothes\" style=\"\" \/><\/div><\/div>[\/vc_column_inner][vc_column_inner width=\u00bb1\/4&#8243;]<div class=\"image_hover \" data-transition-delay=\"\"><div class=\"images_holder\"><img decoding=\"async\" itemprop=\"image\" class=\"active_image \" src=\"https:\/\/www.kokora.cat\/wp-content\/uploads\/2025\/11\/KORA3D.jpg\" alt=\"KORA3D\" style=\"\" \/><img decoding=\"async\" itemprop=\"image\" class=\"hover_image\" src=\"https:\/\/www.kokora.cat\/wp-content\/uploads\/2025\/12\/KORA3D-activat.jpg\" alt=\"KORA3D\" style=\"\" \/><\/div><\/div>[\/vc_column_inner][vc_column_inner width=\u00bb1\/4&#8243;]<div class=\"image_hover \" data-transition-delay=\"\"><div class=\"images_holder\"><img decoding=\"async\" itemprop=\"image\" class=\"active_image \" src=\"https:\/\/www.kokora.cat\/wp-content\/uploads\/2025\/11\/KORAworkshops.jpg\" alt=\"KORAworkshops\" style=\"\" \/><img decoding=\"async\" itemprop=\"image\" class=\"hover_image\" src=\"https:\/\/www.kokora.cat\/wp-content\/uploads\/2025\/12\/KORAworkshops-activat.jpg\" alt=\"KORAworkshops\" style=\"\" \/><\/div><\/div>[\/vc_column_inner][\/vc_row_inner][\/vc_column][\/vc_row][vc_row css_animation=\u00bb\u00bb row_type=\u00bbrow\u00bb use_row_as_full_screen_section=\u00bbno\u00bb type=\u00bbfull_width\u00bb angled_section=\u00bbno\u00bb text_align=\u00bbleft\u00bb background_image_as_pattern=\u00bbwithout_pattern\u00bb anchor=\u00bbgallery\u00bb][vc_column offset=\u00bbvc_hidden-lg vc_hidden-md vc_hidden-sm\u00bb][vc_row_inner row_type=\u00bbrow\u00bb type=\u00bbfull_width\u00bb text_align=\u00bbleft\u00bb css_animation=\u00bb\u00bb el_class=\u00bbno-gutters-row\u00bb][vc_column_inner width=\u00bb1\/4&#8243;]<div class=\"image_hover \" data-transition-delay=\"\"><div class=\"images_holder\"><a itemprop=\"url\" href=\"\/es\/korashop\/korahome\/\" target=\"_self\"><img decoding=\"async\" itemprop=\"image\" class=\"active_image \" src=\"https:\/\/www.kokora.cat\/wp-content\/uploads\/2025\/12\/KORAhome-activat.jpg\" alt=\"KORAhome\" style=\"\" \/><img decoding=\"async\" itemprop=\"image\" class=\"hover_image\" src=\"https:\/\/www.kokora.cat\/wp-content\/uploads\/2025\/12\/KORAhome-activat.jpg\" alt=\"KORAhome\" style=\"\" \/><\/a><\/div><\/div>[\/vc_column_inner][vc_column_inner width=\u00bb1\/4&#8243;]<div class=\"image_hover \" data-transition-delay=\"\"><div class=\"images_holder\"><a itemprop=\"url\" href=\"\/es\/korashop\/korajewelry\/\" target=\"_self\"><img decoding=\"async\" itemprop=\"image\" class=\"active_image \" src=\"https:\/\/www.kokora.cat\/wp-content\/uploads\/2025\/12\/KORAjewelry1-activat.jpg\" alt=\"KORAjewelry\" style=\"\" \/><img decoding=\"async\" itemprop=\"image\" class=\"hover_image\" src=\"https:\/\/www.kokora.cat\/wp-content\/uploads\/2025\/12\/KORAjewelry1-activat.jpg\" alt=\"KORAjewelry\" style=\"\" \/><\/a><\/div><\/div>[\/vc_column_inner][vc_column_inner width=\u00bb1\/4&#8243;]<div class=\"image_hover \" data-transition-delay=\"\"><div class=\"images_holder\"><a itemprop=\"url\" href=\"\/es\/korashop\/koracomplements\/\" target=\"_self\"><img decoding=\"async\" itemprop=\"image\" class=\"active_image \" src=\"https:\/\/www.kokora.cat\/wp-content\/uploads\/2025\/12\/KORAcomplements-activat.jpg\" alt=\"KORAcomplements\" style=\"\" \/><img decoding=\"async\" itemprop=\"image\" class=\"hover_image\" src=\"https:\/\/www.kokora.cat\/wp-content\/uploads\/2025\/12\/KORAcomplements-activat.jpg\" alt=\"KORAcomplements\" style=\"\" \/><\/a><\/div><\/div>[\/vc_column_inner][vc_column_inner width=\u00bb1\/4&#8243;]<div class=\"image_hover \" data-transition-delay=\"\"><div class=\"images_holder\"><a itemprop=\"url\" href=\"\/es\/korashop\/korabags\/\" target=\"_self\"><img decoding=\"async\" itemprop=\"image\" class=\"active_image \" src=\"https:\/\/www.kokora.cat\/wp-content\/uploads\/2025\/12\/KORAbags-activat.jpg\" alt=\"KORAbags\" style=\"\" \/><img decoding=\"async\" itemprop=\"image\" class=\"hover_image\" src=\"https:\/\/www.kokora.cat\/wp-content\/uploads\/2025\/12\/KORAbags-activat.jpg\" alt=\"KORAbags\" style=\"\" \/><\/a><\/div><\/div>[\/vc_column_inner][\/vc_row_inner][vc_row_inner row_type=\u00bbrow\u00bb type=\u00bbfull_width\u00bb text_align=\u00bbleft\u00bb css_animation=\u00bb\u00bb el_class=\u00bbno-gutters-row\u00bb][vc_column_inner width=\u00bb1\/4&#8243;]<div class=\"image_hover \" data-transition-delay=\"\"><div class=\"images_holder\"><a itemprop=\"url\" href=\"\/es\/korashop\/korakats\/\" target=\"_self\"><img decoding=\"async\" itemprop=\"image\" class=\"active_image \" src=\"https:\/\/www.kokora.cat\/wp-content\/uploads\/2025\/12\/KORAkats-activat.jpg\" alt=\"KORAkats\" style=\"\" \/><img decoding=\"async\" itemprop=\"image\" class=\"hover_image\" src=\"https:\/\/www.kokora.cat\/wp-content\/uploads\/2025\/12\/KORAkats-activat.jpg\" alt=\"KORAkats\" style=\"\" \/><\/a><\/div><\/div>[\/vc_column_inner][vc_column_inner width=\u00bb1\/4&#8243;]<div class=\"image_hover \" data-transition-delay=\"\"><div class=\"images_holder\"><a itemprop=\"url\" href=\"\/es\/korashop\/korasilk\/\" target=\"_self\"><img decoding=\"async\" itemprop=\"image\" class=\"active_image \" src=\"https:\/\/www.kokora.cat\/wp-content\/uploads\/2025\/12\/KORAsilk-activat.jpg\" alt=\"KORAsilk\" style=\"\" \/><img decoding=\"async\" itemprop=\"image\" class=\"hover_image\" src=\"https:\/\/www.kokora.cat\/wp-content\/uploads\/2025\/12\/KORAsilk-activat.jpg\" alt=\"KORAsilk\" style=\"\" \/><\/a><\/div><\/div>[\/vc_column_inner][vc_column_inner width=\u00bb1\/4&#8243;]<div class=\"image_hover \" data-transition-delay=\"\"><div class=\"images_holder\"><a itemprop=\"url\" href=\"\/es\/korashop\/korapacks\/\" target=\"_self\"><img decoding=\"async\" itemprop=\"image\" class=\"active_image \" src=\"https:\/\/www.kokora.cat\/wp-content\/uploads\/2025\/12\/KORApacks-activat.jpg\" alt=\"KORApacks\" style=\"\" \/><img decoding=\"async\" itemprop=\"image\" class=\"hover_image\" src=\"https:\/\/www.kokora.cat\/wp-content\/uploads\/2025\/12\/KORApacks-activat.jpg\" alt=\"KORApacks\" style=\"\" \/><\/a><\/div><\/div>[\/vc_column_inner][vc_column_inner width=\u00bb1\/4&#8243;]<div class=\"image_hover \" data-transition-delay=\"\"><div class=\"images_holder\"><a itemprop=\"url\" href=\"\/es\/korashop\/korastamp\/\" target=\"_self\"><img decoding=\"async\" itemprop=\"image\" class=\"active_image \" src=\"https:\/\/www.kokora.cat\/wp-content\/uploads\/2025\/12\/KORAstamp-activat.jpg\" alt=\"KORAstamp\" style=\"\" \/><img decoding=\"async\" itemprop=\"image\" class=\"hover_image\" src=\"https:\/\/www.kokora.cat\/wp-content\/uploads\/2025\/12\/KORAstamp-activat.jpg\" alt=\"KORAstamp\" style=\"\" \/><\/a><\/div><\/div>[\/vc_column_inner][\/vc_row_inner][vc_row_inner row_type=\u00bbrow\u00bb type=\u00bbfull_width\u00bb text_align=\u00bbleft\u00bb css_animation=\u00bb\u00bb el_class=\u00bbno-gutters-row\u00bb][vc_column_inner width=\u00bb1\/4&#8243;]<div class=\"image_hover \" data-transition-delay=\"\"><div class=\"images_holder\"><a itemprop=\"url\" href=\"\/es\/korashop\/yourkora\/\" target=\"_self\"><img decoding=\"async\" itemprop=\"image\" class=\"active_image \" src=\"https:\/\/www.kokora.cat\/wp-content\/uploads\/2025\/12\/KORAyourKORA-activat.jpg\" alt=\"yourKORA\" style=\"\" \/><img decoding=\"async\" itemprop=\"image\" class=\"hover_image\" src=\"https:\/\/www.kokora.cat\/wp-content\/uploads\/2025\/12\/KORAyourKORA-activat.jpg\" alt=\"yourKORA\" style=\"\" \/><\/a><\/div><\/div>[\/vc_column_inner][vc_column_inner width=\u00bb1\/4&#8243;]<div class=\"image_hover \" data-transition-delay=\"\"><div class=\"images_holder\"><img decoding=\"async\" itemprop=\"image\" class=\"active_image \" src=\"https:\/\/www.kokora.cat\/wp-content\/uploads\/2025\/12\/KORAclothes-activat.jpg\" alt=\"KORAclothes\" style=\"\" \/><img decoding=\"async\" itemprop=\"image\" class=\"hover_image\" src=\"https:\/\/www.kokora.cat\/wp-content\/uploads\/2025\/12\/KORAclothes-activat.jpg\" alt=\"KORAclothes\" style=\"\" \/><\/div><\/div>[\/vc_column_inner][vc_column_inner width=\u00bb1\/4&#8243;]<div class=\"image_hover \" data-transition-delay=\"\"><div class=\"images_holder\"><img decoding=\"async\" itemprop=\"image\" class=\"active_image \" src=\"https:\/\/www.kokora.cat\/wp-content\/uploads\/2025\/12\/KORA3D-activat.jpg\" alt=\"KORA3D\" style=\"\" \/><img decoding=\"async\" itemprop=\"image\" class=\"hover_image\" src=\"https:\/\/www.kokora.cat\/wp-content\/uploads\/2025\/12\/KORA3D-activat.jpg\" alt=\"KORA3D\" style=\"\" \/><\/div><\/div>[\/vc_column_inner][vc_column_inner width=\u00bb1\/4&#8243;]<div class=\"image_hover \" data-transition-delay=\"\"><div class=\"images_holder\"><img decoding=\"async\" itemprop=\"image\" class=\"active_image \" src=\"https:\/\/www.kokora.cat\/wp-content\/uploads\/2025\/12\/KORAworkshops-activat.jpg\" alt=\"KORAworkshops\" style=\"\" \/><img decoding=\"async\" itemprop=\"image\" class=\"hover_image\" src=\"https:\/\/www.kokora.cat\/wp-content\/uploads\/2025\/12\/KORAworkshops-activat.jpg\" alt=\"KORAworkshops\" style=\"\" \/><\/div><\/div>[\/vc_column_inner][\/vc_row_inner][\/vc_column][\/vc_row][vc_row css_animation=\u00bb\u00bb row_type=\u00bbrow\u00bb use_row_as_full_screen_section=\u00bbno\u00bb type=\u00bbgrid\u00bb angled_section=\u00bbno\u00bb text_align=\u00bbleft\u00bb background_image_as_pattern=\u00bbwithout_pattern\u00bb z_index=\u00bb\u00bb][vc_column][vc_empty_space height=\u00bb50&#8243;][\/vc_column][\/vc_row]<\/p>\n<\/div>","protected":false},"excerpt":{"rendered":"<p>[vc_row css_animation=\u00bb\u00bb row_type=\u00bbrow\u00bb use_row_as_full_screen_section=\u00bbno\u00bb type=\u00bbgrid\u00bb angled_section=\u00bbno\u00bb text_align=\u00bbleft\u00bb background_image_as_pattern=\u00bbwithout_pattern\u00bb z_index=\u00bb\u00bb][vc_column offset=\u00bbvc_hidden-xs\u00bb][vc_column_text css=\u00bb\u00bb]INICIO \/\/ KORASHOP[\/vc_column_text][vc_empty_space height=\u00bb75&#8243;][\/vc_column][\/vc_row][vc_row css_animation=\u00bb\u00bb row_type=\u00bbrow\u00bb use_row_as_full_screen_section=\u00bbno\u00bb type=\u00bbgrid\u00bb angled_section=\u00bbno\u00bb text_align=\u00bbleft\u00bb background_image_as_pattern=\u00bbwithout_pattern\u00bb z_index=\u00bb\u00bb][vc_column offset=\u00bbvc_hidden-lg vc_hidden-md vc_hidden-sm\u00bb][vc_column_text css=\u00bb\u00bb] INICIO \/\/ KORASHOP [\/vc_column_text][vc_empty_space height=\u00bb75&#8243;][\/vc_column][\/vc_row][vc_row css_animation=\u00bb\u00bb row_type=\u00bbrow\u00bb use_row_as_full_screen_section=\u00bbno\u00bb type=\u00bbgrid\u00bb angled_section=\u00bbno\u00bb text_align=\u00bbleft\u00bb background_image_as_pattern=\u00bbwithout_pattern\u00bb z_index=\u00bb\u00bb anchor=\u00bbinici\u00bb][vc_column width=\u00bb1\/5&#8243;][vc_column_text css=\u00bb\u00bb] KORA shop [\/vc_column_text][\/vc_column][vc_column&hellip; <a class=\"continue\" href=\"https:\/\/www.kokora.cat\/es\/korashop\/\">CONTINUAR >><span> KORAshop<\/span><\/a><\/p>\n","protected":false},"author":1,"featured_media":0,"parent":0,"menu_order":0,"comment_status":"open","ping_status":"open","template":"full_width.php","meta":{"_joinchat":[],"footnotes":""},"class_list":["post-17153","page","type-page","status-publish","hentry"],"_links":{"self":[{"href":"https:\/\/www.kokora.cat\/es\/wp-json\/wp\/v2\/pages\/17153","targetHints":{"allow":["GET"]}}],"collection":[{"href":"https:\/\/www.kokora.cat\/es\/wp-json\/wp\/v2\/pages"}],"about":[{"href":"https:\/\/www.kokora.cat\/es\/wp-json\/wp\/v2\/types\/page"}],"author":[{"embeddable":true,"href":"https:\/\/www.kokora.cat\/es\/wp-json\/wp\/v2\/users\/1"}],"replies":[{"embeddable":true,"href":"https:\/\/www.kokora.cat\/es\/wp-json\/wp\/v2\/comments?post=17153"}],"version-history":[{"count":5,"href":"https:\/\/www.kokora.cat\/es\/wp-json\/wp\/v2\/pages\/17153\/revisions"}],"predecessor-version":[{"id":17317,"href":"https:\/\/www.kokora.cat\/es\/wp-json\/wp\/v2\/pages\/17153\/revisions\/17317"}],"wp:attachment":[{"href":"https:\/\/www.kokora.cat\/es\/wp-json\/wp\/v2\/media?parent=17153"}],"curies":[{"name":"wp","href":"https:\/\/api.w.org\/{rel}","templated":true}]}}